{"id":54,"date":"2021-02-19T20:01:11","date_gmt":"2021-02-19T20:01:11","guid":{"rendered":"https:\/\/pages.lip.pt\/rd51\/?page_id=54"},"modified":"2022-12-05T12:44:25","modified_gmt":"2022-12-05T12:44:25","slug":"funded-projects","status":"publish","type":"page","link":"https:\/\/pages.lip.pt\/rd51\/funded-projects\/","title":{"rendered":"Funded projects"},"content":{"rendered":"\n<p>The joint effort of the potuguese groups to contribute to the RD51 R&amp;D program has received financial support from the Portuguese CERN Fund administrated by FCT &#8211; Funda\u00e7\u00e3o para a Ci\u00eancia e Tecnologia (<a href=\"https:\/\/www.fct.pt\/\" data-type=\"URL\" data-id=\"https:\/\/www.fct.pt\/\">https:\/\/www.fct.pt\/<\/a>) . The most recent funded projects for participation in the RD51 Collaboration are<\/p>\n\n\n\n<p>CERN\/FIS-INS\/0025\/2017 (total funding 70k\u20ac) <\/p>\n\n\n\n<p>CERN\/FIS-INS\/0026\/2019 (total funding 70k\u20ac)<\/p>\n\n\n\n<p>CERN\/FIS-INS\/0013\/2021 (total funding 70k\u20ac)<\/p>\n\n\n\n<p><\/p>\n\n\n\n<figure class=\"wp-block-image size-large\"><a href=\"https:\/\/www.fct.pt\"><img decoding=\"async\" width=\"230\" height=\"85\" src=\"https:\/\/pages.lip.pt\/rd51\/wp-content\/uploads\/sites\/10\/2021\/02\/FCT_logo-1.jpg\" alt=\"\" class=\"wp-image-56\" \/><\/a><\/figure>\n","protected":false},"excerpt":{"rendered":"<p>The joint effort of the potuguese groups to contribute to the RD51 R&amp;D program has received financial support from the Portuguese CERN Fund administrated by FCT &#8211; Funda\u00e7\u00e3o para a Ci\u00eancia e Tecnologia (https:\/\/www.fct.pt\/) . The most recent funded projects for participation in the RD51 Collaboration are CERN\/FIS-INS\/0025\/2017 (total funding 70k\u20ac) CERN\/FIS-INS\/0026\/2019 (total funding 70k\u20ac) &hellip; <\/p>\n<p class=\"link-more\"><a href=\"https:\/\/pages.lip.pt\/rd51\/funded-projects\/\" class=\"more-link\">Continue reading<span class=\"screen-reader-text\"> &#8220;Funded projects&#8221;<\/span><\/a><\/p>\n","protected":false},"author":13,"featured_media":0,"parent":0,"menu_order":0,"comment_status":"closed","ping_status":"closed","template":"","meta":{"footnotes":""},"class_list":["post-54","page","type-page","status-publish","hentry"],"_links":{"self":[{"href":"https:\/\/pages.lip.pt\/rd51\/wp-json\/wp\/v2\/pages\/54","targetHints":{"allow":["GET"]}}],"collection":[{"href":"https:\/\/pages.lip.pt\/rd51\/wp-json\/wp\/v2\/pages"}],"about":[{"href":"https:\/\/pages.lip.pt\/rd51\/wp-json\/wp\/v2\/types\/page"}],"author":[{"embeddable":true,"href":"https:\/\/pages.lip.pt\/rd51\/wp-json\/wp\/v2\/users\/13"}],"replies":[{"embeddable":true,"href":"https:\/\/pages.lip.pt\/rd51\/wp-json\/wp\/v2\/comments?post=54"}],"version-history":[{"count":5,"href":"https:\/\/pages.lip.pt\/rd51\/wp-json\/wp\/v2\/pages\/54\/revisions"}],"predecessor-version":[{"id":122,"href":"https:\/\/pages.lip.pt\/rd51\/wp-json\/wp\/v2\/pages\/54\/revisions\/122"}],"wp:attachment":[{"href":"https:\/\/pages.lip.pt\/rd51\/wp-json\/wp\/v2\/media?parent=54"}],"curies":[{"name":"wp","href":"https:\/\/api.w.org\/{rel}","templated":true}]}}