{"id":45,"date":"2022-01-25T10:33:35","date_gmt":"2022-01-25T10:33:35","guid":{"rendered":"https:\/\/pages.lip.pt\/masterclasses\/?page_id=45"},"modified":"2026-02-17T11:40:58","modified_gmt":"2026-02-17T11:40:58","slug":"45-2","status":"publish","type":"page","link":"https:\/\/pages.lip.pt\/masterclasses\/","title":{"rendered":"&#8220;Vem descobrir o mundo dos Quarks e Lept\u00f5es com acontecimentos reais&#8221;."},"content":{"rendered":"\r\n<h2 id=\"pagina-internacional-das-masterclasses\" class=\"wp-block-heading has-text-color\" style=\"color: #c52f3a;\"><strong><a href=\"https:\/\/ippog.org\/imc-international-masterclasses\/\" target=\"_blank\" rel=\"noreferrer noopener\">P\u00e1gina internacional das Masterclasses<\/a><a href=\"http:\/\/www.physicsmasterclasses.org\" target=\"_blank\" rel=\"noreferrer noopener\"><br \/><\/a><\/strong><\/h2>\r\n\r\n\r\n\r\n<figure class=\"wp-block-gallery has-nested-images columns-default is-cropped wp-block-gallery-1 is-layout-flex wp-block-gallery-is-layout-flex\">\r\n<figure class=\"wp-block-image size-large\"><img fetchpriority=\"high\" decoding=\"async\" width=\"640\" height=\"480\" data-id=\"83\" class=\"wp-image-83\" src=\"https:\/\/pages.lip.pt\/masterclasses\/wp-content\/uploads\/sites\/17\/2022\/01\/fig2.jpg\" alt=\"\" srcset=\"https:\/\/pages.lip.pt\/masterclasses\/wp-content\/uploads\/sites\/17\/2022\/01\/fig2.jpg 640w, https:\/\/pages.lip.pt\/masterclasses\/wp-content\/uploads\/sites\/17\/2022\/01\/fig2-300x225.jpg 300w\" sizes=\"(max-width: 640px) 100vw, 640px\" \/><\/figure>\r\n\r\n\r\n\r\n<figure class=\"wp-block-image size-large\"><img decoding=\"async\" width=\"640\" height=\"427\" data-id=\"81\" class=\"wp-image-81\" src=\"https:\/\/pages.lip.pt\/masterclasses\/wp-content\/uploads\/sites\/17\/2022\/01\/fig4.jpg\" alt=\"\" srcset=\"https:\/\/pages.lip.pt\/masterclasses\/wp-content\/uploads\/sites\/17\/2022\/01\/fig4.jpg 640w, https:\/\/pages.lip.pt\/masterclasses\/wp-content\/uploads\/sites\/17\/2022\/01\/fig4-300x200.jpg 300w\" sizes=\"(max-width: 640px) 100vw, 640px\" \/><\/figure>\r\n\r\n\r\n\r\n<figure class=\"wp-block-image size-large\"><img decoding=\"async\" width=\"640\" height=\"480\" data-id=\"82\" class=\"wp-image-82\" src=\"https:\/\/pages.lip.pt\/masterclasses\/wp-content\/uploads\/sites\/17\/2022\/01\/fig3.jpg\" alt=\"\" srcset=\"https:\/\/pages.lip.pt\/masterclasses\/wp-content\/uploads\/sites\/17\/2022\/01\/fig3.jpg 640w, https:\/\/pages.lip.pt\/masterclasses\/wp-content\/uploads\/sites\/17\/2022\/01\/fig3-300x225.jpg 300w\" sizes=\"(max-width: 640px) 100vw, 640px\" \/><\/figure>\r\n<\/figure>\r\n\r\n\r\n\r\n<h2 id=\"calendario-das-masterclasses-2024-presenciais\" class=\"wp-block-heading has-text-color\" style=\"color: #c52f3a; line-height: 1.2;\">Calend\u00e1rio das <strong>Masterclasses<\/strong> <strong>2026<\/strong> <br \/><small>Inscri\u00e7\u00f5es por e-mail ou atrav\u00e9s da liga\u00e7\u00e3o fornecida(*).<\/small><\/h2>\r\n\r\n\r\n\r\n<p><img loading=\"lazy\" decoding=\"async\" class=\"alignnone size-medium wp-image-229\" src=\"https:\/\/pages.lip.pt\/masterclasses\/wp-content\/uploads\/sites\/17\/2026\/01\/40_PT_CERN_horizontal_positivo-300x97.png\" alt=\"\" width=\"300\" height=\"97\" srcset=\"https:\/\/pages.lip.pt\/masterclasses\/wp-content\/uploads\/sites\/17\/2026\/01\/40_PT_CERN_horizontal_positivo-300x97.png 300w, https:\/\/pages.lip.pt\/masterclasses\/wp-content\/uploads\/sites\/17\/2026\/01\/40_PT_CERN_horizontal_positivo-1024x331.png 1024w, https:\/\/pages.lip.pt\/masterclasses\/wp-content\/uploads\/sites\/17\/2026\/01\/40_PT_CERN_horizontal_positivo-768x248.png 768w, https:\/\/pages.lip.pt\/masterclasses\/wp-content\/uploads\/sites\/17\/2026\/01\/40_PT_CERN_horizontal_positivo-1536x496.png 1536w, https:\/\/pages.lip.pt\/masterclasses\/wp-content\/uploads\/sites\/17\/2026\/01\/40_PT_CERN_horizontal_positivo.png 1920w\" sizes=\"(max-width: 300px) 100vw, 300px\" \/><br \/>Todas as atividades celebram tamb\u00e9m os 40 anos do LIP e os 40 anos da ades\u00e3o de Portugal ao CERN.<\/p>\r\n<p><a href=\"http:\/\/www.facebook.com\/pt.lip\"><img loading=\"lazy\" decoding=\"async\" class=\"bn6k9b alignnone\" role=\"none\" src=\"https:\/\/cdn-icons-png.flaticon.com\/512\/59\/59439.png\" alt=\"\" width=\"18\" height=\"18\" aria-hidden=\"true\" data-ilt=\"1768925842225\" data-csiid=\"UK5vaaOHC5OikdUP-c-I2AI_1\" data-atf=\"1\" \/><\/a> <a href=\"https:\/\/www.instagram.com\/lip_particulas_e_tecnologia\/\"><img loading=\"lazy\" decoding=\"async\" class=\"sFlh5c FyHeAf iPVvYb\" src=\"https:\/\/cdn.freebiesupply.com\/images\/large\/2x\/instagram-logo-black-transparent.png\" alt=\"Instagram Logo PNG Transparent &amp; SVG Vector - Freebie Supply\" width=\"32\" height=\"24\" \/><\/a><a href=\"https:\/\/www.linkedin.com\/company\/lip\"><img loading=\"lazy\" decoding=\"async\" class=\"sFlh5c FyHeAf iPVvYb\" src=\"https:\/\/images.seeklogo.com\/logo-png\/37\/1\/linkedin-icon-logo-png_seeklogo-379483.png\" alt=\"LinkedIn icon Logo PNG Vector (SVG) Free Download\" width=\"24\" height=\"24\" \/><\/a>\u00a0 <a href=\"https:\/\/www.youtube.com\/channel\/UCWpLHoaAfDs2-eWEb1bv-PQ\"><img loading=\"lazy\" decoding=\"async\" class=\"sFlh5c FyHeAf iPVvYb\" src=\"https:\/\/cdn.freebiesupply.com\/logos\/large\/2x\/youtube-2-logo-black-and-white.png\" alt=\"YouTube Logo PNG Transparent &amp; SVG Vector - Freebie Supply\" width=\"60\" height=\"25\" \/><\/a><\/p>\r\n\r\n\r\n\r\n<h2 id=\"20-Fev\" class=\"wp-block-heading\"><strong>20 Fev<\/strong><\/h2>\r\n\r\n\r\n\r\n<p>Braga \u00a0&#8211; LIP e EC-UMinho \u00a0\u00a0<br \/><small><strong>&#8220;ATLAS Z with CERN&#8221;<\/strong><\/small><br \/><small>Raul Sarmento, <i>outreach{&#8211;at&#8211;}lip.pt (**)<\/i><\/small><br \/>Mais informa\u00e7\u00f5es e Inscri\u00e7\u00f5es em: <br \/><a href=\"https:\/\/www.ecum.uminho.pt\/pt\/Sociedade\/Paginas\/Masterclasses.aspx\" target=\"_blank\" rel=\"noreferrer noopener\">https:\/\/www.ecum.uminho.pt\/pt\/Sociedade\/Paginas\/Masterclasses.aspx<\/a><\/p>\r\n\r\n\r\n\r\n<h2 id=\"24-Fev\" class=\"wp-block-heading\"><strong>24 Fev<\/strong><\/h2>\r\n\r\n\r\n\r\n<p>Bragan\u00e7a \u00a0&#8211; \u00a0IPB<br \/><small><strong>&#8220;ATLAS W with CERN&#8221;<\/strong><\/small><br \/><small>Carla Veiga, <i>outreach{&#8211;at&#8211;}lip.pt (**)<\/i><\/small><br \/><em>Cancelada devido a v\u00e1rias circunst\u00e2ncias alheias ao IPB<\/em>.<\/p>\r\n\r\n\r\n\r\n<p>Ponta Delgada \u00a0&#8211; \u00a0Universidade dos A\u00e7ores<br \/><small><strong>&#8220;ATLAS W with CERN&#8221;<\/strong><\/small><br \/><small>Helena Cristina Vasconcelos, <i>outreach{&#8211;at&#8211;}lip.pt (**)<\/i><\/small><br \/>Inscri\u00e7\u00f5es por e-mail para helena.cs.vasconcelos@uac.pt.<br \/>Mais informa\u00e7\u00f5es em: <a href=\"https:\/\/indico.lip.pt\/e\/mc2026-pontadelgada\" target=\"_blank\" rel=\"noreferrer noopener\">https:\/\/indico.lip.pt\/e\/mc2026-PontaDelgada<\/a><\/p>\r\n\r\n\r\n\r\n<h2 id=\"25-Fev\" class=\"wp-block-heading\"><strong>25 Fev<\/strong><\/h2>\r\n\r\n\r\n\r\n<p>Vila Real \u00a0&#8211; \u00a0LIP e UTAD\u00a0\u00a0<br \/><small><strong>&#8220;ATLAS Z with CERN&#8221;<\/strong><\/small><br \/><small>Marco Naia, <i>outreach{&#8211;at&#8211;}lip.pt (**)<\/i><\/small><br \/>Inscri\u00e7\u00f5es por e-mail para duarte{&#8211;at&#8211;}utad.pt.<br \/>Mais informa\u00e7\u00f5es em: <a href=\"https:\/\/indico.lip.pt\/e\/mc2026-vilareal\" target=\"_blank\" rel=\"noreferrer noopener\">https:\/\/indico.lip.pt\/e\/mc2026-VilaReal<\/a><\/p>\r\n\r\n\r\n\r\n<h2 id=\"28-Fev\" class=\"wp-block-heading\"><strong>28 Fev<\/strong><\/h2>\r\n\r\n\r\n\r\n<p>Lisboa \u00a0&#8211; \u00a0LIP e IST \u00a0\u00a0<br \/><small><strong>&#8220;Pierre Auger Masterclasses&#8221;<\/strong><\/small><br \/><small>Pedro Abreu, <i>outreach{&#8211;at&#8211;}lip.pt (**)<\/i><\/small><br \/>Inscri\u00e7\u00f5es por e-mail para abreu{&#8211;at&#8211;}lip.pt.\u00a0<br \/>Mais informa\u00e7\u00f5es em: <a href=\"https:\/\/indico.lip.pt\/e\/mc2026-lisboa-ist-1\" target=\"_blank\" rel=\"noreferrer noopener\">https:\/\/indico.lip.pt\/e\/mc2026-lisboa-ist-1<\/a><\/p>\r\n\r\n\r\n\r\n<h2 id=\"7-Mar\" class=\"wp-block-heading\"><strong>4 Mar<\/strong><\/h2>\r\n<p>\r\n\r\n<\/p>\r\n<p>Lisboa \u00a0&#8211; LIP e FCUL \u00a0\u00a0<br \/><small><strong>&#8220;Prototerapia&#8221;<\/strong><\/small><br \/><small>Daniel Galaviz, Jorge Sampaio, <i>outreach{&#8211;at&#8211;}lip.pt (**)<\/i><\/small><br \/>Mais informa\u00e7\u00f5es e Inscri\u00e7\u00f5es em: <a href=\"https:\/\/indico.lip.pt\/e\/mc2026-lisboa-fcul\" target=\"_blank\" rel=\"noreferrer noopener\">https:\/\/indico.lip.pt\/e\/mc2026-lisboa-fcul<\/a><\/p>\r\n<p>\r\n\r\n<\/p>\r\n<h2 id=\"7-Mar\" class=\"wp-block-heading\"><strong>7 Mar<\/strong><\/h2>\r\n\r\n\r\n\r\n<p>Beja\u00a0 &#8211; LIP e ESTG\u2013IPBeja \u00a0\u00a0<br \/><small><strong>&#8220;Pierre Auger Masterclasses&#8221;<\/strong><\/small><br \/><small>Jo\u00e3o Paulo Barros, <i>outreach{&#8211;at&#8211;}lip.pt (**)<\/i><\/small><br \/>Mais informa\u00e7\u00f5es e inscri\u00e7\u00f5es em: <a href=\"https:\/\/indico.lip.pt\/e\/mc2026-Beja\" target=\"_blank\" rel=\"noreferrer noopener\">https:\/\/indico.lip.pt\/e\/mc2026-Beja<\/a><\/p>\r\n\r\n\r\n\r\n<p>\u00c9vora \u00a0&#8211; \u00a0ECT-U\u00c9vora \u00a0\u00a0<br \/><small><strong>&#8220;Pierre Auger Masterclasses&#8221;<\/strong><\/small><br \/><small>Alfred Stadler, <i>outreach{&#8211;at&#8211;}lip.pt (**)<\/i><\/small><br \/>Inscri\u00e7\u00f5es por e-mail para stadler{&#8211;at&#8211;}lip.pt.<br \/>Mais informa\u00e7\u00f5es em: <a href=\"https:\/\/indico.lip.pt\/e\/mc2026-evora\" target=\"_blank\" rel=\"noreferrer noopener\">https:\/\/indico.lip.pt\/e\/mc2026-evora<\/a><\/p>\r\n\r\n\r\n\r\n<p>Funchal\u00a0 &#8211; LIP e Univ.Madeira\u00a0<br \/><small><strong>&#8220;Pierre Auger Masterclasses&#8221;<\/strong><\/small><br \/><small>Jorge Gouveia, <i>outreach{&#8211;at&#8211;}lip.pt (**)<\/i><\/small><br \/>Mais informa\u00e7\u00f5es e inscri\u00e7\u00f5es em: <a href=\"https:\/\/indico.lip.pt\/e\/mc2026-funchal\" target=\"_blank\" rel=\"noreferrer noopener\">https:\/\/indico.lip.pt\/e\/mc2026-funchal<\/a><\/p>\r\n\r\n\r\n\r\n<p>Porto \u00a0&#8211; \u00a0FCUP<br \/><small><strong>&#8220;Pierre Auger Masterclasses&#8221;<\/strong><\/small><br \/><small>Miguel Costa, F\u00e1tima Mota, <i>outreach{&#8211;at&#8211;}lip.pt (**)<\/i><\/small><br \/>Mais informa\u00e7\u00f5es e Inscri\u00e7\u00f5es em: <a href=\"https:\/\/www.fc.up.pt\/dfa\/comunicacao\/acoes-e-eventos\/cern-masterclass\/2026-masterclasses-de-fisica-de-particulas\/\" target=\"_blank\" rel=\"noreferrer noopener\">https:\/\/www.fc.up.pt\/dfa\/comunicacao\/acoes-e-eventos\/cern-masterclass\/2026-masterclasses-de-fisica-de-particulas\/<\/a><\/p>\r\n\r\n\r\n\r\n<h2 id=\"13-Mar\" class=\"wp-block-heading\"><strong>13 Mar<\/strong><\/h2>\r\n\r\n\r\n\r\n<p>Braga \u00a0&#8211; LIP e EC-UMinho \u00a0\u00a0<br \/><small><strong>&#8220;Pierre Auger Masterclasses&#8221;<\/strong><\/small><br \/><small>Raul Sarmento, outreach{&#8211;at&#8211;}lip.pt (**)<\/small><br \/>Mais informa\u00e7\u00f5es e Inscri\u00e7\u00f5es em: <br \/><a href=\"https:\/\/www.ecum.uminho.pt\/pt\/Sociedade\/Paginas\/Masterclasses.aspx\" target=\"_blank\" rel=\"noreferrer noopener\">https:\/\/www.ecum.uminho.pt\/pt\/Sociedade\/Paginas\/Masterclasses.aspx<\/a><\/p>\r\n<p>\r\n\r\n<\/p>\r\n<h2 id=\"21-Mar\" class=\"wp-block-heading\"><strong>21 Mar<\/strong><\/h2>\r\n<p>\r\n\r\n<\/p>\r\n<p>Coimbra\u00a0 &#8211; \u00a0LIP e FCTUC \u00a0\u00a0<br \/><small><strong>&#8220;ATLAS Z with CERN&#8221;<\/strong><\/small><br \/><small>Helmut Wolters, Ricardo Gon\u00e7alo, <i>outreach{&#8211;at&#8211;}lip.pt (**)<\/i><\/small><br \/>Mais informa\u00e7\u00f5es e Inscri\u00e7\u00f5es em: <a href=\"https:\/\/indico.lip.pt\/e\/mc2026-coimbra\" target=\"_blank\" rel=\"noreferrer noopener\">https:\/\/indico.lip.pt\/e\/mc2026-coimbra<\/a><\/p>\r\n<p>\r\n\r\n<\/p>\r\n<p>Covilh\u00e3\u00a0 &#8211; \u00a0LIP e FC-UBI\u00a0 \u00a0<br \/><small><strong>&#8220;ATLAS Z with CERN&#8221;<\/strong><\/small><br \/><small>Sandra Soares,\u00a0<i>outreach{&#8211;at&#8211;}lip.pt (**)<\/i><\/small><br \/>Inscri\u00e7\u00f5es por e-mail para masterclasses.ubi.2026@gmail.com<br \/>Mais informa\u00e7\u00f5es em: <a href=\"https:\/\/indico.lip.pt\/e\/mc2026-Covilha\" target=\"_blank\" rel=\"noreferrer noopener\">https:\/\/indico.lip.pt\/e\/mc2026-Covilha<\/a><\/p>\r\n<p>\r\n\r\n<\/p>\r\n<p>Lisboa\u00a0 &#8211; LIP e IST\u00a0<br \/><small><strong>&#8220;ATLAS Z with CERN&#8221;<\/strong><\/small><br \/><small>Pedro Abreu, <i>outreach{&#8211;at&#8211;}lip.pt (**)<\/i><\/small><br \/>Inscri\u00e7\u00f5es por e-mail para abreu{&#8211;at&#8211;}lip.pt. <br \/>Mais informa\u00e7\u00f5es em: <a href=\"https:\/\/indico.lip.pt\/e\/mc2026-Lisboa-ist-2\" target=\"_blank\" rel=\"noreferrer noopener\">https:\/\/indico.lip.pt\/e\/mc2026-lisboa-ist-2<\/a><\/p>\r\n<p>\r\n\r\n<\/p>\r\n<h2 id=\"28-Mar\" class=\"wp-block-heading\"><strong>28 Mar<\/strong><\/h2>\r\n<p>\r\n\r\n<\/p>\r\n<p>Aveiro \u00a0&#8211; \u00a0Universidade de Aveiro &#8211; Departamento de F\u00edsica<br \/><small><strong>&#8220;Prototerapia&#8221;<\/strong><\/small><br \/><small>Carlos Azevedo, Lara Carramate, <i>outreach{&#8211;at&#8211;}lip.pt (**)<\/i><\/small><br \/>Inscri\u00e7\u00f5es por e-mail para cdazevedo{&#8211;at&#8211;}ua.pt.<br \/>Mais informa\u00e7\u00f5es em: \u00a0<a href=\"https:\/\/indico.lip.pt\/e\/mc2026-Aveiro\" target=\"_blank\" rel=\"noreferrer noopener\">https:\/\/indico.lip.pt\/e\/mc2026-Aveiro<\/a><\/p>\r\n<p>\r\n\r\n<\/p>\r\n<p>Porto \u00a0&#8211; \u00a0FCUP<br \/><small><strong>&#8220;Prototerapia&#8221;<\/strong><\/small><br \/><small>Pedro Teles, <i>outreach{&#8211;at&#8211;}lip.pt (**)<\/i><\/small><br \/>Mais informa\u00e7\u00f5es e Inscri\u00e7\u00f5es em: <br \/><a href=\"https:\/\/www.fc.up.pt\/dfa\/comunicacao\/acoes-e-eventos\/hands-on-medical-physics-particle-therapy\/cern-masterclasses-fisica-medica-porto-2026\/\" target=\"_blank\" rel=\"noreferrer noopener\">https:\/\/www.fc.up.pt\/dfa\/comunicacao\/acoes-e-eventos\/hands-on-medical-physics-particle-therapy\/cern-masterclasses-fisica-medica-porto-2026\/<\/a><\/p>\r\n<p>\r\n\r\n<\/p>\r\n<p>S\u00e3o Tom\u00e9, S\u00e3o Tom\u00e9 e Pr\u00edncipe \u2013\u00a0Universidade de S\u00e3o Tom\u00e9 e Pr\u00edncipe<br \/><small><strong>&#8220;ATLAS Z with CERN&#8221;<\/strong><\/small><br \/><small>L\u00facio Carvalho, <i>outreach{&#8211;at&#8211;}lip.pt (**)<\/i><\/small><\/p>\r\n<p>\r\n\r\n<\/p>\r\n<h2 class=\"wp-block-heading\">Ainda por confirmar<\/h2>\r\n<p>\r\n\r\n<\/p>\r\n<p>Lisboa \u00a0&#8211; LIP e FCUL \u00a0\u00a0<br \/><small><strong>&#8220;ATLAS Z with CERN&#8221;<\/strong><\/small><br \/><small>Jorge Sampaio, Daniel Galaviz, <i>outreach{&#8211;at&#8211;}lip.pt (**)<\/i><\/small><br \/>Mais informa\u00e7\u00f5es e Inscri\u00e7\u00f5es em: <a href=\"https:\/\/indico.lip.pt\/e\/mc2026-lisboa-fcul-2\" target=\"_blank\" rel=\"noreferrer noopener\">https:\/\/indico.lip.pt\/e\/mc2026-lisboa-fcul-2<\/a><\/p>\r\n<p>\r\n\r\n<\/p>\r\n<p>Praia, Cabo Verde \u2013\u00a0Universidade de Cabo Verde<br \/><small><strong>&#8220;ATLAS W with CERN&#8221;<\/strong><\/small><br \/><small>S\u00f3nia Semedo, <i>outreach{&#8211;at&#8211;}lip.pt (**)<\/i><\/small><\/p>\r\n<p>\r\n\r\n<\/p>\r\n<p>&nbsp;<\/p>\r\n<p>\r\n\r\n<\/p>\r\n<p class=\"has-vivid-red-color has-text-color has-link-color has-small-font-size wp-elements-7a7c9030cc624679c0fd20ca234fda44\">(*) <i>O LIP informa que, durante o decorrer do evento, existe uma grande probabilidade de grava\u00e7\u00e3o de v\u00eddeo, \u00e1udio e imagens, captando a imagem e a voz dos participantes. Estas grava\u00e7\u00f5es podem ser utilizadas pelo LIP em v\u00e1rias plataformas de media, incluindo formatos impressos e digitais (tais como transmiss\u00f5es em direto na Internet, publica\u00e7\u00f5es impressas, websites, cartazes, banners, filmes, redes sociais, entre outros), para fins educativos, de divulga\u00e7\u00e3o, dissemina\u00e7\u00e3o e investiga\u00e7\u00e3o. \u00c9 importante reconhecer que os materiais gravados podem estar acess\u00edveis em todo o mundo e que as prote\u00e7\u00f5es de privacidade em algumas jurisdi\u00e7\u00f5es podem n\u00e3o estar alinhadas com a legisla\u00e7\u00e3o europeia. Consequentemente, ao participar, o participante renuncia voluntariamente a quaisquer direitos de autor ou direitos de compensa\u00e7\u00e3o decorrentes da utiliza\u00e7\u00e3o dos materiais gravados.<i><\/i><\/i><\/p>\r\n<p>(**)<i> Ao enviar um e-mail para outreach{&#8211;at&#8211;}lip.pt, indique por favor o(s) nome(s) da(s) pessoa(s) de contacto para quem deve seguir o e-mail.<\/i><\/p>\r\n<p>\r\n\r\n<\/p>\r\n<p>&nbsp;<\/p>\r\n<p><\/p>","protected":false},"excerpt":{"rendered":"<p>P\u00e1gina internacional das Masterclasses Calend\u00e1rio das Masterclasses 2026 Inscri\u00e7\u00f5es por e-mail ou atrav\u00e9s da liga\u00e7\u00e3o fornecida(*). Todas as atividades celebram tamb\u00e9m os 40 anos do LIP e os 40 anos da ades\u00e3o de Portugal ao CERN. \u00a0 20 Fev Braga \u00a0&#8211; LIP e EC-UMinho \u00a0\u00a0&#8220;ATLAS Z with CERN&#8221;Raul Sarmento, outreach{&#8211;at&#8211;}lip.pt (**)Mais informa\u00e7\u00f5es e Inscri\u00e7\u00f5es em: &hellip; <\/p>\n<p class=\"link-more\"><a href=\"https:\/\/pages.lip.pt\/masterclasses\/\" class=\"more-link\">Continue reading<span class=\"screen-reader-text\"> &#8220;&#8220;Vem descobrir o mundo dos Quarks e Lept\u00f5es com acontecimentos reais&#8221;.&#8221;<\/span><\/a><\/p>\n","protected":false},"author":1,"featured_media":0,"parent":0,"menu_order":0,"comment_status":"closed","ping_status":"closed","template":"","meta":{"footnotes":""},"class_list":["post-45","page","type-page","status-publish","hentry"],"_links":{"self":[{"href":"https:\/\/pages.lip.pt\/masterclasses\/wp-json\/wp\/v2\/pages\/45","targetHints":{"allow":["GET"]}}],"collection":[{"href":"https:\/\/pages.lip.pt\/masterclasses\/wp-json\/wp\/v2\/pages"}],"about":[{"href":"https:\/\/pages.lip.pt\/masterclasses\/wp-json\/wp\/v2\/types\/page"}],"author":[{"embeddable":true,"href":"https:\/\/pages.lip.pt\/masterclasses\/wp-json\/wp\/v2\/users\/1"}],"replies":[{"embeddable":true,"href":"https:\/\/pages.lip.pt\/masterclasses\/wp-json\/wp\/v2\/comments?post=45"}],"version-history":[{"count":92,"href":"https:\/\/pages.lip.pt\/masterclasses\/wp-json\/wp\/v2\/pages\/45\/revisions"}],"predecessor-version":[{"id":259,"href":"https:\/\/pages.lip.pt\/masterclasses\/wp-json\/wp\/v2\/pages\/45\/revisions\/259"}],"wp:attachment":[{"href":"https:\/\/pages.lip.pt\/masterclasses\/wp-json\/wp\/v2\/media?parent=45"}],"curies":[{"name":"wp","href":"https:\/\/api.w.org\/{rel}","templated":true}]}}