{"id":19,"date":"2022-01-25T09:52:53","date_gmt":"2022-01-25T09:52:53","guid":{"rendered":"https:\/\/pages.lip.pt\/masterclasses\/?page_id=19"},"modified":"2026-01-20T16:45:32","modified_gmt":"2026-01-20T16:45:32","slug":"contactos","status":"publish","type":"page","link":"https:\/\/pages.lip.pt\/masterclasses\/contactos\/","title":{"rendered":"Contactos"},"content":{"rendered":"\r\n<p>Se quiser obter mais informa\u00e7\u00f5es ou discutir algum aspecto da sua participa\u00e7\u00e3o, por favor contacte<\/p>\r\n<p>outreach{&#8211;at&#8211;}lip.pt<\/p>\r\n<p>referindo a\/o(s) Coordenador(a)(as\/es) da atividade em cada local:<\/p>\r\n\r\n\r\n\r\n<figure class=\"wp-block-table\">\r\n<table>\r\n<thead>\r\n<tr>\r\n<td><strong>Local<\/strong><\/td>\r\n<td>\u00a0\u00a0\u00a0\u00a0<\/td>\r\n<td><strong>Coordenadores<\/strong><\/td>\r\n<\/tr>\r\n<\/thead>\r\n<tbody>\r\n<tr>\r\n<td>\u00a0<\/td>\r\n<\/tr>\r\n<tr>\r\n<td>A\u00e7ores, Univ. A\u00e7ores<\/td>\r\n<td>\u00a0\u00a0\u00a0\u00a0<\/td>\r\n<td>Cristina Vasconcelos<\/td>\r\n<\/tr>\r\n<tr>\r\n<td>Aveiro, Univ. Aveiro<\/td>\r\n<td>\u00a0\u00a0\u00a0\u00a0<\/td>\r\n<td>Carlos Azevedo, Lara Carramate<\/td>\r\n<\/tr>\r\n<tr>\r\n<td>Beja, Inst. Polit\u00e9cnico Beja<\/td>\r\n<td>\u00a0\u00a0\u00a0\u00a0<\/td>\r\n<td>Jo\u00e3o Paulo Barros, Francisco Serafim<\/td>\r\n<\/tr>\r\n<tr>\r\n<td>Beira, Mo\u00e7ambique, Univ.Licungo<\/td>\r\n<td>\u00a0<\/td>\r\n<td>Rui Muchaiabande<\/td>\r\n<\/tr>\r\n<tr>\r\n<td>Braga, Univ. Minho<\/td>\r\n<td>\u00a0\u00a0\u00a0\u00a0<\/td>\r\n<td>Nuno Castro,<br \/>Raul Sarmento<\/td>\r\n<\/tr>\r\n<tr>\r\n<td>Bragan\u00e7a, Inst. Polit\u00e9cnico de Bragan\u00e7a<\/td>\r\n<td>\u00a0\u00a0\u00a0\u00a0<\/td>\r\n<td>Carla Veiga<\/td>\r\n<\/tr>\r\n<tr>\r\n<td>Coimbra, FCTUC e LIP<\/td>\r\n<td>\u00a0\u00a0\u00a0\u00a0<\/td>\r\n<td>Helmut Wolters, Ricardo Gon\u00e7alo<\/td>\r\n<\/tr>\r\n<tr>\r\n<td>Covilh\u00e3, Univ. Beira Interior<\/td>\r\n<td>\u00a0\u00a0\u00a0\u00a0<\/td>\r\n<td>Sandra Soares<\/td>\r\n<\/tr>\r\n<tr>\r\n<td>Evora, Univ. \u00c9vora<\/td>\r\n<td>\u00a0\u00a0\u00a0\u00a0<\/td>\r\n<td>Alfred Stadler<\/td>\r\n<\/tr>\r\n<tr>\r\n<td>Faro, Univ. Algarve<\/td>\r\n<td>\u00a0\u00a0\u00a0\u00a0<\/td>\r\n<td>Robertus Potting<\/td>\r\n<\/tr>\r\n<tr>\r\n<td>Funchal, UMa<\/td>\r\n<td>\u00a0\u00a0\u00a0\u00a0<\/td>\r\n<td>Jorge Gouveia<\/td>\r\n<\/tr>\r\n<tr>\r\n<td>Lisboa, FCUL<\/td>\r\n<td>\u00a0\u00a0\u00a0\u00a0<\/td>\r\n<td>Daniel Galaviz,<br \/>Jorge Sampaio<\/td>\r\n<\/tr>\r\n<tr>\r\n<td>Lisboa, IST<\/td>\r\n<td>\u00a0\u00a0\u00a0\u00a0<\/td>\r\n<td>Pedro Abreu<\/td>\r\n<\/tr>\r\n<tr>\r\n<td>Maputo, Mo\u00e7ambique, Univ. Eduardo Mondlane<\/td>\r\n<td>\u00a0<\/td>\r\n<td>Dinelsa Machaieie<\/td>\r\n<\/tr>\r\n<tr>\r\n<td>Porto, FCUP<\/td>\r\n<td>\u00a0\u00a0\u00a0\u00a0<\/td>\r\n<td>\r\n<p>F\u00e1tima Mota, Pedro Teles, Miguel Costa<\/p>\r\n<\/td>\r\n<\/tr>\r\n<tr>\r\n<td>Praia, UniCV (Cabo Verde)<\/td>\r\n<td>\u00a0<\/td>\r\n<td>S\u00f3nia Semedo<\/td>\r\n<\/tr>\r\n<tr>\r\n<td>S\u00e3o Tom\u00e9 e Pr\u00edncipe, Univ.S\u00e3o Tom\u00e9 e Pr\u00edncipe, S\u00e3o Tom\u00e9<\/td>\r\n<td>\u00a0\u00a0\u00a0\u00a0<\/td>\r\n<td>L\u00facio Carvalho<\/td>\r\n<\/tr>\r\n<tr>\r\n<td>Vila Real, UTAD<\/td>\r\n<td>\u00a0\u00a0\u00a0\u00a0<\/td>\r\n<td>Marco Duarte Naia,<br \/>Norberto Gon\u00e7alves<\/td>\r\n<\/tr>\r\n<\/tbody>\r\n<\/table>\r\n<\/figure>\r\n\r\n\r\n\r\n<p><strong>nota: \u00a0<em>substituir {&#8211;at&#8211;} por @<\/em><\/strong><\/p>\r\n","protected":false},"excerpt":{"rendered":"<p>Se quiser obter mais informa\u00e7\u00f5es ou discutir algum aspecto da sua participa\u00e7\u00e3o, por favor contacte outreach{&#8211;at&#8211;}lip.pt referindo a\/o(s) Coordenador(a)(as\/es) da atividade em cada local: Local \u00a0\u00a0\u00a0\u00a0 Coordenadores \u00a0 A\u00e7ores, Univ. A\u00e7ores \u00a0\u00a0\u00a0\u00a0 Cristina Vasconcelos Aveiro, Univ. Aveiro \u00a0\u00a0\u00a0\u00a0 Carlos Azevedo, Lara Carramate Beja, Inst. Polit\u00e9cnico Beja \u00a0\u00a0\u00a0\u00a0 Jo\u00e3o Paulo Barros, Francisco Serafim Beira, Mo\u00e7ambique, Univ.Licungo &hellip; <\/p>\n<p class=\"link-more\"><a href=\"https:\/\/pages.lip.pt\/masterclasses\/contactos\/\" class=\"more-link\">Continue reading<span class=\"screen-reader-text\"> &#8220;Contactos&#8221;<\/span><\/a><\/p>\n","protected":false},"author":1,"featured_media":0,"parent":0,"menu_order":0,"comment_status":"closed","ping_status":"closed","template":"","meta":{"footnotes":""},"class_list":["post-19","page","type-page","status-publish","hentry"],"_links":{"self":[{"href":"https:\/\/pages.lip.pt\/masterclasses\/wp-json\/wp\/v2\/pages\/19","targetHints":{"allow":["GET"]}}],"collection":[{"href":"https:\/\/pages.lip.pt\/masterclasses\/wp-json\/wp\/v2\/pages"}],"about":[{"href":"https:\/\/pages.lip.pt\/masterclasses\/wp-json\/wp\/v2\/types\/page"}],"author":[{"embeddable":true,"href":"https:\/\/pages.lip.pt\/masterclasses\/wp-json\/wp\/v2\/users\/1"}],"replies":[{"embeddable":true,"href":"https:\/\/pages.lip.pt\/masterclasses\/wp-json\/wp\/v2\/comments?post=19"}],"version-history":[{"count":10,"href":"https:\/\/pages.lip.pt\/masterclasses\/wp-json\/wp\/v2\/pages\/19\/revisions"}],"predecessor-version":[{"id":237,"href":"https:\/\/pages.lip.pt\/masterclasses\/wp-json\/wp\/v2\/pages\/19\/revisions\/237"}],"wp:attachment":[{"href":"https:\/\/pages.lip.pt\/masterclasses\/wp-json\/wp\/v2\/media?parent=19"}],"curies":[{"name":"wp","href":"https:\/\/api.w.org\/{rel}","templated":true}]}}