{"id":16,"date":"2022-01-25T09:50:36","date_gmt":"2022-01-25T09:50:36","guid":{"rendered":"https:\/\/pages.lip.pt\/masterclasses\/?page_id=16"},"modified":"2024-01-09T00:14:46","modified_gmt":"2024-01-09T00:14:46","slug":"programa","status":"publish","type":"page","link":"https:\/\/pages.lip.pt\/masterclasses\/programa\/","title":{"rendered":"Programa"},"content":{"rendered":"\n<p><strong>Programa T\u00edpico, tempos indicativos<\/strong><\/p>\n\n\n\n<ul class=\"wp-block-list\">\n<li><strong>09h15<\/strong>  Abertura<\/li>\n\n\n\n<li><strong>09h30<\/strong> Introdu\u00e7\u00e3o \u00e0 F\u00edsica de Part\u00edculas<\/li>\n\n\n\n<li><strong>10h30<\/strong>  Pausa para relaxar<\/li>\n\n\n\n<li><strong>10h45<\/strong>  Aceleradores e Detectores<\/li>\n\n\n\n<li><strong>11h45<\/strong>   Pausa para almo\u00e7o<\/li>\n\n\n\n<li><strong>13h00<\/strong>  O software de an\u00e1lise visual de dados<\/li>\n\n\n\n<li><strong>13h15<\/strong>   Separa\u00e7\u00e3o por salas e an\u00e1lise visual de dados<\/li>\n\n\n\n<li><strong>14h30<\/strong>  Reuni\u00e3o com todos e discuss\u00e3o local sobre os resultados<br><\/li>\n<\/ul>\n\n\n\n<ul class=\"wp-block-list\">\n<li><strong>14h45<\/strong>  Pausa para relaxar<br><\/li>\n<\/ul>\n\n\n\n<ul class=\"wp-block-list\">\n<li><strong>14h55<\/strong>   Liga\u00e7\u00e3o \u00e0 video-confer\u00eancia com o CERN\/FermiLAB\/GSI\/Pierre Auger Observatory<\/li>\n\n\n\n<li><strong>15h00<\/strong>  Video-Confer\u00eancia com o CERN\/FermiLAB\/GSI\/Pierre Auger Observatory<\/li>\n\n\n\n<li><strong>16h00<\/strong>  Final da video-confer\u00eancia<br>                 Perguntas e respostas<\/li>\n\n\n\n<li><strong>16h30<\/strong>   Encerramento<\/li>\n\n\n\n<li><strong>17h00<\/strong>  Fim da atividade<\/li>\n<\/ul>\n","protected":false},"excerpt":{"rendered":"<p>Programa T\u00edpico, tempos indicativos<\/p>\n","protected":false},"author":1,"featured_media":0,"parent":0,"menu_order":0,"comment_status":"closed","ping_status":"closed","template":"","meta":{"footnotes":""},"class_list":["post-16","page","type-page","status-publish","hentry"],"_links":{"self":[{"href":"https:\/\/pages.lip.pt\/masterclasses\/wp-json\/wp\/v2\/pages\/16","targetHints":{"allow":["GET"]}}],"collection":[{"href":"https:\/\/pages.lip.pt\/masterclasses\/wp-json\/wp\/v2\/pages"}],"about":[{"href":"https:\/\/pages.lip.pt\/masterclasses\/wp-json\/wp\/v2\/types\/page"}],"author":[{"embeddable":true,"href":"https:\/\/pages.lip.pt\/masterclasses\/wp-json\/wp\/v2\/users\/1"}],"replies":[{"embeddable":true,"href":"https:\/\/pages.lip.pt\/masterclasses\/wp-json\/wp\/v2\/comments?post=16"}],"version-history":[{"count":9,"href":"https:\/\/pages.lip.pt\/masterclasses\/wp-json\/wp\/v2\/pages\/16\/revisions"}],"predecessor-version":[{"id":156,"href":"https:\/\/pages.lip.pt\/masterclasses\/wp-json\/wp\/v2\/pages\/16\/revisions\/156"}],"wp:attachment":[{"href":"https:\/\/pages.lip.pt\/masterclasses\/wp-json\/wp\/v2\/media?parent=16"}],"curies":[{"name":"wp","href":"https:\/\/api.w.org\/{rel}","templated":true}]}}