{"id":14,"date":"2022-01-25T09:48:02","date_gmt":"2022-01-25T09:48:02","guid":{"rendered":"https:\/\/pages.lip.pt\/masterclasses\/?page_id=14"},"modified":"2023-02-15T10:28:28","modified_gmt":"2023-02-15T10:28:28","slug":"objetivos","status":"publish","type":"page","link":"https:\/\/pages.lip.pt\/masterclasses\/objetivos\/","title":{"rendered":"Objetivos"},"content":{"rendered":"\n<p>O&nbsp;LIP &#8211; Laborat\u00f3rio de Instrumenta\u00e7\u00e3o e F\u00edsica Experimental de Part\u00edculas organiza as MasterClasses em Portugal, uma iniciativa a n\u00edvel internacional, que pretende levar jovens entre os 15 e 18 anos \u00e0s Faculdades ou Institutos para serem &#8220;Cientistas por um dia&#8230;com as m\u00e3os nas Part\u00edculas&#8221;. O objetivo \u00e9 mostrar aos jovens o tipo de atividades que s\u00e3o desenvolvidas na F\u00edsica Experimental de Part\u00edculas e Astropart\u00edculas e promover os Institutos e Universidades onde se realizam as sess\u00f5es.<\/p>\n\n\n\n<p>Esta atividade \u00e9 realizada com o apoio da Ag\u00eancia Ci\u00eancia Viva em parceria com o Instituto Superior T\u00e9cnico da Universidade de Lisboa, a Faculdade de Ci\u00eancias da Universidade de Lisboa, a Faculdade de Ci\u00eancias e Tecnologia da Universidade de Coimbra, a Universidade do Algarve em Faro, a Universidade da Beira Interior na Covilh\u00e3, a Faculdade de Ci\u00eancias da Universidade do Porto, a Escola de Ci\u00eancias da Universidade do Minho em Braga, a Universidade de Tr\u00e1s-os-Montes e Alto Douro em Vila Real, a Universidade de Aveiro, o Instituto Polit\u00e9cnico de Bragan\u00e7a e o Instituto Polit\u00e9cnico de Beja, a Universidade dos A\u00e7ores em Ponta Delgada, a Universidade de \u00c9vora, e a Universidade da Madeira no Funchal.<br><br>As atividades come\u00e7am com um &#8220;curso de treino&#8221; onde s\u00e3o ensinados\u00a0 os fundamentos da F\u00edsica de Part\u00edculas e Astropart\u00edculas e as T\u00e9cnicas b\u00e1sicas usadas na an\u00e1lise de acontecimentos. Numa segunda parte s\u00e3o fornecidos aos jovens um conjunto de imagens de acontecimentos reais, adquiridos nas experi\u00eancias instaladas em LHC no\u00a0<a href=\"http:\/\/www.cern.ch\/\">CERN<\/a>,\u00a0 ou de outras experi\u00eancias, sendo solicitada a sua classifica\u00e7\u00e3o por categorias, obtendo-se no final resultados sobre as medidas a efetuar nesse dia. Os resultados s\u00e3o depois associados aos dos v\u00e1rios grupos e discutidos em videoconfer\u00eancia com os outros grupos de visita \u00e0s restantes Universidades portuguesas e estrangeiras aderentes ao evento nesse dia, moderada por cientistas no CERN ou em outros grandes laborat\u00f3rios.<br><br>A a\u00e7\u00e3o decorre durante a manh\u00e3 e tarde dos dias em que se realizam e os participantes almo\u00e7am nas instala\u00e7\u00f5es do local onde se realizam as sess\u00f5es (conforme o caso). Esta a\u00e7\u00e3o visa sobretudo alunos dos 10\u00ba, 11\u00ba e 12\u00ba anos, especialmente motivados para a disciplina de F\u00edsica, pelo que antecipamos que cada escola deve inscrever s\u00f3 os alunos muito interessados em participar. Os alunos s\u00e3o vivamente aconselhados a consultar o material de apoio dispon\u00edvel na p\u00e1gina antes de participar nas masterclasses. <br>Ver:\u00a0<a rel=\"noreferrer noopener\" href=\"https:\/\/www.physicsmasterclasses.org\/\" target=\"_blank\">para mais informa\u00e7\u00e3o<\/a> (<a rel=\"noreferrer noopener\" href=\"https:\/\/atlas.physicsmasterclasses.org\/pt\/index.htm\" target=\"_blank\">ATLAS<\/a>, <a rel=\"noreferrer noopener\" href=\"https:\/\/web.quarknet.org\/mc\/cms\/imc2021\/cmspt.html\" target=\"_blank\">CMS<\/a>, <a href=\"https:\/\/indico.cern.ch\/event\/840212\/\" target=\"_blank\" rel=\"noreferrer noopener\">Particle Therapy<\/a>, <a href=\"https:\/\/augermasterclasses.lip.pt\/\" target=\"_blank\" rel=\"noreferrer noopener\">Auger<\/a>).<\/p>\n\n\n\n<p><br>Devido \u00e0 disponibilidade de material inform\u00e1tico, ou de lugares nos audit\u00f3rios em que se realizam as palestras e a videoconfer\u00eancia,&nbsp;<strong>a a\u00e7\u00e3o tem um n\u00famero&nbsp; limitado de participantes em cada local, selecionados por ordem de insri\u00e7\u00e3o.<br><\/strong><br>Os alunos podem deslocar-se isoladamente \u00e0s instala\u00e7\u00f5es dos Institutos ou Universidades, ou acompanhados pelos seus docentes, que nesse caso s\u00e3o tamb\u00e9m convidados para assistir a todas as atividades.<\/p>\n","protected":false},"excerpt":{"rendered":"<p>O&nbsp;LIP &#8211; Laborat\u00f3rio de Instrumenta\u00e7\u00e3o e F\u00edsica Experimental de Part\u00edculas organiza as MasterClasses em Portugal, uma iniciativa a n\u00edvel internacional, que pretende levar jovens entre os 15 e 18 anos \u00e0s Faculdades ou Institutos para serem &#8220;Cientistas por um dia&#8230;com as m\u00e3os nas Part\u00edculas&#8221;. O objetivo \u00e9 mostrar aos jovens o tipo de atividades que &hellip; <\/p>\n<p class=\"link-more\"><a href=\"https:\/\/pages.lip.pt\/masterclasses\/objetivos\/\" class=\"more-link\">Continue reading<span class=\"screen-reader-text\"> &#8220;Objetivos&#8221;<\/span><\/a><\/p>\n","protected":false},"author":1,"featured_media":0,"parent":0,"menu_order":0,"comment_status":"closed","ping_status":"closed","template":"","meta":{"footnotes":""},"class_list":["post-14","page","type-page","status-publish","hentry"],"_links":{"self":[{"href":"https:\/\/pages.lip.pt\/masterclasses\/wp-json\/wp\/v2\/pages\/14","targetHints":{"allow":["GET"]}}],"collection":[{"href":"https:\/\/pages.lip.pt\/masterclasses\/wp-json\/wp\/v2\/pages"}],"about":[{"href":"https:\/\/pages.lip.pt\/masterclasses\/wp-json\/wp\/v2\/types\/page"}],"author":[{"embeddable":true,"href":"https:\/\/pages.lip.pt\/masterclasses\/wp-json\/wp\/v2\/users\/1"}],"replies":[{"embeddable":true,"href":"https:\/\/pages.lip.pt\/masterclasses\/wp-json\/wp\/v2\/comments?post=14"}],"version-history":[{"count":6,"href":"https:\/\/pages.lip.pt\/masterclasses\/wp-json\/wp\/v2\/pages\/14\/revisions"}],"predecessor-version":[{"id":139,"href":"https:\/\/pages.lip.pt\/masterclasses\/wp-json\/wp\/v2\/pages\/14\/revisions\/139"}],"wp:attachment":[{"href":"https:\/\/pages.lip.pt\/masterclasses\/wp-json\/wp\/v2\/media?parent=14"}],"curies":[{"name":"wp","href":"https:\/\/api.w.org\/{rel}","templated":true}]}}