{"id":87,"date":"2021-02-09T16:11:52","date_gmt":"2021-02-09T16:11:52","guid":{"rendered":"https:\/\/pages.lip.pt\/loumu\/?page_id=87"},"modified":"2024-06-03T21:19:08","modified_gmt":"2024-06-03T21:19:08","slug":"contactos","status":"publish","type":"page","link":"https:\/\/pages.lip.pt\/loumu\/contactos\/","title":{"rendered":"Contactos"},"content":{"rendered":"\n<blockquote class=\"wp-block-quote is-layout-flow wp-block-quote-is-layout-flow\">\n<p>O LouMu \u00e9 um projeto de ci\u00eancia pioneiro em Portugal que beneficia das parcerias e institui\u00e7\u00f5es que o integram, sendo constru\u00eddo pela colabora\u00e7\u00e3o entre equipas de diferentes ramos do conhecimento.<\/p>\n<\/blockquote>\n\n\n\n<p>Dentro do \u00e2mbito do LouMu ou em perspectiva de aplica\u00e7\u00f5es futuras de muografia, este projeto est\u00e1 aberto a convites de colabora\u00e7\u00f5es e tamb\u00e9m a propostas de teses de doutoramento ou mestrado, desenvolvidas dentro dos campos de conhecimento relacionados.<\/p>\n\n\n\n<ul class=\"wp-block-list\">\n<li>Para informa\u00e7\u00f5es, propostas de colabora\u00e7\u00e3o ou de tese: <strong>mutom-info@lip.pt<\/strong>\n<ul class=\"wp-block-list\">\n<li>As perguntas relacionadas com o LouMu podem ser dirigidas a um dos coordenadores do projeto, Sofia Andringa (LIP) ou Mourad Bezzeghoud (U\u00c9vora).<\/li>\n<\/ul>\n<\/li>\n<\/ul>\n\n\n\n<ul class=\"wp-block-list\">\n<li>Para marca\u00e7\u00e3o de visitas ao Lousal: <strong>info@lousal.cienciaviva.pt<\/strong><\/li>\n<\/ul>\n\n\n\n<ul class=\"wp-block-list\">\n<li>Para aceder \u00e0 p\u00e1gina interna de acesso restrito ao projeto: <strong><a href=\"https:\/\/wiki-lip.lip.pt\/Projectos\/MuonTomography\/MuonTomographyPrivate\" data-type=\"URL\" data-id=\"https:\/\/wiki-lip.lip.pt\/Projectos\/MuonTomography\/MuonTomographyPrivate\">Muon Tomography Wiki Page<\/a><\/strong><\/li>\n<\/ul>\n\n\n\n<div style=\"height:21px\" aria-hidden=\"true\" class=\"wp-block-spacer\"><\/div>\n\n\n\n<hr class=\"wp-block-separator has-css-opacity is-style-dots\" \/>\n\n\n\n<div style=\"height:51px\" aria-hidden=\"true\" class=\"wp-block-spacer\"><\/div>\n\n\n\n<div class=\"wp-block-columns is-layout-flex wp-container-core-columns-is-layout-9d6595d7 wp-block-columns-is-layout-flex\">\n<div class=\"wp-block-column is-layout-flow wp-block-column-is-layout-flow\" style=\"flex-basis:100%\">\n<div class=\"wp-block-group\"><div class=\"wp-block-group__inner-container is-layout-flow wp-block-group-is-layout-flow\">\n<div class=\"wp-block-columns are-vertically-aligned-center is-layout-flex wp-container-core-columns-is-layout-9d6595d7 wp-block-columns-is-layout-flex\">\n<div class=\"wp-block-column is-vertically-aligned-center is-layout-flow wp-block-column-is-layout-flow\">\n<p class=\"has-text-align-left\"><strong>Equipa de Instrumenta\u00e7\u00e3o e F\u00edsica de Part\u00edculas  (LIP)<\/strong><\/p>\n\n\n\n<div style=\"height:1px\" aria-hidden=\"true\" class=\"wp-block-spacer\"><\/div>\n\n\n\n<div class=\"wp-block-group\"><div class=\"wp-block-group__inner-container is-layout-flow wp-block-group-is-layout-flow\">\n<p style=\"line-height:0\">Polo Lisboa:<\/p>\n\n\n\n<p style=\"line-height:1.5\">Bernardo Tom\u00e9, Isabel Alexandre, Francisco Ferreira, Lorenzo Cazon, M\u00e1rio Pimenta, Luis Afonso, Pedro Assis, Sofia Andringa<\/p>\n\n\n\n<div style=\"height:1px\" aria-hidden=\"true\" class=\"wp-block-spacer\"><\/div>\n\n\n\n<p style=\"line-height:0\">Polo Coimbra:<\/p>\n\n\n\n<p>Alberto Blanco, Jo\u00e3o Saraiva, Jorge Francisco Silva, Lu\u00eds Lopes, Paolo Dobrilla<\/p>\n\n\n\n<div style=\"height:1px\" aria-hidden=\"true\" class=\"wp-block-spacer\"><\/div>\n\n\n\n<p style=\"line-height:0\">Polo Minho:<\/p>\n\n\n\n<p>Magda Duarte, Raul Sarmento<\/p>\n<\/div><\/div>\n<\/div>\n\n\n\n<div class=\"wp-block-column is-vertically-aligned-center is-layout-flow wp-block-column-is-layout-flow\">\n<p><strong>Equipa de Geof\u00edsica<\/strong><\/p>\n\n\n\n<div style=\"height:1px\" aria-hidden=\"true\" class=\"wp-block-spacer\"><\/div>\n\n\n\n<p style=\"line-height:0\">ICT &#8211; U\u00c9vora:<\/p>\n\n\n\n<p>Bento Caldeira, Ines Hamak, Jos\u00e9 Borges, Josu\u00e9 Figueira,  Mourad Bezzeghoud,  Pedro Teixeira,  Rui Oliveira <\/p>\n\n\n\n<div style=\"height:5px\" aria-hidden=\"true\" class=\"wp-block-spacer\"><\/div>\n\n\n\n<p style=\"line-height:0\">LNEG:<\/p>\n\n\n\n<p>Jo\u00e3o Matos<\/p>\n<\/div>\n\n\n\n<div class=\"wp-block-column is-vertically-aligned-center is-layout-flow wp-block-column-is-layout-flow\">\n<p><strong>Equipa de Divulga\u00e7\u00e3o<\/strong><\/p>\n\n\n\n<div style=\"height:1px\" aria-hidden=\"true\" class=\"wp-block-spacer\"><\/div>\n\n\n\n<p style=\"line-height:0\">CCV do Lousal:<\/p>\n\n\n\n<p>Jo\u00e3o Costa, Vanessa Pais <\/p>\n<\/div>\n<\/div>\n<\/div><\/div>\n<\/div>\n<\/div>\n\n\n\n<p class=\"has-text-align-center\"><strong>PARCEIROS<\/strong><\/p>\n\n\n\n<hr class=\"wp-block-separator has-css-opacity\" \/>\n\n\n\n<div class=\"wp-block-columns is-layout-flex wp-container-core-columns-is-layout-9d6595d7 wp-block-columns-is-layout-flex\">\n<div class=\"wp-block-column is-layout-flow wp-block-column-is-layout-flow\">\n<div style=\"height:13px\" aria-hidden=\"true\" class=\"wp-block-spacer\"><\/div>\n\n\n\n<figure class=\"wp-block-image size-large is-resized\"><img fetchpriority=\"high\" decoding=\"async\" width=\"1024\" height=\"768\" src=\"https:\/\/pages.lip.pt\/loumu\/wp-content\/uploads\/sites\/7\/2021\/10\/LIP-logo-com-assinatura-vertical-blue-01-1024x768.png\" alt=\"\" class=\"wp-image-361\" style=\"width:211px;height:158px\" srcset=\"https:\/\/pages.lip.pt\/loumu\/wp-content\/uploads\/sites\/7\/2021\/10\/LIP-logo-com-assinatura-vertical-blue-01-1024x768.png 1024w, https:\/\/pages.lip.pt\/loumu\/wp-content\/uploads\/sites\/7\/2021\/10\/LIP-logo-com-assinatura-vertical-blue-01-300x225.png 300w, https:\/\/pages.lip.pt\/loumu\/wp-content\/uploads\/sites\/7\/2021\/10\/LIP-logo-com-assinatura-vertical-blue-01-768x576.png 768w, https:\/\/pages.lip.pt\/loumu\/wp-content\/uploads\/sites\/7\/2021\/10\/LIP-logo-com-assinatura-vertical-blue-01-1536x1152.png 1536w, https:\/\/pages.lip.pt\/loumu\/wp-content\/uploads\/sites\/7\/2021\/10\/LIP-logo-com-assinatura-vertical-blue-01-2048x1536.png 2048w\" sizes=\"(max-width: 767px) 89vw, (max-width: 1000px) 54vw, (max-width: 1071px) 543px, 580px\" \/><\/figure>\n<\/div>\n\n\n\n<div class=\"wp-block-column is-layout-flow wp-block-column-is-layout-flow\"><div class=\"wp-block-image\">\n<figure class=\"aligncenter size-large is-resized\"><img decoding=\"async\" width=\"1024\" height=\"529\" src=\"https:\/\/pages.lip.pt\/loumu\/wp-content\/uploads\/sites\/7\/2021\/10\/ICT-1024x529.png\" alt=\"\" class=\"wp-image-362\" style=\"width:170px;height:87px\" srcset=\"https:\/\/pages.lip.pt\/loumu\/wp-content\/uploads\/sites\/7\/2021\/10\/ICT-1024x529.png 1024w, https:\/\/pages.lip.pt\/loumu\/wp-content\/uploads\/sites\/7\/2021\/10\/ICT-300x155.png 300w, https:\/\/pages.lip.pt\/loumu\/wp-content\/uploads\/sites\/7\/2021\/10\/ICT-768x397.png 768w, https:\/\/pages.lip.pt\/loumu\/wp-content\/uploads\/sites\/7\/2021\/10\/ICT-1536x793.png 1536w, https:\/\/pages.lip.pt\/loumu\/wp-content\/uploads\/sites\/7\/2021\/10\/ICT.png 2035w\" sizes=\"(max-width: 767px) 89vw, (max-width: 1000px) 54vw, (max-width: 1071px) 543px, 580px\" \/><\/figure>\n<\/div>\n\n<div class=\"wp-block-image\">\n<figure class=\"aligncenter size-large is-resized\"><img decoding=\"async\" width=\"1024\" height=\"322\" src=\"https:\/\/pages.lip.pt\/loumu\/wp-content\/uploads\/sites\/7\/2021\/10\/logo_horizontal-1024x322.png\" alt=\"\" class=\"wp-image-364\" style=\"width:171px;height:53px\" srcset=\"https:\/\/pages.lip.pt\/loumu\/wp-content\/uploads\/sites\/7\/2021\/10\/logo_horizontal-1024x322.png 1024w, https:\/\/pages.lip.pt\/loumu\/wp-content\/uploads\/sites\/7\/2021\/10\/logo_horizontal-300x94.png 300w, https:\/\/pages.lip.pt\/loumu\/wp-content\/uploads\/sites\/7\/2021\/10\/logo_horizontal-768x242.png 768w, https:\/\/pages.lip.pt\/loumu\/wp-content\/uploads\/sites\/7\/2021\/10\/logo_horizontal.png 1237w\" sizes=\"(max-width: 767px) 89vw, (max-width: 1000px) 54vw, (max-width: 1071px) 543px, 580px\" \/><\/figure>\n<\/div><\/div>\n\n\n\n<div class=\"wp-block-column is-layout-flow wp-block-column-is-layout-flow\">\n<div style=\"height:56px\" aria-hidden=\"true\" class=\"wp-block-spacer\"><\/div>\n\n\n<div class=\"wp-block-image\">\n<figure class=\"aligncenter size-large is-resized\"><img loading=\"lazy\" decoding=\"async\" width=\"1024\" height=\"330\" src=\"https:\/\/pages.lip.pt\/loumu\/wp-content\/uploads\/sites\/7\/2021\/10\/Curto-1024x330.png\" alt=\"\" class=\"wp-image-363\" style=\"width:175px;height:56px\" srcset=\"https:\/\/pages.lip.pt\/loumu\/wp-content\/uploads\/sites\/7\/2021\/10\/Curto-1024x330.png 1024w, https:\/\/pages.lip.pt\/loumu\/wp-content\/uploads\/sites\/7\/2021\/10\/Curto-300x97.png 300w, https:\/\/pages.lip.pt\/loumu\/wp-content\/uploads\/sites\/7\/2021\/10\/Curto-768x247.png 768w, https:\/\/pages.lip.pt\/loumu\/wp-content\/uploads\/sites\/7\/2021\/10\/Curto-1536x495.png 1536w, https:\/\/pages.lip.pt\/loumu\/wp-content\/uploads\/sites\/7\/2021\/10\/Curto-2048x660.png 2048w\" sizes=\"(max-width: 767px) 89vw, (max-width: 1000px) 54vw, (max-width: 1071px) 543px, 580px\" \/><\/figure>\n<\/div><\/div>\n<\/div>\n\n\n\n<div class=\"wp-block-columns is-layout-flex wp-container-core-columns-is-layout-9d6595d7 wp-block-columns-is-layout-flex\">\n<div class=\"wp-block-column is-vertically-aligned-center is-layout-flow wp-block-column-is-layout-flow\">\n<p class=\"has-text-align-center\"><strong>| LIP |<\/strong> <a href=\"https:\/\/www.lip.pt\/?section=home&amp;page=homepage\" data-type=\"URL\" data-id=\"https:\/\/www.lip.pt\/?section=home&amp;page=homepage\">Laborat\u00f3rio de Instrumenta\u00e7\u00e3o e F\u00edsica Experimental de Part\u00edculas<\/a> <\/p>\n<\/div>\n\n\n\n<div class=\"wp-block-column is-layout-flow wp-block-column-is-layout-flow\">\n<p class=\"has-text-align-center\"><strong>| ICT |<\/strong> <a href=\"https:\/\/www.icterra.pt\/\" data-type=\"URL\" data-id=\"https:\/\/www.icterra.pt\/\">Instituto de CI\u00eancias na Terra<\/a><\/p>\n\n\n\n<p class=\"has-text-align-center\"><strong>| UE |<\/strong> <a href=\"https:\/\/www.uevora.pt\/\" data-type=\"URL\" data-id=\"https:\/\/www.uevora.pt\/\">Universidade de \u00c9vora<\/a><\/p>\n<\/div>\n\n\n\n<div class=\"wp-block-column is-vertically-aligned-center is-layout-flow wp-block-column-is-layout-flow\">\n<p class=\"has-text-align-center\"><strong>| CCVL |<\/strong> <a href=\"https:\/\/lousal.cienciaviva.pt\/\" data-type=\"URL\" data-id=\"https:\/\/lousal.cienciaviva.pt\/\">Centro Ci\u00eancia Viva do Lousal<\/a><\/p>\n<\/div>\n<\/div>\n\n\n\n<div style=\"height:47px\" aria-hidden=\"true\" class=\"wp-block-spacer\"><\/div>\n\n\n\n<p class=\"has-text-align-center\"><strong>COLABORADORES<\/strong><\/p>\n\n\n\n<hr class=\"wp-block-separator has-css-opacity\" \/>\n\n\n\n<div class=\"wp-block-columns is-layout-flex wp-container-core-columns-is-layout-9d6595d7 wp-block-columns-is-layout-flex\">\n<div class=\"wp-block-column is-layout-flow wp-block-column-is-layout-flow\"><\/div>\n\n\n\n<div class=\"wp-block-column is-layout-flow wp-block-column-is-layout-flow\"><div class=\"wp-block-image\">\n<figure class=\"aligncenter size-full is-resized\"><img loading=\"lazy\" decoding=\"async\" width=\"490\" height=\"300\" src=\"https:\/\/pages.lip.pt\/loumu\/wp-content\/uploads\/sites\/7\/2021\/11\/unnamed-1.png\" alt=\"\" class=\"wp-image-799\" style=\"width:185px;height:113px\" srcset=\"https:\/\/pages.lip.pt\/loumu\/wp-content\/uploads\/sites\/7\/2021\/11\/unnamed-1.png 490w, https:\/\/pages.lip.pt\/loumu\/wp-content\/uploads\/sites\/7\/2021\/11\/unnamed-1-300x184.png 300w\" sizes=\"(max-width: 490px) 100vw, 490px\" \/><\/figure>\n<\/div>\n\n\n<p><\/p>\n\n\n\n<p class=\"has-text-align-center\"> <strong>| LNEG |<\/strong> <a href=\"https:\/\/www.lneg.pt\/\" data-type=\"URL\" data-id=\"https:\/\/www.lneg.pt\/\">Laborat\u00f3rio Nacional de Energia e Geologia<\/a> <\/p>\n<\/div>\n\n\n\n<div class=\"wp-block-column is-layout-flow wp-block-column-is-layout-flow\"><\/div>\n<\/div>\n\n\n\n<div style=\"height:59px\" aria-hidden=\"true\" class=\"wp-block-spacer\"><\/div>\n\n\n\n<hr class=\"wp-block-separator has-css-opacity is-style-wide\" \/>\n\n\n\n<div style=\"height:32px\" aria-hidden=\"true\" class=\"wp-block-spacer\"><\/div>\n\n\n\n<p><strong>Programas de Financiamento<\/strong><\/p>\n\n\n\n<p>Projecto de I&amp;D LouMU: EXPL\/FIS-OUT\/1185\/2021, financiado pela Funda\u00e7\u00e3o para a Ci\u00eancia e a Tecnologia (FCT) e a Rep\u00fablica Portuguesa (RP).<\/p>\n\n\n\n<p>Bolsa de Doutoramento: PD\/BD\/150490\/2019, financiada pelo programa IDPASC-FCT<\/p>\n\n\n\n<p>Projecto de I&amp;D AUGER: CERN\/FIS-PAR\/0031\/2019, financiado pela FCT e a RP. <\/p>\n\n\n\n<p>Projecto de I&amp;D SWGO: PTDC\/FIS-PAR\/4300\/2020, financiado pela FCT e a RP.  <\/p>\n\n\n\n<p>Projecto de I&amp;D LATTES: POCI\/01-0145-FEDER-029158, financiado pela FCT, Compete 2020, Lisboa2020 e UE(FEDER).<\/p>\n","protected":false},"excerpt":{"rendered":"<p>O LouMu \u00e9 um projeto de ci\u00eancia pioneiro em Portugal que beneficia das parcerias e institui\u00e7\u00f5es que o integram, sendo constru\u00eddo pela colabora\u00e7\u00e3o entre equipas de diferentes ramos do conhecimento. Dentro do \u00e2mbito do LouMu ou em perspectiva de aplica\u00e7\u00f5es futuras de muografia, este projeto est\u00e1 aberto a convites de colabora\u00e7\u00f5es e tamb\u00e9m a propostas &hellip; <\/p>\n<p class=\"link-more\"><a href=\"https:\/\/pages.lip.pt\/loumu\/contactos\/\" class=\"more-link\">Continue reading<span class=\"screen-reader-text\"> &#8220;Contactos&#8221;<\/span><\/a><\/p>\n","protected":false},"author":6,"featured_media":0,"parent":0,"menu_order":0,"comment_status":"closed","ping_status":"closed","template":"","meta":{"footnotes":""},"class_list":["post-87","page","type-page","status-publish","hentry"],"_links":{"self":[{"href":"https:\/\/pages.lip.pt\/loumu\/wp-json\/wp\/v2\/pages\/87","targetHints":{"allow":["GET"]}}],"collection":[{"href":"https:\/\/pages.lip.pt\/loumu\/wp-json\/wp\/v2\/pages"}],"about":[{"href":"https:\/\/pages.lip.pt\/loumu\/wp-json\/wp\/v2\/types\/page"}],"author":[{"embeddable":true,"href":"https:\/\/pages.lip.pt\/loumu\/wp-json\/wp\/v2\/users\/6"}],"replies":[{"embeddable":true,"href":"https:\/\/pages.lip.pt\/loumu\/wp-json\/wp\/v2\/comments?post=87"}],"version-history":[{"count":36,"href":"https:\/\/pages.lip.pt\/loumu\/wp-json\/wp\/v2\/pages\/87\/revisions"}],"predecessor-version":[{"id":1488,"href":"https:\/\/pages.lip.pt\/loumu\/wp-json\/wp\/v2\/pages\/87\/revisions\/1488"}],"wp:attachment":[{"href":"https:\/\/pages.lip.pt\/loumu\/wp-json\/wp\/v2\/media?parent=87"}],"curies":[{"name":"wp","href":"https:\/\/api.w.org\/{rel}","templated":true}]}}