{"id":84,"date":"2023-04-11T18:34:58","date_gmt":"2023-04-11T18:34:58","guid":{"rendered":"https:\/\/pages.lip.pt\/loumu\/?page_id=84"},"modified":"2023-04-12T01:13:08","modified_gmt":"2023-04-12T01:13:08","slug":"telescopio","status":"publish","type":"page","link":"https:\/\/pages.lip.pt\/loumu\/telescopio\/","title":{"rendered":"Em Coimbra"},"content":{"rendered":"\n<p><\/p>\n\n\n\n<blockquote class=\"wp-block-quote is-layout-flow wp-block-quote-is-layout-flow\">\n<p>Em Coimbra, num andar subterr\u00e2neo da Faculdade de Ci\u00eancias, encontra-se o laborat\u00f3rio de detetores do LIP, onde s\u00e3o desenvolvidos novos instrumentos para dete\u00e7\u00e3o de radia\u00e7\u00e3o e part\u00edculas.<\/p>\n\n\n\n<p>Para o projecto LouMu , foi neste lugar que o principal telesc\u00f3pio de mu\u00f5es &#8211; CorePix &#8211; passou a sua fase de otimiza\u00e7\u00e3o, antes de ser instalado na Mina do Lousal.<\/p>\n<\/blockquote>\n\n\n\n<hr class=\"wp-block-separator has-css-opacity is-style-dots\" \/>\n\n\n\n<div style=\"height:41px\" aria-hidden=\"true\" class=\"wp-block-spacer\"><\/div>\n\n\n\n<p class=\"has-medium-font-size\"><strong>Telesc\u00f3pio de Mu\u00f5es &#8220;CorePix&#8221;<\/strong> <strong>em Coimbra<\/strong><\/p>\n\n\n\n<div style=\"height:28px\" aria-hidden=\"true\" class=\"wp-block-spacer\"><\/div>\n\n\n\n<div class=\"wp-block-columns is-layout-flex wp-container-core-columns-is-layout-9d6595d7 wp-block-columns-is-layout-flex\">\n<div class=\"wp-block-column is-layout-flow wp-block-column-is-layout-flow\">\n<figure class=\"wp-block-image size-large\"><img fetchpriority=\"high\" decoding=\"async\" width=\"754\" height=\"1024\" src=\"https:\/\/pages.lip.pt\/loumu\/wp-content\/uploads\/sites\/7\/2021\/10\/IMG_0421-754x1024.jpg\" alt=\"\" class=\"wp-image-547\" srcset=\"https:\/\/pages.lip.pt\/loumu\/wp-content\/uploads\/sites\/7\/2021\/10\/IMG_0421-754x1024.jpg 754w, https:\/\/pages.lip.pt\/loumu\/wp-content\/uploads\/sites\/7\/2021\/10\/IMG_0421-221x300.jpg 221w, https:\/\/pages.lip.pt\/loumu\/wp-content\/uploads\/sites\/7\/2021\/10\/IMG_0421-768x1043.jpg 768w, https:\/\/pages.lip.pt\/loumu\/wp-content\/uploads\/sites\/7\/2021\/10\/IMG_0421-1131x1536.jpg 1131w, https:\/\/pages.lip.pt\/loumu\/wp-content\/uploads\/sites\/7\/2021\/10\/IMG_0421-1508x2048.jpg 1508w, https:\/\/pages.lip.pt\/loumu\/wp-content\/uploads\/sites\/7\/2021\/10\/IMG_0421.jpg 1591w\" sizes=\"(max-width: 706px) 89vw, (max-width: 767px) 82vw, 740px\" \/><figcaption class=\"wp-element-caption\">CorePix montado numa estrutura m\u00f3vel, no laborat\u00f3rio de Coimbra<\/figcaption><\/figure>\n<\/div>\n\n\n\n<div class=\"wp-block-column is-layout-flow wp-block-column-is-layout-flow\">\n<figure class=\"wp-block-image size-large\"><img decoding=\"async\" width=\"758\" height=\"1024\" src=\"https:\/\/pages.lip.pt\/loumu\/wp-content\/uploads\/sites\/7\/2021\/10\/IMG_0425-1-758x1024.jpg\" alt=\"\" class=\"wp-image-548\" srcset=\"https:\/\/pages.lip.pt\/loumu\/wp-content\/uploads\/sites\/7\/2021\/10\/IMG_0425-1-758x1024.jpg 758w, https:\/\/pages.lip.pt\/loumu\/wp-content\/uploads\/sites\/7\/2021\/10\/IMG_0425-1-222x300.jpg 222w, https:\/\/pages.lip.pt\/loumu\/wp-content\/uploads\/sites\/7\/2021\/10\/IMG_0425-1-768x1038.jpg 768w, https:\/\/pages.lip.pt\/loumu\/wp-content\/uploads\/sites\/7\/2021\/10\/IMG_0425-1-1137x1536.jpg 1137w, https:\/\/pages.lip.pt\/loumu\/wp-content\/uploads\/sites\/7\/2021\/10\/IMG_0425-1.jpg 1420w\" sizes=\"(max-width: 706px) 89vw, (max-width: 767px) 82vw, 740px\" \/><figcaption class=\"wp-element-caption\">Vista lateral do CorePix composto por 4 detetores RPC<\/figcaption><\/figure>\n<\/div>\n<\/div>\n\n\n\n<p>O telesc\u00f3pio de mu\u00f5es CorePix foi constru\u00eddo e montado no laborat\u00f3rio do LIP em Coimbra e \u00e9 constitu\u00eddo por 4 planos onde \u00e9 detetada a passagem dos mu\u00f5es. Este planos s\u00e3o C\u00e2maras de Placas Resistivas ou RPCs (Resistive Plate Chambers). A efici\u00eancia e uniformidade de cada plano \u00e9 tamb\u00e9m calibrada no laborat\u00f3rio de detetores.<\/p>\n\n\n\n<div style=\"height:11px\" aria-hidden=\"true\" class=\"wp-block-spacer\"><\/div>\n\n\n\n<div class=\"wp-block-columns is-layout-flex wp-container-core-columns-is-layout-9d6595d7 wp-block-columns-is-layout-flex\">\n<div class=\"wp-block-column is-layout-flow wp-block-column-is-layout-flow\">\n<figure class=\"wp-block-image size-full\"><img decoding=\"async\" width=\"574\" height=\"454\" src=\"https:\/\/pages.lip.pt\/loumu\/wp-content\/uploads\/sites\/7\/2021\/10\/rpc1.png\" alt=\"\" class=\"wp-image-543\" srcset=\"https:\/\/pages.lip.pt\/loumu\/wp-content\/uploads\/sites\/7\/2021\/10\/rpc1.png 574w, https:\/\/pages.lip.pt\/loumu\/wp-content\/uploads\/sites\/7\/2021\/10\/rpc1-300x237.png 300w\" sizes=\"(max-width: 574px) 100vw, 574px\" \/><figcaption class=\"wp-element-caption\">Esquema da configura\u00e7\u00e3o do RPC superior do telesc\u00f3pio; os pads de dete\u00e7\u00e3o est\u00e3o arranjados em colunas<\/figcaption><\/figure>\n<\/div>\n\n\n\n<div class=\"wp-block-column is-layout-flow wp-block-column-is-layout-flow\">\n<figure class=\"wp-block-image size-full\"><img loading=\"lazy\" decoding=\"async\" width=\"624\" height=\"483\" src=\"https:\/\/pages.lip.pt\/loumu\/wp-content\/uploads\/sites\/7\/2021\/10\/rpc2.png\" alt=\"\" class=\"wp-image-544\" srcset=\"https:\/\/pages.lip.pt\/loumu\/wp-content\/uploads\/sites\/7\/2021\/10\/rpc2.png 624w, https:\/\/pages.lip.pt\/loumu\/wp-content\/uploads\/sites\/7\/2021\/10\/rpc2-300x232.png 300w\" sizes=\"(max-width: 624px) 100vw, 624px\" \/><figcaption class=\"wp-element-caption\">Esquema da configura\u00e7\u00e3o dos restantes 3 RPCs; os pads de dete\u00e7\u00e3o t\u00eam formas diferentes e no centro  subdividem-se em quadrados mais pequenos &#8211; o CorePix<\/figcaption><\/figure>\n<\/div>\n<\/div>\n\n\n\n<div style=\"height:1px\" aria-hidden=\"true\" class=\"wp-block-spacer\"><\/div>\n\n\n\n<p> Cada plano tem a dimens\u00e3o de 1 m x 1 m e a dist\u00e2ncia entre eles pode variar, tipicamente \u00e9 de 33,5 cm. O plano RPC superior do telesc\u00f3pio \u00e9 composto por 64 pads de dete\u00e7\u00e3o, organizados em colunas e \u00e9 usado apenas para confirmar as dete\u00e7\u00f5es.  Os outros 3 planos RPC t\u00eam tamb\u00e9m 64 pads, mas organizados em formas diferentes. A zona central destes 3 RPC d\u00e3o o nome ao telesc\u00f3pio, \u00e9 o que chamamos de CorePix e \u00e9 formado por 7&#215;7 pads de 4 cm de lado cada que permitem observar com uma maior resolu\u00e7\u00e3o nesta zona. <\/p>\n\n\n\n<div style=\"height:35px\" aria-hidden=\"true\" class=\"wp-block-spacer\"><\/div>\n\n\n\n<figure class=\"wp-block-image size-full\"><img loading=\"lazy\" decoding=\"async\" width=\"860\" height=\"320\" src=\"https:\/\/pages.lip.pt\/loumu\/wp-content\/uploads\/sites\/7\/2021\/10\/coimbra.png\" alt=\"\" class=\"wp-image-545\" srcset=\"https:\/\/pages.lip.pt\/loumu\/wp-content\/uploads\/sites\/7\/2021\/10\/coimbra.png 860w, https:\/\/pages.lip.pt\/loumu\/wp-content\/uploads\/sites\/7\/2021\/10\/coimbra-300x112.png 300w, https:\/\/pages.lip.pt\/loumu\/wp-content\/uploads\/sites\/7\/2021\/10\/coimbra-768x286.png 768w\" sizes=\"(max-width: 767px) 89vw, (max-width: 1000px) 54vw, (max-width: 1071px) 543px, 580px\" \/><figcaption class=\"wp-element-caption\">Esquema da posi\u00e7\u00e3o do CorePix durante a observa\u00e7\u00e3o de otimiza\u00e7\u00e3o relativa \u00e0 fachada do edif\u00edcio do Departamento de F\u00edsica da Faculdade de Ci\u00eancias (posi\u00e7\u00e3o em setembro de 2020)<\/figcaption><\/figure>\n\n\n\n<div style=\"height:25px\" aria-hidden=\"true\" class=\"wp-block-spacer\"><\/div>\n\n\n\n<p>O laborat\u00f3rio de detetores localiza-se por baixo da zona da entrada do Departamento de F\u00edsica da Universidade de Coimbra. Durante a otimiza\u00e7\u00e3o do telesc\u00f3pio, foram sendo criadas muografias em diferentes posi\u00e7\u00f5es, a partir do n\u00edvel subterr\u00e2neo do laborat\u00f3rio, que podem ser confrontadas com a estrutura conhecida do edif\u00edcio.<\/p>\n\n\n\n<p>Uma muografia \u00e9 a imagem obtida pelo telesc\u00f3pio de mu\u00f5es a partir das contagens dos mu\u00f5es detetados em cada dire\u00e7\u00e3o dentro da \u00e1rea angular da observa\u00e7\u00e3o. Essa \u00e1rea corresponde \u00e0 proje\u00e7\u00e3o de uma pir\u00e2mide quadrangular, com v\u00e9rtice no centro do detetor (representada pelo tri\u00e2ngulo amarelo na imagem da fachada do edif\u00edcio). A resolu\u00e7\u00e3o das muografias, isto \u00e9, o n\u00edvel de detalhe que se v\u00ea nas imagens, depende do tamanho dos pads detetores usados nos RPCs e da dist\u00e2ncia vertical entre os diferentes planos RPC.  <\/p>\n\n\n\n<div style=\"height:35px\" aria-hidden=\"true\" class=\"wp-block-spacer\"><\/div>\n\n\n\n<figure class=\"wp-block-image size-large\"><img loading=\"lazy\" decoding=\"async\" width=\"1024\" height=\"552\" src=\"https:\/\/pages.lip.pt\/loumu\/wp-content\/uploads\/sites\/7\/2021\/10\/muograph1-1024x552.png\" alt=\"\" class=\"wp-image-549\" srcset=\"https:\/\/pages.lip.pt\/loumu\/wp-content\/uploads\/sites\/7\/2021\/10\/muograph1-1024x552.png 1024w, https:\/\/pages.lip.pt\/loumu\/wp-content\/uploads\/sites\/7\/2021\/10\/muograph1-300x162.png 300w, https:\/\/pages.lip.pt\/loumu\/wp-content\/uploads\/sites\/7\/2021\/10\/muograph1-768x414.png 768w, https:\/\/pages.lip.pt\/loumu\/wp-content\/uploads\/sites\/7\/2021\/10\/muograph1.png 1026w\" sizes=\"(max-width: 767px) 89vw, (max-width: 1000px) 54vw, (max-width: 1071px) 543px, 580px\" \/><figcaption class=\"wp-element-caption\">Localiza\u00e7\u00e3o do telesc\u00f3pio em setembro de 2020 e muografia obtida no per\u00edodo da observa\u00e7\u00e3o<\/figcaption><\/figure>\n\n\n\n<div style=\"height:30px\" aria-hidden=\"true\" class=\"wp-block-spacer\"><\/div>\n\n\n\n<p>Em setembro de 2020, o telesc\u00f3pio estava posicionado debaixo da entrada do Departamento de F\u00edsica. A muografia obtida mostra uma grande \u00e1rea em tons castanhos onde a contagem de mu\u00f5es detetados foi bastante maior e corresponde \u00e0 \u00e1rea a c\u00e9u aberto, no exterior da entrada. A zona em tons amarelos, acima e \u00e0 direita na muografia, corresponde \u00e0 \u00e1rea da observa\u00e7\u00e3o que apanha os quatro pisos superiores do edif\u00edcio e por isso registou menos contagens de mu\u00f5es.  A  escala de cores usada mostra o n\u00famero de contagens dividido por uma observa\u00e7\u00e3o de refer\u00eancia, realizada numa posi\u00e7\u00e3o dentro do laborat\u00f3rio coberta de forma uniforme pelo edif\u00edcio. <\/p>\n\n\n\n<p>De forma simples, esta \u00e9 a base da sondagem feita com muografia. Quanto mais mat\u00e9ria ou mais denso for o material necess\u00e1rio atravessar para chegar ao detetor, menor \u00e9 o n\u00famero de mu\u00f5es que ser\u00e3o detetados, pois os mu\u00f5es com energia suficiente para atravessar muita mat\u00e9ria existem em menor quantidade. Mas \u00e9 isso que permite distinguir zonas com materiais diferentes.<\/p>\n\n\n\n<p>O espa\u00e7o de entrada do departamento \u00e9 uma zona livre de pisos superiores, sendo coberto apenas pelo telhado, e o espa\u00e7o est\u00e1 apenas ocupado por um p\u00eandulo de Focault de grandes dimens\u00f5es, suspenso no teto. Por esta raz\u00e3o, \u00e9 poss\u00edvel notar na muografia da imagem acima, no canto inferior direito, uma \u00e1rea com mais contagens de mu\u00f5es, identificada como a entrada do edif\u00edcio.<\/p>\n\n\n\n<div style=\"height:20px\" aria-hidden=\"true\" class=\"wp-block-spacer\"><\/div>\n\n\n\n<figure class=\"wp-block-image size-large\"><img loading=\"lazy\" decoding=\"async\" width=\"1024\" height=\"671\" src=\"https:\/\/pages.lip.pt\/loumu\/wp-content\/uploads\/sites\/7\/2021\/11\/detection2-1024x671.png\" alt=\"\" class=\"wp-image-1134\" srcset=\"https:\/\/pages.lip.pt\/loumu\/wp-content\/uploads\/sites\/7\/2021\/11\/detection2-1024x671.png 1024w, https:\/\/pages.lip.pt\/loumu\/wp-content\/uploads\/sites\/7\/2021\/11\/detection2-300x197.png 300w, https:\/\/pages.lip.pt\/loumu\/wp-content\/uploads\/sites\/7\/2021\/11\/detection2-768x503.png 768w, https:\/\/pages.lip.pt\/loumu\/wp-content\/uploads\/sites\/7\/2021\/11\/detection2.png 1068w\" sizes=\"(max-width: 767px) 89vw, (max-width: 1000px) 54vw, (max-width: 1071px) 543px, 580px\" \/><figcaption class=\"wp-element-caption\">Esquema da constru\u00e7\u00e3o da trajet\u00f3ria de um mu\u00e3o pelos sinais gerados nos 4 planos RPC.<\/figcaption><\/figure>\n\n\n\n<div style=\"height:32px\" aria-hidden=\"true\" class=\"wp-block-spacer\"><\/div>\n\n\n\n<p>Cada RPC tem  um g\u00e1s que \u00e9 ionizado na passagem de cada mu\u00e3o, produzindo um sinal el\u00e9trico que \u00e9 registado em cada pad. O mu\u00e3o \u00e9 identificado por sinais simult\u00e2neos nos v\u00e1rios planos.  Os mu\u00f5es viajam em linha reta e  a dire\u00e7\u00e3o da sua trajet\u00f3ria \u00e9 reconstru\u00edda pelos pads que geraram maior sinal em cada plano.<\/p>\n\n\n\n<p>Uma pequena base de dados est\u00e1 dispon\u00edvel para visualizar em forma din\u00e2mica alguns dos mu\u00f5es detetados em diferentes per\u00edodos de observa\u00e7\u00e3o. <\/p>\n\n\n\n<p>Para explorar, visita <strong><a href=\"https:\/\/www.lip.pt\/~sofia\/Divulg\/MuTom\/MuTomCoimbraData.html\" data-type=\"URL\" data-id=\"https:\/\/www.lip.pt\/~sofia\/Divulg\/MuTom\/MuTomCoimbraData.html\">| DETE\u00c7\u00d5ES DOS MU\u00d5ES NAS RPCS DO COREPIX |<\/a><\/strong><\/p>\n","protected":false},"excerpt":{"rendered":"<p>Em Coimbra, num andar subterr\u00e2neo da Faculdade de Ci\u00eancias, encontra-se o laborat\u00f3rio de detetores do LIP, onde s\u00e3o desenvolvidos novos instrumentos para dete\u00e7\u00e3o de radia\u00e7\u00e3o e part\u00edculas. Para o projecto LouMu , foi neste lugar que o principal telesc\u00f3pio de mu\u00f5es &#8211; CorePix &#8211; passou a sua fase de otimiza\u00e7\u00e3o, antes de ser instalado na &hellip; <\/p>\n<p class=\"link-more\"><a href=\"https:\/\/pages.lip.pt\/loumu\/telescopio\/\" class=\"more-link\">Continue reading<span class=\"screen-reader-text\"> &#8220;Em Coimbra&#8221;<\/span><\/a><\/p>\n","protected":false},"author":6,"featured_media":0,"parent":0,"menu_order":0,"comment_status":"closed","ping_status":"closed","template":"","meta":{"footnotes":""},"class_list":["post-84","page","type-page","status-publish","hentry"],"_links":{"self":[{"href":"https:\/\/pages.lip.pt\/loumu\/wp-json\/wp\/v2\/pages\/84","targetHints":{"allow":["GET"]}}],"collection":[{"href":"https:\/\/pages.lip.pt\/loumu\/wp-json\/wp\/v2\/pages"}],"about":[{"href":"https:\/\/pages.lip.pt\/loumu\/wp-json\/wp\/v2\/types\/page"}],"author":[{"embeddable":true,"href":"https:\/\/pages.lip.pt\/loumu\/wp-json\/wp\/v2\/users\/6"}],"replies":[{"embeddable":true,"href":"https:\/\/pages.lip.pt\/loumu\/wp-json\/wp\/v2\/comments?post=84"}],"version-history":[{"count":37,"href":"https:\/\/pages.lip.pt\/loumu\/wp-json\/wp\/v2\/pages\/84\/revisions"}],"predecessor-version":[{"id":1348,"href":"https:\/\/pages.lip.pt\/loumu\/wp-json\/wp\/v2\/pages\/84\/revisions\/1348"}],"wp:attachment":[{"href":"https:\/\/pages.lip.pt\/loumu\/wp-json\/wp\/v2\/media?parent=84"}],"curies":[{"name":"wp","href":"https:\/\/api.w.org\/{rel}","templated":true}]}}