{"id":7,"date":"2021-01-14T15:28:11","date_gmt":"2021-01-14T15:28:11","guid":{"rendered":"https:\/\/pages.lip.pt\/loumu\/?page_id=7"},"modified":"2025-09-23T18:30:13","modified_gmt":"2025-09-23T18:30:13","slug":"overview","status":"publish","type":"page","link":"https:\/\/pages.lip.pt\/loumu\/","title":{"rendered":"LouMu<gwmw style=\"display:none;\"><\/gwmw>"},"content":{"rendered":"<div class=\"wp-block-columns\">&nbsp;<\/div>\n\n\n<div class=\"wp-block-columns is-layout-flex wp-container-core-columns-is-layout-9d6595d7 wp-block-columns-is-layout-flex\">\n<div class=\"wp-block-column is-layout-flow wp-block-column-is-layout-flow\">\n<blockquote class=\"wp-block-quote is-layout-flow wp-block-quote-is-layout-flow\">\n<p>LouMu \u00e9 um projeto cient\u00edfico que combina f\u00edsica de part\u00edculas e geof\u00edsica para mapear grandes estruturas geol\u00f3gicas, usando a t\u00e9cnica de Tomografia Mu\u00f3nica. <\/p>\n\n\n\n<p>S\u00e3o parceiros neste projeto o <a href=\"http:\/\/www.lip.pt\">LIP<\/a>, o <a href=\"https:\/\/www.icterra.pt\/\">Instituto de Ci\u00eancias da Terra <\/a>da <a href=\"https:\/\/www.uevora.pt\/\" data-type=\"URL\" data-id=\"https:\/\/www.uevora.pt\/\">Universidade de \u00c9vora<\/a> e a <a href=\"https:\/\/lousal.cienciaviva.pt\/\">Mina de Ci\u00eancia &#8211; Centro Ci\u00eancia Viva do Lousal<\/a>, tamb\u00e9m em colabora\u00e7\u00e3o com o <a href=\"https:\/\/www.lneg.pt\/\" data-type=\"URL\" data-id=\"https:\/\/www.lneg.pt\/\">LNEG<\/a>.<\/p>\n<\/blockquote>\n\n\n\n<hr class=\"wp-block-separator has-css-opacity is-style-dots\"\/>\n\n\n\n<div class=\"wp-block-columns is-layout-flex wp-container-core-columns-is-layout-9d6595d7 wp-block-columns-is-layout-flex\">\n<div class=\"wp-block-column is-layout-flow wp-block-column-is-layout-flow\">\n<div class=\"wp-block-buttons is-content-justification-center is-layout-flex wp-container-core-buttons-is-layout-16018d1d wp-block-buttons-is-layout-flex\">\n<div class=\"wp-block-button is-style-outline is-style-outline--1\"><a class=\"wp-block-button__link has-white-color has-luminous-vivid-amber-background-color has-text-color has-background has-link-color wp-element-button\" href=\"https:\/\/pages.lip.pt\/loumu\/no-lousal-2\/\">A MUOGRAFIA NA MINA<gwmw style=\"display:none;\"><\/gwmw><\/a><\/div>\n<\/div>\n\n\n\n<p class=\"has-black-color has-text-color has-link-color has-small-font-size wp-elements-64de5f624766f6d625c8d52d4bbb796a\"><strong> &#8211;  clica e descobre como a muografia acontece na mina  &#8211;<\/strong><br><\/p>\n<\/div>\n\n\n\n<div class=\"wp-block-column is-layout-flow wp-block-column-is-layout-flow\">\n<div class=\"wp-block-buttons is-content-justification-center is-layout-flex wp-container-core-buttons-is-layout-16018d1d wp-block-buttons-is-layout-flex\">\n<div class=\"wp-block-button is-style-outline is-style-outline--2\"><a class=\"wp-block-button__link has-white-color has-vivid-red-background-color has-text-color has-background has-link-color wp-element-button\" href=\"https:\/\/www.lip.pt\/experiments\/LouMu_\/tablets\/index4.html\">O TELESC\u00d3PIO AGORA <gwmw style=\"display:none;\"><\/gwmw><\/a><\/div>\n<\/div>\n\n\n\n<p class=\"has-black-color has-text-color has-link-color has-small-font-size wp-elements-8ec962820b925249ae366f40a37d94ba\"><strong> &#8211;  clica e observa a dete\u00e7\u00e3o dos mu\u00f5es no telesc\u00f3pio  &#8211;<\/strong><br><\/p>\n<\/div>\n<\/div>\n\n\n\n<div class=\"wp-block-group\"><div class=\"wp-block-group__inner-container is-layout-constrained wp-block-group-is-layout-constrained\">\n<blockquote class=\"wp-block-quote has-text-align-center has-black-color has-text-color has-link-color has-medium-font-size wp-elements-52547a888b7fad17fd45a0e61070e7f8 is-layout-flow wp-block-quote-is-layout-flow\">\n<div class=\"wp-block-buttons is-content-justification-center is-layout-flex wp-container-core-buttons-is-layout-16018d1d wp-block-buttons-is-layout-flex\">\n<div class=\"wp-block-button is-style-outline is-style-outline--3\"><a class=\"wp-block-button__link has-white-color has-text-color has-background has-link-color wp-element-button\" href=\"https:\/\/pages.lip.pt\/loumu\/no-lousal\/\" style=\"background-color:#343eaa\">MU\u00d5ES C\u00d3SMICOS NA MINA<gwmw style=\"display:none;\"><\/gwmw><\/a><\/div>\n<\/div>\n<cite><strong>&#8211; participa nas atividades de ver\u00e3o e descobre os resultados da muografia &#8211;<\/strong><br><gwmw style=\"display:none;\"><\/gwmw><\/cite><\/blockquote>\n<\/div><\/div>\n\n\n\n<hr class=\"wp-block-separator has-css-opacity is-style-dots\"\/>\n<\/div>\n<\/div>\n\n\n\n<figure class=\"wp-block-image size-large\"><img fetchpriority=\"high\" decoding=\"async\" width=\"1024\" height=\"719\" src=\"https:\/\/pages.lip.pt\/loumu\/wp-content\/uploads\/sites\/7\/2021\/11\/Brochura_LouMu_PT-1024x719.png\" alt=\"\" class=\"wp-image-712\" srcset=\"https:\/\/pages.lip.pt\/loumu\/wp-content\/uploads\/sites\/7\/2021\/11\/Brochura_LouMu_PT-1024x719.png 1024w, https:\/\/pages.lip.pt\/loumu\/wp-content\/uploads\/sites\/7\/2021\/11\/Brochura_LouMu_PT-300x211.png 300w, https:\/\/pages.lip.pt\/loumu\/wp-content\/uploads\/sites\/7\/2021\/11\/Brochura_LouMu_PT-768x540.png 768w, https:\/\/pages.lip.pt\/loumu\/wp-content\/uploads\/sites\/7\/2021\/11\/Brochura_LouMu_PT-1536x1079.png 1536w, https:\/\/pages.lip.pt\/loumu\/wp-content\/uploads\/sites\/7\/2021\/11\/Brochura_LouMu_PT.png 1698w\" sizes=\"(max-width: 767px) 89vw, (max-width: 1000px) 54vw, (max-width: 1071px) 543px, 580px\" \/><\/figure>\n\n\n\n<div style=\"height:50px\" aria-hidden=\"true\" class=\"wp-block-spacer\"><\/div>\n\n\n\n<figure class=\"wp-block-image size-large\"><img decoding=\"async\" width=\"1024\" height=\"709\" src=\"https:\/\/pages.lip.pt\/loumu\/wp-content\/uploads\/sites\/7\/2021\/11\/Brochura_LouMu_PT2-1024x709.png\" alt=\"\" class=\"wp-image-713\" srcset=\"https:\/\/pages.lip.pt\/loumu\/wp-content\/uploads\/sites\/7\/2021\/11\/Brochura_LouMu_PT2-1024x709.png 1024w, https:\/\/pages.lip.pt\/loumu\/wp-content\/uploads\/sites\/7\/2021\/11\/Brochura_LouMu_PT2-300x208.png 300w, https:\/\/pages.lip.pt\/loumu\/wp-content\/uploads\/sites\/7\/2021\/11\/Brochura_LouMu_PT2-768x532.png 768w, https:\/\/pages.lip.pt\/loumu\/wp-content\/uploads\/sites\/7\/2021\/11\/Brochura_LouMu_PT2-1536x1064.png 1536w, https:\/\/pages.lip.pt\/loumu\/wp-content\/uploads\/sites\/7\/2021\/11\/Brochura_LouMu_PT2.png 1686w\" sizes=\"(max-width: 767px) 89vw, (max-width: 1000px) 54vw, (max-width: 1071px) 543px, 580px\" \/><\/figure>\n\n\n\n<div style=\"height:1px\" aria-hidden=\"true\" class=\"wp-block-spacer\"><\/div>\n\n\n\n<hr class=\"wp-block-separator has-css-opacity is-style-dots\"\/>\n\n\n\n<p>Outros projetos relacionados do LIP:<\/p>\n\n\n\n<p>|  <a href=\"https:\/\/www.lip.pt\/?section=research&amp;page=research-group-details&amp;details=project&amp;projectid=13&amp;line=Cosmic-rays\">AUGER <\/a> |  <a href=\"https:\/\/www.lip.pt\/?section=research&amp;page=research-group-details&amp;details=project&amp;projectid=85&amp;line=Cosmic-rays\" data-type=\"URL\">LATTES<\/a>  |  <a href=\"https:\/\/www.lip.pt\/?section=research&amp;page=research-group-details&amp;details=project&amp;projectid=28&amp;line=Detector-development-for-particle-and-nuclear-physics\">RPC R&amp;D<\/a> | <\/p>\n","protected":false},"excerpt":{"rendered":"<p>&nbsp; LouMu \u00e9 um projeto cient\u00edfico que combina f\u00edsica de part\u00edculas e geof\u00edsica para mapear grandes estruturas geol\u00f3gicas, usando a t\u00e9cnica de Tomografia Mu\u00f3nica. S\u00e3o parceiros neste projeto o LIP, o Instituto de Ci\u00eancias da Terra da Universidade de \u00c9vora e a Mina de Ci\u00eancia &#8211; Centro Ci\u00eancia Viva do Lousal, tamb\u00e9m em colabora\u00e7\u00e3o com &hellip; <\/p>\n<p class=\"link-more\"><a href=\"https:\/\/pages.lip.pt\/loumu\/\" class=\"more-link\">Continue reading<span class=\"screen-reader-text\"> &#8220;LouMu<gwmw style=\"display:none;\"><\/gwmw>&#8220;<\/span><\/a><\/p>\n","protected":false},"author":1,"featured_media":0,"parent":0,"menu_order":0,"comment_status":"closed","ping_status":"closed","template":"","meta":{"footnotes":""},"class_list":["post-7","page","type-page","status-publish","hentry"],"_links":{"self":[{"href":"https:\/\/pages.lip.pt\/loumu\/wp-json\/wp\/v2\/pages\/7","targetHints":{"allow":["GET"]}}],"collection":[{"href":"https:\/\/pages.lip.pt\/loumu\/wp-json\/wp\/v2\/pages"}],"about":[{"href":"https:\/\/pages.lip.pt\/loumu\/wp-json\/wp\/v2\/types\/page"}],"author":[{"embeddable":true,"href":"https:\/\/pages.lip.pt\/loumu\/wp-json\/wp\/v2\/users\/1"}],"replies":[{"embeddable":true,"href":"https:\/\/pages.lip.pt\/loumu\/wp-json\/wp\/v2\/comments?post=7"}],"version-history":[{"count":52,"href":"https:\/\/pages.lip.pt\/loumu\/wp-json\/wp\/v2\/pages\/7\/revisions"}],"predecessor-version":[{"id":1558,"href":"https:\/\/pages.lip.pt\/loumu\/wp-json\/wp\/v2\/pages\/7\/revisions\/1558"}],"wp:attachment":[{"href":"https:\/\/pages.lip.pt\/loumu\/wp-json\/wp\/v2\/media?parent=7"}],"curies":[{"name":"wp","href":"https:\/\/api.w.org\/{rel}","templated":true}]}}