{"id":472,"date":"2021-10-16T22:10:25","date_gmt":"2021-10-16T22:10:25","guid":{"rendered":"https:\/\/pages.lip.pt\/loumu\/?page_id=472"},"modified":"2021-10-22T18:15:43","modified_gmt":"2021-10-22T18:15:43","slug":"simulacoes","status":"publish","type":"page","link":"https:\/\/pages.lip.pt\/loumu\/simulacoes\/","title":{"rendered":"Simula\u00e7\u00f5es"},"content":{"rendered":"\n<blockquote class=\"wp-block-quote is-layout-flow wp-block-quote-is-layout-flow\"><p>Um dos elementos necess\u00e1rios para analisar dados muogr\u00e1ficos de um telesc\u00f3pio de mu\u00f5es s\u00e3o muografias obtidas em simula\u00e7\u00f5es dos cen\u00e1rios reais a observar. <\/p><p>As simula\u00e7\u00f5es permitem prever os resultados e descobrir, por compara\u00e7\u00e3o com as muografias obtidas no terreno, elementos desconhecidos na zona da observa\u00e7\u00e3o.<\/p><\/blockquote>\n\n\n\n<hr class=\"wp-block-separator is-style-dots\" \/>\n\n\n\n<div style=\"height:35px\" aria-hidden=\"true\" class=\"wp-block-spacer\"><\/div>\n\n\n\n<p>Para analisar a informa\u00e7\u00e3o muogr\u00e1fica obtida nas observa\u00e7\u00f5es reais s\u00e3o constru\u00eddas simula\u00e7\u00f5es que se usam como refer\u00eancias. O software utilzado para desenvolver as simula\u00e7\u00f5es \u00e9 o Geant4, que foi desenhado pelo CERN para simular o percurso das part\u00edculas. Este mesmo software \u00e9 usado em muografia para simular a cria\u00e7\u00e3o e injec\u00e7\u00e3o dos mu\u00f5es atrav\u00e9s da mat\u00e9ria e a sua dete\u00e7\u00e3o em planos sensiveis \u00e0 sua passagem.<\/p>\n\n\n\n<div style=\"height:31px\" aria-hidden=\"true\" class=\"wp-block-spacer\"><\/div>\n\n\n\n<div class=\"wp-block-columns is-layout-flex wp-container-core-columns-is-layout-9d6595d7 wp-block-columns-is-layout-flex\">\n<div class=\"wp-block-column is-layout-flow wp-block-column-is-layout-flow\">\n<figure class=\"wp-block-image size-full\"><img fetchpriority=\"high\" decoding=\"async\" width=\"750\" height=\"658\" src=\"https:\/\/pages.lip.pt\/loumu\/wp-content\/uploads\/sites\/7\/2021\/10\/Screenshot-2021-10-18-20.36.34.png\" alt=\"\" class=\"wp-image-595\" srcset=\"https:\/\/pages.lip.pt\/loumu\/wp-content\/uploads\/sites\/7\/2021\/10\/Screenshot-2021-10-18-20.36.34.png 750w, https:\/\/pages.lip.pt\/loumu\/wp-content\/uploads\/sites\/7\/2021\/10\/Screenshot-2021-10-18-20.36.34-300x263.png 300w\" sizes=\"(max-width: 706px) 89vw, (max-width: 767px) 82vw, 740px\" \/><figcaption>Descri\u00e7\u00e3o da geometria simulada do cen\u00e1rio da mina, com o po\u00e7o e a zona de falha como alvos da observa\u00e7\u00e3o; o terreno tem 18 m de profundidade<\/figcaption><\/figure>\n\n\n\n<figure class=\"wp-block-image size-full\"><img decoding=\"async\" width=\"602\" height=\"602\" src=\"https:\/\/pages.lip.pt\/loumu\/wp-content\/uploads\/sites\/7\/2021\/10\/Simulation-3D-2.png\" alt=\"\" class=\"wp-image-593\" srcset=\"https:\/\/pages.lip.pt\/loumu\/wp-content\/uploads\/sites\/7\/2021\/10\/Simulation-3D-2.png 602w, https:\/\/pages.lip.pt\/loumu\/wp-content\/uploads\/sites\/7\/2021\/10\/Simulation-3D-2-300x300.png 300w, https:\/\/pages.lip.pt\/loumu\/wp-content\/uploads\/sites\/7\/2021\/10\/Simulation-3D-2-150x150.png 150w, https:\/\/pages.lip.pt\/loumu\/wp-content\/uploads\/sites\/7\/2021\/10\/Simulation-3D-2-100x100.png 100w\" sizes=\"(max-width: 602px) 100vw, 602px\" \/><figcaption>Vista 3D da geometria com a sec\u00e7\u00e3o da mina que cont\u00e9m o po\u00e7o; o volume retangular na vertical \u00e9 a caixa de falha <\/figcaption><\/figure>\n<\/div>\n\n\n\n<div class=\"wp-block-column is-layout-flow wp-block-column-is-layout-flow\">\n<figure class=\"wp-block-image size-full\"><img decoding=\"async\" width=\"596\" height=\"520\" src=\"https:\/\/pages.lip.pt\/loumu\/wp-content\/uploads\/sites\/7\/2021\/10\/Simulation-Muons-2.png\" alt=\"\" class=\"wp-image-596\" srcset=\"https:\/\/pages.lip.pt\/loumu\/wp-content\/uploads\/sites\/7\/2021\/10\/Simulation-Muons-2.png 596w, https:\/\/pages.lip.pt\/loumu\/wp-content\/uploads\/sites\/7\/2021\/10\/Simulation-Muons-2-300x262.png 300w\" sizes=\"(max-width: 596px) 100vw, 596px\" \/><figcaption>Exemplo das trajet\u00f3rias de alguns mu\u00f5es a atravessar o volume do terreno em dire\u00e7\u00e3o ao telesc\u00f3pio; s\u00f3 as traject\u00f3rias na dire\u00e7\u00e3o do detetor s\u00e3o representadas<\/figcaption><\/figure>\n\n\n\n<p><\/p>\n\n\n\n<figure class=\"wp-block-image size-full\"><img loading=\"lazy\" decoding=\"async\" width=\"602\" height=\"601\" src=\"https:\/\/pages.lip.pt\/loumu\/wp-content\/uploads\/sites\/7\/2021\/10\/Simulation-3D-1.png\" alt=\"\" class=\"wp-image-594\" srcset=\"https:\/\/pages.lip.pt\/loumu\/wp-content\/uploads\/sites\/7\/2021\/10\/Simulation-3D-1.png 602w, https:\/\/pages.lip.pt\/loumu\/wp-content\/uploads\/sites\/7\/2021\/10\/Simulation-3D-1-300x300.png 300w, https:\/\/pages.lip.pt\/loumu\/wp-content\/uploads\/sites\/7\/2021\/10\/Simulation-3D-1-150x150.png 150w, https:\/\/pages.lip.pt\/loumu\/wp-content\/uploads\/sites\/7\/2021\/10\/Simulation-3D-1-100x100.png 100w\" sizes=\"(max-width: 602px) 100vw, 602px\" \/><figcaption>Outro \u00e2ngulo em 3D da mesma geometria <\/figcaption><\/figure>\n<\/div>\n<\/div>\n\n\n\n<p>A geometria da simula\u00e7\u00e3o das imagens acima \u00e9 uma vers\u00e3o simplificada da sec\u00e7\u00e3o da Galeria Waldemar onde se encontra o prot\u00f3tipo MiniMu. A mina est\u00e1 dentro de um volume de terreno com densidade homog\u00e9nea de 2,6 g\/cm<sup>3<\/sup> e uma altura de 18 m. A coluna do po\u00e7o cont\u00e9m apenas ar e \u00e0 sua esquerda est\u00e1 o volume da zona da falha, designada caixa de falha, que apresenta uma densidade inferior ao restante terreno, 2,2 g\/cm<sup>3<\/sup>.  Nesta simula\u00e7\u00e3o, estes dois volumes s\u00e3o os alvos a identificar na observa\u00e7\u00e3o.<\/p>\n\n\n\n<p>Um fluxo de mu\u00f5es \u00e9 simulado, de acordo com uma uma paremetriza\u00e7\u00e3o estudada para um per\u00edodo determindado, e o resultado s\u00e3o muografias que mostram a distribui\u00e7\u00e3o prevista e os contrastes entre as zonas de diferente densidade na \u00e1rea sob observa\u00e7\u00e3o. <\/p>\n\n\n\n<div style=\"height:32px\" aria-hidden=\"true\" class=\"wp-block-spacer\"><\/div>\n\n\n\n<div class=\"wp-block-columns is-layout-flex wp-container-core-columns-is-layout-9d6595d7 wp-block-columns-is-layout-flex\">\n<div class=\"wp-block-column is-layout-flow wp-block-column-is-layout-flow\">\n<figure class=\"wp-block-image size-full\"><img loading=\"lazy\" decoding=\"async\" width=\"506\" height=\"409\" src=\"https:\/\/pages.lip.pt\/loumu\/wp-content\/uploads\/sites\/7\/2021\/10\/01.Mine_Well_Ref_08d_2-1.png\" alt=\"\" class=\"wp-image-599\" srcset=\"https:\/\/pages.lip.pt\/loumu\/wp-content\/uploads\/sites\/7\/2021\/10\/01.Mine_Well_Ref_08d_2-1.png 506w, https:\/\/pages.lip.pt\/loumu\/wp-content\/uploads\/sites\/7\/2021\/10\/01.Mine_Well_Ref_08d_2-1-300x242.png 300w\" sizes=\"(max-width: 506px) 100vw, 506px\" \/><figcaption>Muografia sem o volume da falha e s\u00f3 com o po\u00e7o (8 dias)<\/figcaption><\/figure>\n\n\n\n<p><\/p>\n<\/div>\n\n\n\n<div class=\"wp-block-column is-layout-flow wp-block-column-is-layout-flow\">\n<figure class=\"wp-block-image size-full\"><img loading=\"lazy\" decoding=\"async\" width=\"515\" height=\"409\" src=\"https:\/\/pages.lip.pt\/loumu\/wp-content\/uploads\/sites\/7\/2021\/10\/MineFault_Pro_8d_1.png\" alt=\"\" class=\"wp-image-583\" srcset=\"https:\/\/pages.lip.pt\/loumu\/wp-content\/uploads\/sites\/7\/2021\/10\/MineFault_Pro_8d_1.png 515w, https:\/\/pages.lip.pt\/loumu\/wp-content\/uploads\/sites\/7\/2021\/10\/MineFault_Pro_8d_1-300x238.png 300w\" sizes=\"(max-width: 515px) 100vw, 515px\" \/><figcaption> Muografia com o volume da falha e com o po\u00e7o (8 dias) <\/figcaption><\/figure>\n<\/div>\n<\/div>\n\n\n\n<p>Em rela\u00e7\u00e3o \u00e0 muografia da esquerda, s\u00f3 com o po\u00e7o, \u00e9 poss\u00edvel notar como a distribui\u00e7\u00e3o das contagens se altera quando \u00e9 introduzido o volume da caixa de falha, a distribui\u00e7\u00e3o deixou de ser sim\u00e9trica. Como a caixa de falha tem uma densidade mais baixa do que a do terreno, o n\u00famero de contagens de mu\u00f5es que chegou ao detetor dessa dire\u00e7\u00e3o  aumentou.  <\/p>\n\n\n\n<p>De forma a analisar a informa\u00e7\u00e3o contida nas muografias de contagens est\u00e3o a ser usados dois par\u00e2metros para fazer sobressair n\u00e3o s\u00f3 grandes contrastes como materiais com diferen\u00e7as de densidade mais pequenas, como \u00e9 o caso da caixa de falha.<\/p>\n\n\n\n<div style=\"height:24px\" aria-hidden=\"true\" class=\"wp-block-spacer\"><\/div>\n\n\n\n<div class=\"wp-block-columns is-layout-flex wp-container-core-columns-is-layout-9d6595d7 wp-block-columns-is-layout-flex\">\n<div class=\"wp-block-column is-layout-flow wp-block-column-is-layout-flow\">\n<figure class=\"wp-block-image size-full\"><img loading=\"lazy\" decoding=\"async\" width=\"813\" height=\"740\" src=\"https:\/\/pages.lip.pt\/loumu\/wp-content\/uploads\/sites\/7\/2021\/10\/MineFault_MineWellRef_16d-1.png\" alt=\"\" class=\"wp-image-585\" srcset=\"https:\/\/pages.lip.pt\/loumu\/wp-content\/uploads\/sites\/7\/2021\/10\/MineFault_MineWellRef_16d-1.png 813w, https:\/\/pages.lip.pt\/loumu\/wp-content\/uploads\/sites\/7\/2021\/10\/MineFault_MineWellRef_16d-1-300x273.png 300w, https:\/\/pages.lip.pt\/loumu\/wp-content\/uploads\/sites\/7\/2021\/10\/MineFault_MineWellRef_16d-1-768x699.png 768w\" sizes=\"(max-width: 767px) 89vw, (max-width: 1000px) 54vw, (max-width: 1071px) 543px, 580px\" \/><figcaption>Muografia com o c\u00e1lculo da raz\u00e3o, destacando apenas a caixa da falha<\/figcaption><\/figure>\n<\/div>\n\n\n\n<div class=\"wp-block-column is-layout-flow wp-block-column-is-layout-flow\">\n<figure class=\"wp-block-image size-full\"><img loading=\"lazy\" decoding=\"async\" width=\"815\" height=\"710\" src=\"https:\/\/pages.lip.pt\/loumu\/wp-content\/uploads\/sites\/7\/2021\/10\/MineFault_MineWellRef_16d-2.png\" alt=\"\" class=\"wp-image-586\" srcset=\"https:\/\/pages.lip.pt\/loumu\/wp-content\/uploads\/sites\/7\/2021\/10\/MineFault_MineWellRef_16d-2.png 815w, https:\/\/pages.lip.pt\/loumu\/wp-content\/uploads\/sites\/7\/2021\/10\/MineFault_MineWellRef_16d-2-300x261.png 300w, https:\/\/pages.lip.pt\/loumu\/wp-content\/uploads\/sites\/7\/2021\/10\/MineFault_MineWellRef_16d-2-768x669.png 768w\" sizes=\"(max-width: 767px) 89vw, (max-width: 1000px) 54vw, (max-width: 1071px) 543px, 580px\" \/><figcaption> Muografia com o c\u00e1lculo da signific\u00e2ncia, destacando apenas a caixa da falha <\/figcaption><\/figure>\n<\/div>\n<\/div>\n\n\n\n<div style=\"height:1px\" aria-hidden=\"true\" class=\"wp-block-spacer\"><\/div>\n\n\n\n<p>Os par\u00e2metros de an\u00e1lise fazem uso de opera\u00e7\u00f5es matem\u00e1ticas envolvendo as contagens de uma muografia de refer\u00eancia, neste caso s\u00f3 do terreno com o po\u00e7o e sem a falha, e as contagens resultantes da observa\u00e7\u00e3o, de forma a aumentar os contrastes existentes. <\/p>\n\n\n\n<p>Assim, est\u00e1 a ser usado o par\u00e2metro da raz\u00e3o, que resulta da divis\u00e3o das contagens da observa\u00e7\u00e3o pelas contagens de refer\u00eancia, e o par\u00e2metro da signific\u00e2ncia, que mostra o qu\u00e3o significativa \u00e9 a diferen\u00e7a entre as contagens de acordo com a flutua\u00e7\u00e3o poss\u00edvel entre elas, ou seja o erro associado. <\/p>\n\n\n\n<p>O resultado s\u00e3o as muografias acima, que usam uma resolu\u00e7\u00e3o em pixeis mais pr\u00f3xima da resolu\u00e7\u00e3o do detetor, e que mostram em destaque a informa\u00e7\u00e3o que n\u00e3o estava na refer\u00eancia, que neste caso \u00e9 a zona da falha. A caixa de falha aparece a vermelho, significando que dessa zona chegaram mais mu\u00f5es em rela\u00e7\u00e3o \u00e0s contagens de refer\u00eancia e que isso se deve \u00e0 sua densidade ser um pouco menor do que a do terreno envolvente.  <\/p>\n","protected":false},"excerpt":{"rendered":"<p>Um dos elementos necess\u00e1rios para analisar dados muogr\u00e1ficos de um telesc\u00f3pio de mu\u00f5es s\u00e3o muografias obtidas em simula\u00e7\u00f5es dos cen\u00e1rios reais a observar. As simula\u00e7\u00f5es permitem prever os resultados e descobrir, por compara\u00e7\u00e3o com as muografias obtidas no terreno, elementos desconhecidos na zona da observa\u00e7\u00e3o. Para analisar a informa\u00e7\u00e3o muogr\u00e1fica obtida nas observa\u00e7\u00f5es reais s\u00e3o &hellip; <\/p>\n<p class=\"link-more\"><a href=\"https:\/\/pages.lip.pt\/loumu\/simulacoes\/\" class=\"more-link\">Continue reading<span class=\"screen-reader-text\"> &#8220;Simula\u00e7\u00f5es&#8221;<\/span><\/a><\/p>\n","protected":false},"author":19,"featured_media":0,"parent":0,"menu_order":0,"comment_status":"closed","ping_status":"closed","template":"","meta":{"footnotes":""},"class_list":["post-472","page","type-page","status-publish","hentry"],"_links":{"self":[{"href":"https:\/\/pages.lip.pt\/loumu\/wp-json\/wp\/v2\/pages\/472","targetHints":{"allow":["GET"]}}],"collection":[{"href":"https:\/\/pages.lip.pt\/loumu\/wp-json\/wp\/v2\/pages"}],"about":[{"href":"https:\/\/pages.lip.pt\/loumu\/wp-json\/wp\/v2\/types\/page"}],"author":[{"embeddable":true,"href":"https:\/\/pages.lip.pt\/loumu\/wp-json\/wp\/v2\/users\/19"}],"replies":[{"embeddable":true,"href":"https:\/\/pages.lip.pt\/loumu\/wp-json\/wp\/v2\/comments?post=472"}],"version-history":[{"count":10,"href":"https:\/\/pages.lip.pt\/loumu\/wp-json\/wp\/v2\/pages\/472\/revisions"}],"predecessor-version":[{"id":638,"href":"https:\/\/pages.lip.pt\/loumu\/wp-json\/wp\/v2\/pages\/472\/revisions\/638"}],"wp:attachment":[{"href":"https:\/\/pages.lip.pt\/loumu\/wp-json\/wp\/v2\/media?parent=472"}],"curies":[{"name":"wp","href":"https:\/\/api.w.org\/{rel}","templated":true}]}}