{"id":338,"date":"2021-10-13T21:43:08","date_gmt":"2021-10-13T21:43:08","guid":{"rendered":"https:\/\/pages.lip.pt\/loumu\/?page_id=338"},"modified":"2024-03-04T11:26:23","modified_gmt":"2024-03-04T11:26:23","slug":"estagios","status":"publish","type":"page","link":"https:\/\/pages.lip.pt\/loumu\/estagios\/","title":{"rendered":"Est\u00e1gios de Ver\u00e3o"},"content":{"rendered":"\n<p><\/p>\n\n\n\n<p><\/p>\n\n\n\n<blockquote class=\"wp-block-quote is-layout-flow wp-block-quote-is-layout-flow\">\n<p>Anualmente, o LIP organiza programas de est\u00e1gios e convida estudantes interessados para desenvolver trabalhos no per\u00edodo de ver\u00e3o. Alguns dos est\u00e1gios s\u00e3o propostos no \u00e2mbito do projeto LouMu.<\/p>\n<\/blockquote>\n\n\n\n<hr class=\"wp-block-separator has-css-opacity is-style-dots\" \/>\n\n\n\n<div style=\"height:36px\" aria-hidden=\"true\" class=\"wp-block-spacer\"><\/div>\n\n\n\n<p>Estudantes das \u00e1reas de F\u00edsica, Geof\u00edsica, Geologia e Engenharia podem frequentar os est\u00e1gios de ver\u00e3o propostos dentro do LouMu. A dificuldade dos trabalhos \u00e9 adaptada para os conhecimentos dos candidatos, pelo que podem ser realizados por estudantes de quaisquer anos de licenciatura ou mestrado.<\/p>\n\n\n\n<div style=\"height:32px\" aria-hidden=\"true\" class=\"wp-block-spacer\"><\/div>\n\n\n\n<p>Os temas dos trabalhos realizados em anos anteriores foram:<\/p>\n\n\n\n<ul class=\"wp-block-list\">\n<li><em>Muografia: usar mu\u00f5es c\u00f3smicos para estudar grandes estruturas<\/em><\/li>\n\n\n\n<li><em>Muografia de um edif\u00edcio<\/em><\/li>\n\n\n\n<li><em>Tomografia de mu\u00f5es na Terra e em Marte<\/em><\/li>\n\n\n\n<li><em>Muografia: simula\u00e7\u00e3o da sensibilidade do telesc\u00f3pio de mu\u00f5es<\/em><\/li>\n\n\n\n<li><em>Calibra\u00e7\u00e3o de detetores RPC para muografia<\/em><\/li>\n\n\n\n<li><em>Otimiza\u00e7\u00e3o da muografia<\/em><\/li>\n\n\n\n<li><em>Visualiza\u00e7\u00e3o da muografia 3D<\/em><\/li>\n\n\n\n<li><em>Muografar a cidade<\/em><\/li>\n<\/ul>\n\n\n\n<p><\/p>\n\n\n\n<p>Para outras ideias de est\u00e1gios, propostas de teses ou outras colabora\u00e7\u00f5es, entrar em contacto atrav\u00e9s do email <a href=\"mailto:mutom-info@lip.pt\" target=\"_blank\" rel=\"noreferrer noopener\"><strong>mutom-info @ lip.pt<\/strong><\/a><\/p>\n\n\n\n<p>Para consulta e inscri\u00e7\u00e3o nos programas de est\u00e1gio anuais: <strong>| <a href=\"https:\/\/www.lip.pt\/training\/internship-program\/index.php?option=1\"><em>LIP Internship Program<\/em><\/a> |<\/strong><\/p>\n\n\n\n<p><\/p>\n\n\n\n<p><strong>V\u00eddeos de estudantes de mestrado (em constru\u00e7\u00e3o)<\/strong><\/p>\n\n\n\n<p><a href=\"https:\/\/www.youtube.com\/watch?v=fjk-YX8U-EA\" target=\"_blank\" rel=\"noreferrer noopener\"><strong>3D imaging from underground with muon tomography<\/strong><\/a>, Isabel Alexandre, 2024<\/p>\n\n\n\n<p><a href=\"https:\/\/www.youtube.com\/watch?v=RTGGSt3YFSg\" target=\"_blank\" rel=\"noreferrer noopener\"><strong>Planning for muon tomography campaigns in urban settings<\/strong><\/a>, Francisco Ferreira, 2024<\/p>\n\n\n\n<div style=\"height:27px\" aria-hidden=\"true\" class=\"wp-block-spacer\"><\/div>\n\n\n<div class=\"wp-block-image\">\n<figure class=\"alignleft is-resized\"><img fetchpriority=\"high\" decoding=\"async\" width=\"724\" height=\"1024\" src=\"https:\/\/pages.lip.pt\/loumu\/wp-content\/uploads\/sites\/7\/2021\/02\/MTomographyEstagioPT-724x1024.png\" alt=\"\" class=\"wp-image-212\" style=\"width:571px;height:808px\" srcset=\"https:\/\/pages.lip.pt\/loumu\/wp-content\/uploads\/sites\/7\/2021\/02\/MTomographyEstagioPT-724x1024.png 724w, https:\/\/pages.lip.pt\/loumu\/wp-content\/uploads\/sites\/7\/2021\/02\/MTomographyEstagioPT-212x300.png 212w, https:\/\/pages.lip.pt\/loumu\/wp-content\/uploads\/sites\/7\/2021\/02\/MTomographyEstagioPT-768x1086.png 768w, https:\/\/pages.lip.pt\/loumu\/wp-content\/uploads\/sites\/7\/2021\/02\/MTomographyEstagioPT.png 842w\" sizes=\"(max-width: 724px) 100vw, 724px\" \/><\/figure>\n<\/div>","protected":false},"excerpt":{"rendered":"<p>Anualmente, o LIP organiza programas de est\u00e1gios e convida estudantes interessados para desenvolver trabalhos no per\u00edodo de ver\u00e3o. Alguns dos est\u00e1gios s\u00e3o propostos no \u00e2mbito do projeto LouMu. Estudantes das \u00e1reas de F\u00edsica, Geof\u00edsica, Geologia e Engenharia podem frequentar os est\u00e1gios de ver\u00e3o propostos dentro do LouMu. A dificuldade dos trabalhos \u00e9 adaptada para os &hellip; <\/p>\n<p class=\"link-more\"><a href=\"https:\/\/pages.lip.pt\/loumu\/estagios\/\" class=\"more-link\">Continue reading<span class=\"screen-reader-text\"> &#8220;Est\u00e1gios de Ver\u00e3o&#8221;<\/span><\/a><\/p>\n","protected":false},"author":19,"featured_media":0,"parent":0,"menu_order":0,"comment_status":"closed","ping_status":"closed","template":"","meta":{"footnotes":""},"class_list":["post-338","page","type-page","status-publish","hentry"],"_links":{"self":[{"href":"https:\/\/pages.lip.pt\/loumu\/wp-json\/wp\/v2\/pages\/338","targetHints":{"allow":["GET"]}}],"collection":[{"href":"https:\/\/pages.lip.pt\/loumu\/wp-json\/wp\/v2\/pages"}],"about":[{"href":"https:\/\/pages.lip.pt\/loumu\/wp-json\/wp\/v2\/types\/page"}],"author":[{"embeddable":true,"href":"https:\/\/pages.lip.pt\/loumu\/wp-json\/wp\/v2\/users\/19"}],"replies":[{"embeddable":true,"href":"https:\/\/pages.lip.pt\/loumu\/wp-json\/wp\/v2\/comments?post=338"}],"version-history":[{"count":23,"href":"https:\/\/pages.lip.pt\/loumu\/wp-json\/wp\/v2\/pages\/338\/revisions"}],"predecessor-version":[{"id":1480,"href":"https:\/\/pages.lip.pt\/loumu\/wp-json\/wp\/v2\/pages\/338\/revisions\/1480"}],"wp:attachment":[{"href":"https:\/\/pages.lip.pt\/loumu\/wp-json\/wp\/v2\/media?parent=338"}],"curies":[{"name":"wp","href":"https:\/\/api.w.org\/{rel}","templated":true}]}}