{"id":41,"date":"2026-04-02T09:36:42","date_gmt":"2026-04-02T09:36:42","guid":{"rendered":"https:\/\/pages.lip.pt\/internship-program-2026\/?page_id=41"},"modified":"2026-04-02T10:03:17","modified_gmt":"2026-04-02T10:03:17","slug":"inicio","status":"publish","type":"page","link":"https:\/\/pages.lip.pt\/internship-program-2026\/","title":{"rendered":"Inicio"},"content":{"rendered":"\t\t<div data-elementor-type=\"wp-page\" data-elementor-id=\"41\" class=\"elementor elementor-41\">\n\t\t\t\t<div class=\"elementor-element elementor-element-550cee29 e-con-full e-flex e-con e-parent\" data-id=\"550cee29\" data-element_type=\"container\">\n\t\t\t\t<div class=\"elementor-element elementor-element-2f747cff elementor-widget elementor-widget-text-editor\" data-id=\"2f747cff\" data-element_type=\"widget\" data-widget_type=\"text-editor.default\">\n\t\t\t\t\t\t\t\t\t<p><strong>LIP Internship Program<\/strong>\u00a0\u00a0\u00e9 um programa de ver\u00e3o do LIP destinado a estudantes de F\u00edsica, Engenharia e Ci\u00eancias, em que os estagi\u00e1rios trabalham num projeto entre duas semanas e dois meses.<\/p><p><strong>As candidaturas para a edi\u00e7\u00e3o de 2026 est\u00e3o dispon\u00edveis <a href=\"https:\/\/www.lip.pt\/training\/internship-program\/index.php?option=5&amp;lang=PT\" target=\"_blank\" rel=\"noopener\">aqui<\/a><\/strong>\u00a0<strong>e decorrem a partir 27\/04\/2026<\/strong><strong>.<\/strong><\/p><p><strong>Cada candidatura deve indicar cinco projetos por ordem de prefer\u00eancia.<\/strong>\u00a0<strong>Os projetos podem ser encontrados\u00a0<a href=\"https:\/\/www.lip.pt\/training\/internship-program\/index.php?option=3\" target=\"_blank\" rel=\"noreferrer noopener\" data-type=\"page\" data-id=\"42\">aqui<\/a>.<\/strong><\/p><p>O programa de ver\u00e3o inclui palestras comuns de introdu\u00e7\u00e3o \u00e0 F\u00edsica de Part\u00edculas e Astropart\u00edculas, detetores e m\u00e9todos experimentais, e sess\u00f5es tutoriais sobre o uso de ferramentas de computa\u00e7\u00e3o para an\u00e1lise de dados.<\/p><p><strong>Em 2026, como habitual, os est\u00e1gios come\u00e7am em Junho e acabam em Setembro.<\/strong><\/p><p>O programa de ver\u00e3o termina com um workshop em que cada participante apresenta o seu trabalho.<\/p><p>No fim do est\u00e1gio, cada estudante tem ainda a possibilidade de escrever um artigo final sobre o seu trabalho. Os artigos dos anos anteriores podem ser encontrados\u00a0<a href=\"https:\/\/www.lip.pt\/?section=training&amp;page=student-publications\" target=\"_blank\" rel=\"noopener\">aqui<\/a>.<\/p><p>Os t\u00f3picos, materiais e apresenta\u00e7\u00e3o das edi\u00e7\u00f5es anteriores est\u00e3o dispon\u00edveis\u00a0<a href=\"https:\/\/www.lip.pt\/training\/internship-program\/index.php?option=150\" target=\"_blank\" rel=\"noopener\">aqui<\/a>.<\/p><p><strong>O LIP acolhe tamb\u00e9m est\u00e1gios fora do per\u00edodo de ver\u00e3o. Os projetos submetidos nos anos anteriores podem servir de exemplo para possiveis t\u00f3picos e fornecer contactos iniciais nos v\u00e1rios grupos de investiga\u00e7\u00e3o do LIP. Essa informa\u00e7\u00e3o pode ser encontrada\u00a0<a href=\"https:\/\/www.lip.pt\/training\/estagios\/\" target=\"_blank\" rel=\"noopener\">aqui<\/a>.<\/strong><\/p><p><!-- \/wp:paragraph --><\/p>\t\t\t\t\t\t\t\t<\/div>\n\t\t\t\t<\/div>\n\t\t<div class=\"elementor-element elementor-element-4edd568 e-con-full e-flex e-con e-parent\" data-id=\"4edd568\" data-element_type=\"container\">\n\t\t\t\t<\/div>\n\t\t\t\t<\/div>\n\t\t","protected":false},"excerpt":{"rendered":"<p>LIP Internship Program\u00a0\u00a0\u00e9 um programa de ver\u00e3o do LIP destinado a estudantes de F\u00edsica, Engenharia e Ci\u00eancias, em que os estagi\u00e1rios trabalham num projeto entre duas semanas e dois meses. As candidaturas para a edi\u00e7\u00e3o de 2026 est\u00e3o dispon\u00edveis aqui\u00a0e decorrem a partir 27\/04\/2026. Cada candidatura deve indicar cinco projetos por ordem de prefer\u00eancia.\u00a0Os projetos &hellip; <\/p>\n<p class=\"link-more\"><a href=\"https:\/\/pages.lip.pt\/internship-program-2026\/\" class=\"more-link\">Continue reading<span class=\"screen-reader-text\"> &#8220;Inicio&#8221;<\/span><\/a><\/p>\n","protected":false},"author":1,"featured_media":0,"parent":0,"menu_order":0,"comment_status":"closed","ping_status":"closed","template":"","meta":{"footnotes":""},"class_list":["post-41","page","type-page","status-publish","hentry"],"_links":{"self":[{"href":"https:\/\/pages.lip.pt\/internship-program-2026\/wp-json\/wp\/v2\/pages\/41","targetHints":{"allow":["GET"]}}],"collection":[{"href":"https:\/\/pages.lip.pt\/internship-program-2026\/wp-json\/wp\/v2\/pages"}],"about":[{"href":"https:\/\/pages.lip.pt\/internship-program-2026\/wp-json\/wp\/v2\/types\/page"}],"author":[{"embeddable":true,"href":"https:\/\/pages.lip.pt\/internship-program-2026\/wp-json\/wp\/v2\/users\/1"}],"replies":[{"embeddable":true,"href":"https:\/\/pages.lip.pt\/internship-program-2026\/wp-json\/wp\/v2\/comments?post=41"}],"version-history":[{"count":4,"href":"https:\/\/pages.lip.pt\/internship-program-2026\/wp-json\/wp\/v2\/pages\/41\/revisions"}],"predecessor-version":[{"id":59,"href":"https:\/\/pages.lip.pt\/internship-program-2026\/wp-json\/wp\/v2\/pages\/41\/revisions\/59"}],"wp:attachment":[{"href":"https:\/\/pages.lip.pt\/internship-program-2026\/wp-json\/wp\/v2\/media?parent=41"}],"curies":[{"name":"wp","href":"https:\/\/api.w.org\/{rel}","templated":true}]}}