{"id":48,"date":"2024-04-11T09:45:42","date_gmt":"2024-04-11T09:45:42","guid":{"rendered":"https:\/\/pages.lip.pt\/internship-program-2024\/?page_id=48"},"modified":"2024-04-12T11:08:07","modified_gmt":"2024-04-12T11:08:07","slug":"lip-copy","status":"publish","type":"page","link":"https:\/\/pages.lip.pt\/internship-program-2024\/","title":{"rendered":"In\u00edcio"},"content":{"rendered":"\n<p class=\"has-medium-font-size\"><strong>LIP Internship Program<\/strong>&nbsp;&nbsp;\u00e9 um programa de ver\u00e3o do LIP destinado a estudantes de F\u00edsica, Engenharia e Ci\u00eancias, em que os estagi\u00e1rios trabalham num projeto entre duas semanas e dois meses.<\/p>\n\n\n\n<p><\/p>\n\n\n\n<p class=\"has-medium-font-size\"><strong><a href=\"https:\/\/www.lip.pt\/training\/internship-program\/index.php?option=5&amp;lang=PT\">As candidaturas<\/a> para a edi\u00e7\u00e3o de 2024 est\u00e3o abertas at\u00e9 15 de Maio.<\/strong><\/p>\n\n\n\n<p class=\"has-medium-font-size\"><strong>Cada candidatura deve indicar cinco <a href=\"https:\/\/www.lip.pt\/training\/internship-program\/index.php?option=3&amp;lang=PT\">projetos<\/a> por ordem de prefer\u00eancia.<\/strong><\/p>\n\n\n\n<p class=\"has-medium-font-size\">O programa de ver\u00e3o inclui palestras comuns de introdu\u00e7\u00e3o \u00e0 F\u00edsica de Part\u00edculas e Astropart\u00edculas, detetores e m\u00e9todos experimentais, e sess\u00f5es tutoriais sobre o uso de ferramentas de computa\u00e7\u00e3o para an\u00e1lise de dados.<\/p>\n\n\n\n<p class=\"has-medium-font-size\"><strong>Em 2024 os est\u00e1gios come\u00e7am em Junho e acabam em Setembro, o programa detalhado aparecer\u00e1 em breve.<\/strong><\/p>\n\n\n\n<p class=\"has-medium-font-size\">O programa de ver\u00e3o termina com um workshop em que cada participante apresenta o seu trabalho.<\/p>\n\n\n\n<p class=\"has-medium-font-size\">No fim do est\u00e1gio, cada estudante tem ainda a possibilidade de escrever um artigo final sobre o seu trabalho. Os artigos dos anos anteriores podem ser encontrados <a href=\"https:\/\/www.lip.pt\/?section=training&amp;page=student-publications\">aqui<\/a>.<\/p>\n\n\n\n<p class=\"has-medium-font-size\">Os t\u00f3picos, materiais e apresenta\u00e7\u00e3o das edi\u00e7\u00f5es anteriores est\u00e3o dispon\u00edveis <a href=\"https:\/\/www.lip.pt\/training\/internship-program\/index.php?option=150\">aqui<\/a>.<\/p>\n\n\n\n<p><strong>O LIP acolhe tamb\u00e9m est\u00e1gios fora do per\u00edodo de ver\u00e3o. Os projetos submetidos nos anos anteriores podem servir de exemplo para possiveis t\u00f3picos e fornecer contactos iniciais nos v\u00e1rios grupos de investiga\u00e7\u00e3o do LIP. Essa informa\u00e7\u00e3o pode ser encontrada <a href=\"https:\/\/www.lip.pt\/training\/internship-program\/past_events\/2023\/index.php?option=3\">aqui<\/a>.<\/strong><\/p>\n\n\n\n<p><\/p>\n","protected":false},"excerpt":{"rendered":"<p>LIP Internship Program&nbsp;&nbsp;\u00e9 um programa de ver\u00e3o do LIP destinado a estudantes de F\u00edsica, Engenharia e Ci\u00eancias, em que os estagi\u00e1rios trabalham num projeto entre duas semanas e dois meses. As candidaturas para a edi\u00e7\u00e3o de 2024 est\u00e3o abertas at\u00e9 15 de Maio. Cada candidatura deve indicar cinco projetos por ordem de prefer\u00eancia. O programa &hellip; <\/p>\n<p class=\"link-more\"><a href=\"https:\/\/pages.lip.pt\/internship-program-2024\/\" class=\"more-link\">Continue reading<span class=\"screen-reader-text\"> &#8220;In\u00edcio&#8221;<\/span><\/a><\/p>\n","protected":false},"author":1,"featured_media":0,"parent":0,"menu_order":0,"comment_status":"closed","ping_status":"closed","template":"","meta":{"footnotes":""},"class_list":["post-48","page","type-page","status-publish","hentry"],"_links":{"self":[{"href":"https:\/\/pages.lip.pt\/internship-program-2024\/wp-json\/wp\/v2\/pages\/48","targetHints":{"allow":["GET"]}}],"collection":[{"href":"https:\/\/pages.lip.pt\/internship-program-2024\/wp-json\/wp\/v2\/pages"}],"about":[{"href":"https:\/\/pages.lip.pt\/internship-program-2024\/wp-json\/wp\/v2\/types\/page"}],"author":[{"embeddable":true,"href":"https:\/\/pages.lip.pt\/internship-program-2024\/wp-json\/wp\/v2\/users\/1"}],"replies":[{"embeddable":true,"href":"https:\/\/pages.lip.pt\/internship-program-2024\/wp-json\/wp\/v2\/comments?post=48"}],"version-history":[{"count":10,"href":"https:\/\/pages.lip.pt\/internship-program-2024\/wp-json\/wp\/v2\/pages\/48\/revisions"}],"predecessor-version":[{"id":79,"href":"https:\/\/pages.lip.pt\/internship-program-2024\/wp-json\/wp\/v2\/pages\/48\/revisions\/79"}],"wp:attachment":[{"href":"https:\/\/pages.lip.pt\/internship-program-2024\/wp-json\/wp\/v2\/media?parent=48"}],"curies":[{"name":"wp","href":"https:\/\/api.w.org\/{rel}","templated":true}]}}