{"id":23,"date":"2023-04-17T14:52:31","date_gmt":"2023-04-17T14:52:31","guid":{"rendered":"https:\/\/pages.lip.pt\/internship-program-2023\/?page_id=23"},"modified":"2023-10-25T09:37:17","modified_gmt":"2023-10-25T09:37:17","slug":"home","status":"publish","type":"page","link":"https:\/\/pages.lip.pt\/internship-program-2023\/pt\/home\/","title":{"rendered":"Home"},"content":{"rendered":"\t\t<div data-elementor-type=\"wp-page\" data-elementor-id=\"23\" class=\"elementor elementor-23\">\n\t\t\t\t\t\t<section class=\"elementor-section elementor-top-section elementor-element elementor-element-d04fc12 elementor-section-boxed elementor-section-height-default elementor-section-height-default\" data-id=\"d04fc12\" data-element_type=\"section\">\n\t\t\t\t\t\t<div class=\"elementor-container elementor-column-gap-no\">\n\t\t\t\t\t<div class=\"elementor-column elementor-col-100 elementor-top-column elementor-element elementor-element-d208e75\" data-id=\"d208e75\" data-element_type=\"column\">\n\t\t\t<div class=\"elementor-widget-wrap elementor-element-populated\">\n\t\t\t\t\t\t<div class=\"elementor-element elementor-element-283a60c elementor-widget__width-inherit elementor-widget elementor-widget-text-editor\" data-id=\"283a60c\" data-element_type=\"widget\" data-widget_type=\"text-editor.default\">\n\t\t\t\t<div class=\"elementor-widget-container\">\n\t\t\t\t\t\t\t\t\t<p>LIP<strong> Internship Program<\/strong> \u00e9 um programa de ver\u00e3o do LIP destinado a estudantes de F\u00edsica, Engenharia e Ci\u00eancias.<\/p><p>Os projectos de est\u00e1gios t\u00eam uma dura\u00e7\u00e3o entre duas semanas e dois meses.<\/p><p>Para consultar todos os <strong>temas propostos<\/strong> aceda \u00e0 \u00e1rea de <a href=\"https:\/\/www.lip.pt\/training\/internship-program\/index.php?option=3\"><strong>&#8220;Projectos&#8221;<\/strong><\/a><strong>.<\/strong><\/p><p>Para finalizar a candidatura deve preencher o formul\u00e1rio de <a href=\"https:\/\/www.lip.pt\/training\/internship-program\/index.php?option=5\" target=\"_blank\" rel=\"noopener\"><strong>&#8220;Registo&#8221;<\/strong><\/a> <strong>at\u00e9 26 de Maio<\/strong>.<\/p><p>O programa inclui uma semana de palestras introdut\u00f3rias em F\u00edsica de Part\u00edculas e Astropart\u00edculas, detectores e m\u00e9todos experimentais, e de sess\u00f5es tutoriais no uso de ferramentas de computa\u00e7\u00e3o na an\u00e1lise de dados, em Julho.<\/p><p>As agendas e materiais estar\u00e3o dispon\u00edveis na plataforma de\u00a0<a href=\"https:\/\/indico.lip.pt\/category\/93\/\" target=\"_blank\" rel=\"noopener\"><strong>Agenda e Materiais<\/strong><\/a>\u00a0em breve.<\/p><p>O programa termina com um workshop onde cada estagi\u00e1rio contribui com uma apresenta\u00e7\u00e3o sum\u00e1ria do seu trabalho, em Setembro.<\/p><p>No final do programa de est\u00e1gio, os participantes ter\u00e3o a oportunidade de produzir um *<strong><a href=\"https:\/\/www.lip.pt\/?section=training&amp;page=student-publications&amp;filter=all&amp;lang=pt\" target=\"_blank\" rel=\"noopener\">artigo final<\/a><\/strong>* com o resumo do trabalho realizado.<\/p><p>Pode tamb\u00e9m consultar os temas, materiais e apresenta\u00e7\u00f5es das <a href=\"https:\/\/www.lip.pt\/training\/internship-program\/index.php?option=150\">&#8220;<strong>Edi\u00e7\u00f5es anteriores<\/strong>&#8220;<\/a>.<\/p>\t\t\t\t\t\t\t\t<\/div>\n\t\t\t\t<\/div>\n\t\t\t\t\t<\/div>\n\t\t<\/div>\n\t\t\t\t\t<\/div>\n\t\t<\/section>\n\t\t\t\t<\/div>\n\t\t","protected":false},"excerpt":{"rendered":"<p>LIP Internship Program \u00e9 um programa de ver\u00e3o do LIP destinado a estudantes de F\u00edsica, Engenharia e Ci\u00eancias. Os projectos de est\u00e1gios t\u00eam uma dura\u00e7\u00e3o entre duas semanas e dois meses. Para consultar todos os temas propostos aceda \u00e0 \u00e1rea de &#8220;Projectos&#8221;. Para finalizar a candidatura deve preencher o formul\u00e1rio de &#8220;Registo&#8221; at\u00e9 26 de &hellip; <\/p>\n<p class=\"link-more\"><a href=\"https:\/\/pages.lip.pt\/internship-program-2023\/pt\/home\/\" class=\"more-link\">Continue reading<span class=\"screen-reader-text\"> &#8220;Home&#8221;<\/span><\/a><\/p>\n","protected":false},"author":1,"featured_media":0,"parent":0,"menu_order":0,"comment_status":"closed","ping_status":"closed","template":"","meta":{"footnotes":""},"class_list":["post-23","page","type-page","status-publish","hentry"],"_links":{"self":[{"href":"https:\/\/pages.lip.pt\/internship-program-2023\/wp-json\/wp\/v2\/pages\/23","targetHints":{"allow":["GET"]}}],"collection":[{"href":"https:\/\/pages.lip.pt\/internship-program-2023\/wp-json\/wp\/v2\/pages"}],"about":[{"href":"https:\/\/pages.lip.pt\/internship-program-2023\/wp-json\/wp\/v2\/types\/page"}],"author":[{"embeddable":true,"href":"https:\/\/pages.lip.pt\/internship-program-2023\/wp-json\/wp\/v2\/users\/1"}],"replies":[{"embeddable":true,"href":"https:\/\/pages.lip.pt\/internship-program-2023\/wp-json\/wp\/v2\/comments?post=23"}],"version-history":[{"count":38,"href":"https:\/\/pages.lip.pt\/internship-program-2023\/wp-json\/wp\/v2\/pages\/23\/revisions"}],"predecessor-version":[{"id":162,"href":"https:\/\/pages.lip.pt\/internship-program-2023\/wp-json\/wp\/v2\/pages\/23\/revisions\/162"}],"wp:attachment":[{"href":"https:\/\/pages.lip.pt\/internship-program-2023\/wp-json\/wp\/v2\/media?parent=23"}],"curies":[{"name":"wp","href":"https:\/\/api.w.org\/{rel}","templated":true}]}}