{"id":60,"date":"2024-10-27T16:51:37","date_gmt":"2024-10-27T16:51:37","guid":{"rendered":"https:\/\/pages.lip.pt\/edulab\/?page_id=60"},"modified":"2024-10-30T15:22:54","modified_gmt":"2024-10-30T15:22:54","slug":"edulab","status":"publish","type":"page","link":"https:\/\/pages.lip.pt\/edulab\/","title":{"rendered":"EduLab"},"content":{"rendered":"\t\t<div data-elementor-type=\"wp-page\" data-elementor-id=\"60\" class=\"elementor elementor-60\">\n\t\t\t\t\t\t<section class=\"elementor-section elementor-top-section elementor-element elementor-element-f47871d elementor-section-boxed elementor-section-height-default elementor-section-height-default\" data-id=\"f47871d\" data-element_type=\"section\">\n\t\t\t\t\t\t<div class=\"elementor-container elementor-column-gap-default\">\n\t\t\t\t\t<div class=\"elementor-column elementor-col-100 elementor-top-column elementor-element elementor-element-7155d8d\" data-id=\"7155d8d\" data-element_type=\"column\">\n\t\t\t<div class=\"elementor-widget-wrap elementor-element-populated\">\n\t\t\t\t\t\t<div class=\"elementor-element elementor-element-82d078a elementor-widget elementor-widget-heading\" data-id=\"82d078a\" data-element_type=\"widget\" data-widget_type=\"heading.default\">\n\t\t\t\t<div class=\"elementor-widget-container\">\n\t\t\t\t\t<h2 class=\"elementor-heading-title elementor-size-default\">LIP EduLab<\/h2>\t\t\t\t<\/div>\n\t\t\t\t<\/div>\n\t\t\t\t\t<\/div>\n\t\t<\/div>\n\t\t\t\t\t<\/div>\n\t\t<\/section>\n\t\t\t\t<section class=\"elementor-section elementor-top-section elementor-element elementor-element-0fadf94 elementor-section-boxed elementor-section-height-default elementor-section-height-default\" data-id=\"0fadf94\" data-element_type=\"section\">\n\t\t\t\t\t\t<div class=\"elementor-container elementor-column-gap-default\">\n\t\t\t\t\t<div class=\"elementor-column elementor-col-100 elementor-top-column elementor-element elementor-element-ba109bb\" data-id=\"ba109bb\" data-element_type=\"column\">\n\t\t\t<div class=\"elementor-widget-wrap elementor-element-populated\">\n\t\t\t\t\t\t<div class=\"elementor-element elementor-element-d2ea1e6 elementor-widget-divider--view-line elementor-widget elementor-widget-divider\" data-id=\"d2ea1e6\" data-element_type=\"widget\" data-widget_type=\"divider.default\">\n\t\t\t\t<div class=\"elementor-widget-container\">\n\t\t\t\t\t\t\t<div class=\"elementor-divider\">\n\t\t\t<span class=\"elementor-divider-separator\">\n\t\t\t\t\t\t<\/span>\n\t\t<\/div>\n\t\t\t\t\t\t<\/div>\n\t\t\t\t<\/div>\n\t\t\t\t\t<\/div>\n\t\t<\/div>\n\t\t\t\t\t<\/div>\n\t\t<\/section>\n\t\t\t\t<section class=\"elementor-section elementor-top-section elementor-element elementor-element-0c65eb8 elementor-section-boxed elementor-section-height-default elementor-section-height-default\" data-id=\"0c65eb8\" data-element_type=\"section\">\n\t\t\t\t\t\t<div class=\"elementor-container elementor-column-gap-default\">\n\t\t\t\t\t<div class=\"elementor-column elementor-col-100 elementor-top-column elementor-element elementor-element-fb44d32\" data-id=\"fb44d32\" data-element_type=\"column\">\n\t\t\t<div class=\"elementor-widget-wrap elementor-element-populated\">\n\t\t\t\t\t\t<div class=\"elementor-element elementor-element-24860bd elementor-widget elementor-widget-text-editor\" data-id=\"24860bd\" data-element_type=\"widget\" data-widget_type=\"text-editor.default\">\n\t\t\t\t<div class=\"elementor-widget-container\">\n\t\t\t\t\t\t\t\t\t<p>O LIP EduLab \u00e9 um espa\u00e7o dedicado ao desenvolvimento de pr\u00e1ticas educacionais e de divulga\u00e7\u00e3o de f\u00edsica de part\u00edculas e astropart\u00edculas com p\u00fablico escolar e com p\u00fablico em geral.<\/p>\t\t\t\t\t\t\t\t<\/div>\n\t\t\t\t<\/div>\n\t\t\t\t\t<\/div>\n\t\t<\/div>\n\t\t\t\t\t<\/div>\n\t\t<\/section>\n\t\t\t\t<section class=\"elementor-section elementor-top-section elementor-element elementor-element-b7d2547 elementor-section-boxed elementor-section-height-default elementor-section-height-default\" data-id=\"b7d2547\" data-element_type=\"section\">\n\t\t\t\t\t\t<div class=\"elementor-container elementor-column-gap-default\">\n\t\t\t\t\t<div class=\"elementor-column elementor-col-100 elementor-top-column elementor-element elementor-element-1b55ece\" data-id=\"1b55ece\" data-element_type=\"column\">\n\t\t\t<div class=\"elementor-widget-wrap elementor-element-populated\">\n\t\t\t\t\t\t<div class=\"elementor-element elementor-element-9cd5fdf elementor-widget elementor-widget-text-editor\" data-id=\"9cd5fdf\" data-element_type=\"widget\" data-widget_type=\"text-editor.default\">\n\t\t\t\t<div class=\"elementor-widget-container\">\n\t\t\t\t\t\t\t\t\t<p>A atividade do LIP EduLab compreende v\u00e1rios segmentos: visitas de estudo do p\u00fablico escolar e do p\u00fablico em geral; dinamiza\u00e7\u00e3o de atividades nas escolas; participa\u00e7\u00e3o em atividades de divulga\u00e7\u00e3o no LIP e no exterior (laborat\u00f3rio aberto, feiras de ci\u00eancia, noite europeia dos investigadores); colabora\u00e7\u00e3o em projetos com alunos e professores e parcerias com clubes de ci\u00eancia.<\/p>\t\t\t\t\t\t\t\t<\/div>\n\t\t\t\t<\/div>\n\t\t\t\t\t<\/div>\n\t\t<\/div>\n\t\t\t\t\t<\/div>\n\t\t<\/section>\n\t\t\t\t<section class=\"elementor-section elementor-top-section elementor-element elementor-element-b4767da elementor-section-boxed elementor-section-height-default elementor-section-height-default\" data-id=\"b4767da\" data-element_type=\"section\">\n\t\t\t\t\t\t<div class=\"elementor-container elementor-column-gap-default\">\n\t\t\t\t\t<div class=\"elementor-column elementor-col-100 elementor-top-column elementor-element elementor-element-fa89868\" data-id=\"fa89868\" data-element_type=\"column\">\n\t\t\t<div class=\"elementor-widget-wrap elementor-element-populated\">\n\t\t\t\t\t\t<div class=\"elementor-element elementor-element-893cdcc elementor-widget elementor-widget-text-editor\" data-id=\"893cdcc\" data-element_type=\"widget\" data-widget_type=\"text-editor.default\">\n\t\t\t\t<div class=\"elementor-widget-container\">\n\t\t\t\t\t\t\t\t\t<p>O LIP EduLab insere-se no grupo de Educa\u00e7\u00e3o e Divulga\u00e7\u00e3o do LIP.<\/p>\t\t\t\t\t\t\t\t<\/div>\n\t\t\t\t<\/div>\n\t\t\t\t\t<\/div>\n\t\t<\/div>\n\t\t\t\t\t<\/div>\n\t\t<\/section>\n\t\t\t\t<section class=\"elementor-section elementor-top-section elementor-element elementor-element-95c28ed elementor-section-boxed elementor-section-height-default elementor-section-height-default\" data-id=\"95c28ed\" data-element_type=\"section\">\n\t\t\t\t\t\t<div class=\"elementor-container elementor-column-gap-default\">\n\t\t\t\t\t<div class=\"elementor-column elementor-col-100 elementor-top-column elementor-element elementor-element-6f44643\" data-id=\"6f44643\" data-element_type=\"column\">\n\t\t\t<div class=\"elementor-widget-wrap elementor-element-populated\">\n\t\t\t\t\t\t<div class=\"elementor-element elementor-element-aa6d3e5 elementor-align-center elementor-widget elementor-widget-button\" data-id=\"aa6d3e5\" data-element_type=\"widget\" data-widget_type=\"button.default\">\n\t\t\t\t<div class=\"elementor-widget-container\">\n\t\t\t\t\t\t\t\t\t<div class=\"elementor-button-wrapper\">\n\t\t\t\t\t<a class=\"elementor-button elementor-button-link elementor-size-sm\" href=\"https:\/\/lip.pt\/?section=science-and-society&#038;area=outreach&#038;page=outreach\">\n\t\t\t\t\t\t<span class=\"elementor-button-content-wrapper\">\n\t\t\t\t\t\t\t\t\t<span class=\"elementor-button-text\">Ir para Educa\u00e7\u00e3o e Divulga\u00e7\u00e3o<\/span>\n\t\t\t\t\t<\/span>\n\t\t\t\t\t<\/a>\n\t\t\t\t<\/div>\n\t\t\t\t\t\t\t\t<\/div>\n\t\t\t\t<\/div>\n\t\t\t\t\t<\/div>\n\t\t<\/div>\n\t\t\t\t\t<\/div>\n\t\t<\/section>\n\t\t\t\t<section class=\"elementor-section elementor-top-section elementor-element elementor-element-23ea88a elementor-section-boxed elementor-section-height-default elementor-section-height-default\" data-id=\"23ea88a\" data-element_type=\"section\">\n\t\t\t\t\t\t<div class=\"elementor-container elementor-column-gap-default\">\n\t\t\t\t\t<div class=\"elementor-column elementor-col-33 elementor-top-column elementor-element elementor-element-92583e2\" data-id=\"92583e2\" data-element_type=\"column\">\n\t\t\t<div class=\"elementor-widget-wrap\">\n\t\t\t\t\t\t\t<\/div>\n\t\t<\/div>\n\t\t\t\t<div class=\"elementor-column elementor-col-66 elementor-top-column elementor-element elementor-element-dfe2bdc\" data-id=\"dfe2bdc\" data-element_type=\"column\">\n\t\t\t<div class=\"elementor-widget-wrap\">\n\t\t\t\t\t\t\t<\/div>\n\t\t<\/div>\n\t\t\t\t\t<\/div>\n\t\t<\/section>\n\t\t\t\t<\/div>\n\t\t","protected":false},"excerpt":{"rendered":"<p>LIP EduLab O LIP EduLab \u00e9 um espa\u00e7o dedicado ao desenvolvimento de pr\u00e1ticas educacionais e de divulga\u00e7\u00e3o de f\u00edsica de part\u00edculas e astropart\u00edculas com p\u00fablico escolar e com p\u00fablico em geral. A atividade do LIP EduLab compreende v\u00e1rios segmentos: visitas de estudo do p\u00fablico escolar e do p\u00fablico em geral; dinamiza\u00e7\u00e3o de atividades nas escolas; &hellip; <\/p>\n<p class=\"link-more\"><a href=\"https:\/\/pages.lip.pt\/edulab\/\" class=\"more-link\">Continuar a ler <span class=\"screen-reader-text\">&#8220;EduLab&#8221;<\/span><\/a><\/p>\n","protected":false},"author":18,"featured_media":0,"parent":0,"menu_order":0,"comment_status":"closed","ping_status":"closed","template":"elementor_header_footer","meta":{"footnotes":""},"class_list":["post-60","page","type-page","status-publish","hentry"],"_links":{"self":[{"href":"https:\/\/pages.lip.pt\/edulab\/wp-json\/wp\/v2\/pages\/60","targetHints":{"allow":["GET"]}}],"collection":[{"href":"https:\/\/pages.lip.pt\/edulab\/wp-json\/wp\/v2\/pages"}],"about":[{"href":"https:\/\/pages.lip.pt\/edulab\/wp-json\/wp\/v2\/types\/page"}],"author":[{"embeddable":true,"href":"https:\/\/pages.lip.pt\/edulab\/wp-json\/wp\/v2\/users\/18"}],"replies":[{"embeddable":true,"href":"https:\/\/pages.lip.pt\/edulab\/wp-json\/wp\/v2\/comments?post=60"}],"version-history":[{"count":76,"href":"https:\/\/pages.lip.pt\/edulab\/wp-json\/wp\/v2\/pages\/60\/revisions"}],"predecessor-version":[{"id":284,"href":"https:\/\/pages.lip.pt\/edulab\/wp-json\/wp\/v2\/pages\/60\/revisions\/284"}],"wp:attachment":[{"href":"https:\/\/pages.lip.pt\/edulab\/wp-json\/wp\/v2\/media?parent=60"}],"curies":[{"name":"wp","href":"https:\/\/api.w.org\/{rel}","templated":true}]}}