{"id":33,"date":"2020-12-15T20:33:49","date_gmt":"2020-12-15T20:33:49","guid":{"rendered":"https:\/\/projects.lip.pt\/cms\/?page_id=33"},"modified":"2024-11-01T10:39:07","modified_gmt":"2024-11-01T10:39:07","slug":"team","status":"publish","type":"page","link":"https:\/\/pages.lip.pt\/cms\/team\/","title":{"rendered":"Team"},"content":{"rendered":"\n<div class=\"wp-block-columns is-layout-flex wp-container-core-columns-is-layout-9d6595d7 wp-block-columns-is-layout-flex\">\n<div class=\"wp-block-column is-layout-flow wp-block-column-is-layout-flow\">\n<p>Mariana Ara\u00fajo<br><small>PhD Student<\/small><a href=\"https:\/\/www.lip.pt\/?section=about&amp;page=person-details&amp;details&amp;id=1076\"><\/a><\/p>\n<\/div>\n\n\n\n<div class=\"wp-block-column is-layout-flow wp-block-column-is-layout-flow\">\n<figure class=\"wp-block-image size-full is-resized\"><img fetchpriority=\"high\" decoding=\"async\" width=\"536\" height=\"568\" src=\"https:\/\/pages.lip.pt\/cms\/wp-content\/uploads\/sites\/4\/2024\/10\/mariana.png\" alt=\"\" class=\"wp-image-321\" style=\"width:112px;height:auto\" srcset=\"https:\/\/pages.lip.pt\/cms\/wp-content\/uploads\/sites\/4\/2024\/10\/mariana.png 536w, https:\/\/pages.lip.pt\/cms\/wp-content\/uploads\/sites\/4\/2024\/10\/mariana-283x300.png 283w\" sizes=\"(max-width: 536px) 100vw, 536px\" \/><\/figure>\n<\/div>\n<\/div>\n\n\n\n<div class=\"wp-block-columns is-layout-flex wp-container-core-columns-is-layout-9d6595d7 wp-block-columns-is-layout-flex\">\n<div class=\"wp-block-column is-layout-flow wp-block-column-is-layout-flow\">\n<p>Alessio Boletti<br><small>Researcher<\/small><a href=\"https:\/\/www.lip.pt\/?section=about&amp;page=person-details&amp;details&amp;id=1088\"><\/a><\/p>\n<\/div>\n\n\n\n<div class=\"wp-block-column is-layout-flow wp-block-column-is-layout-flow\">\n<figure class=\"wp-block-image size-full is-resized\"><img decoding=\"async\" width=\"730\" height=\"668\" src=\"https:\/\/pages.lip.pt\/cms\/wp-content\/uploads\/sites\/4\/2024\/11\/alessio2.png\" alt=\"\" class=\"wp-image-331\" style=\"width:109px;height:auto\" srcset=\"https:\/\/pages.lip.pt\/cms\/wp-content\/uploads\/sites\/4\/2024\/11\/alessio2.png 730w, https:\/\/pages.lip.pt\/cms\/wp-content\/uploads\/sites\/4\/2024\/11\/alessio2-300x275.png 300w\" sizes=\"(max-width: 730px) 100vw, 730px\" \/><\/figure>\n<\/div>\n<\/div>\n\n\n\n<div class=\"wp-block-columns is-layout-flex wp-container-core-columns-is-layout-9d6595d7 wp-block-columns-is-layout-flex\">\n<div class=\"wp-block-column is-layout-flow wp-block-column-is-layout-flow\">\n<p>Ricardo Bugalho<br><small>Collaborator<\/small><a href=\"https:\/\/www.lip.pt\/?section=about&amp;page=person-details&amp;details&amp;id=389\"><\/a><\/p>\n<\/div>\n\n\n\n<div class=\"wp-block-column is-layout-flow wp-block-column-is-layout-flow\">\n<figure class=\"wp-block-image size-full is-resized\"><img decoding=\"async\" width=\"200\" height=\"238\" src=\"https:\/\/pages.lip.pt\/cms\/wp-content\/uploads\/sites\/4\/2024\/10\/image.png\" alt=\"\" class=\"wp-image-313\" style=\"width:106px;height:auto\" \/><\/figure>\n<\/div>\n<\/div>\n\n\n\n<div class=\"wp-block-columns is-layout-flex wp-container-core-columns-is-layout-9d6595d7 wp-block-columns-is-layout-flex\">\n<div class=\"wp-block-column is-layout-flow wp-block-column-is-layout-flow\">\n<p>Tiziano Camporesi<br><small>Researcher<\/small><\/p>\n<\/div>\n\n\n\n<div class=\"wp-block-column is-layout-flow wp-block-column-is-layout-flow\">\n<figure class=\"wp-block-image size-large is-resized\"><img loading=\"lazy\" decoding=\"async\" width=\"942\" height=\"1024\" src=\"https:\/\/pages.lip.pt\/cms\/wp-content\/uploads\/sites\/4\/2024\/10\/tiziano-942x1024.jpg\" alt=\"\" class=\"wp-image-319\" style=\"width:104px;height:auto\" srcset=\"https:\/\/pages.lip.pt\/cms\/wp-content\/uploads\/sites\/4\/2024\/10\/tiziano-942x1024.jpg 942w, https:\/\/pages.lip.pt\/cms\/wp-content\/uploads\/sites\/4\/2024\/10\/tiziano-276x300.jpg 276w, https:\/\/pages.lip.pt\/cms\/wp-content\/uploads\/sites\/4\/2024\/10\/tiziano-768x835.jpg 768w, https:\/\/pages.lip.pt\/cms\/wp-content\/uploads\/sites\/4\/2024\/10\/tiziano.jpg 1246w\" sizes=\"(max-width: 767px) 89vw, (max-width: 1000px) 54vw, (max-width: 1071px) 543px, 580px\" \/><\/figure>\n<\/div>\n<\/div>\n\n\n\n<div class=\"wp-block-columns is-layout-flex wp-container-core-columns-is-layout-9d6595d7 wp-block-columns-is-layout-flex\">\n<div class=\"wp-block-column is-layout-flow wp-block-column-is-layout-flow\">\n<p>Giacomo Da Molin<br><small>PhD student<\/small><\/p>\n<\/div>\n\n\n\n<div class=\"wp-block-column is-layout-flow wp-block-column-is-layout-flow\">\n<figure class=\"wp-block-image size-full is-resized\"><img loading=\"lazy\" decoding=\"async\" width=\"640\" height=\"640\" src=\"https:\/\/pages.lip.pt\/cms\/wp-content\/uploads\/sites\/4\/2024\/10\/giacomo_nice.jpg\" alt=\"\" class=\"wp-image-311\" style=\"width:102px;height:auto\" srcset=\"https:\/\/pages.lip.pt\/cms\/wp-content\/uploads\/sites\/4\/2024\/10\/giacomo_nice.jpg 640w, https:\/\/pages.lip.pt\/cms\/wp-content\/uploads\/sites\/4\/2024\/10\/giacomo_nice-300x300.jpg 300w, https:\/\/pages.lip.pt\/cms\/wp-content\/uploads\/sites\/4\/2024\/10\/giacomo_nice-150x150.jpg 150w, https:\/\/pages.lip.pt\/cms\/wp-content\/uploads\/sites\/4\/2024\/10\/giacomo_nice-100x100.jpg 100w\" sizes=\"(max-width: 640px) 100vw, 640px\" \/><\/figure>\n<\/div>\n<\/div>\n\n\n\n<div class=\"wp-block-columns is-layout-flex wp-container-core-columns-is-layout-9d6595d7 wp-block-columns-is-layout-flex\">\n<div class=\"wp-block-column is-layout-flow wp-block-column-is-layout-flow\">\n<p>Michele Gallinaro<br><small>Researcher<\/small><a href=\"https:\/\/www.lip.pt\/?section=about&amp;page=person-details&amp;details&amp;id=586\"><\/a><\/p>\n<\/div>\n\n\n\n<div class=\"wp-block-column is-layout-flow wp-block-column-is-layout-flow\">\n<figure class=\"wp-block-image size-full\"><img loading=\"lazy\" decoding=\"async\" width=\"100\" height=\"100\" src=\"https:\/\/pages.lip.pt\/cms\/wp-content\/uploads\/sites\/4\/2020\/12\/271.jpg\" alt=\"\" class=\"wp-image-43\" \/><\/figure>\n<\/div>\n<\/div>\n\n\n\n<div class=\"wp-block-columns is-layout-flex wp-container-core-columns-is-layout-9d6595d7 wp-block-columns-is-layout-flex\">\n<div class=\"wp-block-column is-layout-flow wp-block-column-is-layout-flow\">\n<p>Jonathan Hollar<br><small>Researcher<\/small><a href=\"https:\/\/www.lip.pt\/?section=about&amp;page=person-details&amp;details&amp;id=48\"><\/a><\/p>\n<\/div>\n\n\n\n<div class=\"wp-block-column is-layout-flow wp-block-column-is-layout-flow\">\n<figure class=\"wp-block-image is-resized\"><a href=\"https:\/\/pages.lip.pt\/cms\/wp-content\/uploads\/sites\/4\/2020\/12\/604.jpg\"><img decoding=\"async\" src=\"https:\/\/pages.lip.pt\/cms\/wp-content\/uploads\/sites\/4\/2020\/12\/604-150x150.jpg\" alt=\"\" style=\"width:104px;height:auto\" \/><\/a><\/figure>\n<\/div>\n<\/div>\n\n\n\n<div class=\"wp-block-columns is-layout-flex wp-container-core-columns-is-layout-9d6595d7 wp-block-columns-is-layout-flex\">\n<div class=\"wp-block-column is-layout-flow wp-block-column-is-layout-flow\">\n<p>Henrique Legoinha<br><small>PhD student<\/small><\/p>\n<\/div>\n\n\n\n<div class=\"wp-block-column is-layout-flow wp-block-column-is-layout-flow\">\n<figure class=\"wp-block-image size-full is-resized\"><img loading=\"lazy\" decoding=\"async\" width=\"282\" height=\"352\" src=\"https:\/\/pages.lip.pt\/cms\/wp-content\/uploads\/sites\/4\/2024\/10\/henrique2.png\" alt=\"\" class=\"wp-image-326\" style=\"width:102px;height:auto\" srcset=\"https:\/\/pages.lip.pt\/cms\/wp-content\/uploads\/sites\/4\/2024\/10\/henrique2.png 282w, https:\/\/pages.lip.pt\/cms\/wp-content\/uploads\/sites\/4\/2024\/10\/henrique2-240x300.png 240w\" sizes=\"(max-width: 282px) 100vw, 282px\" \/><\/figure>\n<\/div>\n<\/div>\n\n\n\n<div class=\"wp-block-columns is-layout-flex wp-container-core-columns-is-layout-9d6595d7 wp-block-columns-is-layout-flex\">\n<div class=\"wp-block-column is-layout-flow wp-block-column-is-layout-flow\">\n<p>Nuno Leonardo<br><small>Researcher<\/small><a href=\"https:\/\/www.lip.pt\/?section=about&amp;page=person-details&amp;details&amp;id=564\"><\/a><\/p>\n<\/div>\n\n\n\n<div class=\"wp-block-column is-layout-flow wp-block-column-is-layout-flow\">\n<figure class=\"wp-block-image\"><a href=\"https:\/\/pages.lip.pt\/cms\/wp-content\/uploads\/sites\/4\/2020\/12\/570.jpg\"><img decoding=\"async\" src=\"https:\/\/pages.lip.pt\/cms\/wp-content\/uploads\/sites\/4\/2020\/12\/570.jpg\" alt=\"\" \/><\/a><\/figure>\n<\/div>\n<\/div>\n\n\n\n<div class=\"wp-block-columns is-layout-flex wp-container-core-columns-is-layout-9d6595d7 wp-block-columns-is-layout-flex\">\n<div class=\"wp-block-column is-layout-flow wp-block-column-is-layout-flow\">\n<p>Giovanni Battista Marozzo<br><small>PhD student<\/small><\/p>\n<\/div>\n\n\n\n<div class=\"wp-block-column is-layout-flow wp-block-column-is-layout-flow\">\n<figure class=\"wp-block-image size-full is-resized\"><img loading=\"lazy\" decoding=\"async\" width=\"272\" height=\"316\" src=\"https:\/\/pages.lip.pt\/cms\/wp-content\/uploads\/sites\/4\/2024\/11\/giovanni.png\" alt=\"\" class=\"wp-image-330\" style=\"width:109px;height:auto\" srcset=\"https:\/\/pages.lip.pt\/cms\/wp-content\/uploads\/sites\/4\/2024\/11\/giovanni.png 272w, https:\/\/pages.lip.pt\/cms\/wp-content\/uploads\/sites\/4\/2024\/11\/giovanni-258x300.png 258w\" sizes=\"(max-width: 272px) 100vw, 272px\" \/><\/figure>\n<\/div>\n<\/div>\n\n\n\n<div class=\"wp-block-columns is-layout-flex wp-container-core-columns-is-layout-9d6595d7 wp-block-columns-is-layout-flex\">\n<div class=\"wp-block-column is-layout-flow wp-block-column-is-layout-flow\">\n<p>Matteo Pisano<br><small>PhD student<\/small><\/p>\n<\/div>\n\n\n\n<div class=\"wp-block-column is-layout-flow wp-block-column-is-layout-flow\">\n<figure class=\"wp-block-image size-full is-resized\"><img loading=\"lazy\" decoding=\"async\" width=\"366\" height=\"380\" src=\"https:\/\/pages.lip.pt\/cms\/wp-content\/uploads\/sites\/4\/2024\/10\/matteo.png\" alt=\"\" class=\"wp-image-306\" style=\"width:108px;height:auto\" srcset=\"https:\/\/pages.lip.pt\/cms\/wp-content\/uploads\/sites\/4\/2024\/10\/matteo.png 366w, https:\/\/pages.lip.pt\/cms\/wp-content\/uploads\/sites\/4\/2024\/10\/matteo-289x300.png 289w\" sizes=\"(max-width: 366px) 100vw, 366px\" \/><\/figure>\n<\/div>\n<\/div>\n\n\n\n<div class=\"wp-block-columns is-layout-flex wp-container-core-columns-is-layout-9d6595d7 wp-block-columns-is-layout-flex\">\n<div class=\"wp-block-column is-layout-flow wp-block-column-is-layout-flow\">\n<p>Jo\u00e3o Seixas<br><small>Collaborator<\/small><a href=\"https:\/\/www.lip.pt\/?section=about&amp;page=person-details&amp;details&amp;id=61\"><\/a><\/p>\n<\/div>\n\n\n\n<div class=\"wp-block-column is-layout-flow wp-block-column-is-layout-flow\">\n<figure class=\"wp-block-image is-resized\"><a href=\"https:\/\/pages.lip.pt\/cms\/wp-content\/uploads\/sites\/4\/2020\/12\/228.jpg\"><img decoding=\"async\" src=\"https:\/\/pages.lip.pt\/cms\/wp-content\/uploads\/sites\/4\/2020\/12\/228-150x150.jpg\" alt=\"\" style=\"width:106px;height:auto\" \/><\/a><\/figure>\n<\/div>\n<\/div>\n\n\n\n<div class=\"wp-block-columns is-layout-flex wp-container-core-columns-is-layout-9d6595d7 wp-block-columns-is-layout-flex\">\n<div class=\"wp-block-column is-layout-flow wp-block-column-is-layout-flow\">\n<p>Crist\u00f3v\u00e3o Beir\u00e3o Da Cruz e Silva<br><small>Researcher<\/small><a href=\"https:\/\/www.lip.pt\/?section=about&amp;page=person-details&amp;details&amp;id=252\"><\/a><\/p>\n<\/div>\n\n\n\n<div class=\"wp-block-column is-layout-flow wp-block-column-is-layout-flow\">\n<figure class=\"wp-block-image size-full is-resized\"><img loading=\"lazy\" decoding=\"async\" width=\"314\" height=\"438\" src=\"https:\/\/pages.lip.pt\/cms\/wp-content\/uploads\/sites\/4\/2024\/10\/cristovao.png\" alt=\"\" class=\"wp-image-307\" style=\"width:99px;height:auto\" srcset=\"https:\/\/pages.lip.pt\/cms\/wp-content\/uploads\/sites\/4\/2024\/10\/cristovao.png 314w, https:\/\/pages.lip.pt\/cms\/wp-content\/uploads\/sites\/4\/2024\/10\/cristovao-215x300.png 215w\" sizes=\"(max-width: 314px) 100vw, 314px\" \/><\/figure>\n<\/div>\n<\/div>\n\n\n\n<div class=\"wp-block-columns is-layout-flex wp-container-core-columns-is-layout-9d6595d7 wp-block-columns-is-layout-flex\">\n<div class=\"wp-block-column is-layout-flow wp-block-column-is-layout-flow\">\n<p>Pedro Ferreira da Silva<br><small>Collaborator<\/small><a href=\"https:\/\/www.lip.pt\/?section=about&amp;page=person-details&amp;details&amp;id=358\"><\/a><\/p>\n<\/div>\n\n\n\n<div class=\"wp-block-column is-layout-flow wp-block-column-is-layout-flow\">\n<figure class=\"wp-block-image\"><a href=\"https:\/\/pages.lip.pt\/cms\/wp-content\/uploads\/sites\/4\/2020\/12\/252.jpg\"><img decoding=\"async\" src=\"https:\/\/pages.lip.pt\/cms\/wp-content\/uploads\/sites\/4\/2020\/12\/252.jpg\" alt=\"\" \/><\/a><\/figure>\n<\/div>\n<\/div>\n\n\n\n<div class=\"wp-block-columns is-layout-flex wp-container-core-columns-is-layout-9d6595d7 wp-block-columns-is-layout-flex\">\n<div class=\"wp-block-column is-layout-flow wp-block-column-is-layout-flow\">\n<p>Rui Pereira da Silva<br><small>Collaborator<\/small><\/p>\n<\/div>\n\n\n\n<div class=\"wp-block-column is-layout-flow wp-block-column-is-layout-flow\">\n<figure class=\"wp-block-image\"><a href=\"https:\/\/pages.lip.pt\/cms\/wp-content\/uploads\/sites\/4\/2020\/12\/389.jpg\"><img decoding=\"async\" src=\"https:\/\/pages.lip.pt\/cms\/wp-content\/uploads\/sites\/4\/2020\/12\/389.jpg\" alt=\"\" \/><\/a><\/figure>\n<\/div>\n<\/div>\n\n\n\n<div class=\"wp-block-columns is-layout-flex wp-container-core-columns-is-layout-9d6595d7 wp-block-columns-is-layout-flex\">\n<div class=\"wp-block-column is-layout-flow wp-block-column-is-layout-flow\">\n<p>Jo\u00e3o Varela<br><small>Researcher<\/small><a href=\"https:\/\/www.lip.pt\/?section=about&amp;page=person-details&amp;details&amp;id=604\"><\/a><\/p>\n<\/div>\n\n\n\n<div class=\"wp-block-column is-layout-flow wp-block-column-is-layout-flow\">\n<figure class=\"wp-block-image\"><a href=\"https:\/\/pages.lip.pt\/cms\/wp-content\/uploads\/sites\/4\/2020\/12\/61.jpg\"><img decoding=\"async\" src=\"https:\/\/pages.lip.pt\/cms\/wp-content\/uploads\/sites\/4\/2020\/12\/61.jpg\" alt=\"\" \/><\/a><\/figure>\n<\/div>\n<\/div>\n\n\n\n<div class=\"wp-block-columns is-layout-flex wp-container-core-columns-is-layout-9d6595d7 wp-block-columns-is-layout-flex\">\n<div class=\"wp-block-column is-layout-flow wp-block-column-is-layout-flow\">\n<p>Johan Wulff<br><small>PhD student<\/small><\/p>\n<\/div>\n\n\n\n<div class=\"wp-block-column is-layout-flow wp-block-column-is-layout-flow\">\n<figure class=\"wp-block-image size-full is-resized\"><img loading=\"lazy\" decoding=\"async\" width=\"260\" height=\"346\" src=\"https:\/\/pages.lip.pt\/cms\/wp-content\/uploads\/sites\/4\/2024\/10\/johan.png\" alt=\"\" class=\"wp-image-308\" style=\"width:97px;height:auto\" srcset=\"https:\/\/pages.lip.pt\/cms\/wp-content\/uploads\/sites\/4\/2024\/10\/johan.png 260w, https:\/\/pages.lip.pt\/cms\/wp-content\/uploads\/sites\/4\/2024\/10\/johan-225x300.png 225w\" sizes=\"(max-width: 260px) 100vw, 260px\" \/><\/figure>\n<\/div>\n<\/div>\n\n\n\n<div class=\"wp-block-columns is-layout-flex wp-container-core-columns-is-layout-9d6595d7 wp-block-columns-is-layout-flex\">\n<div class=\"wp-block-column is-layout-flow wp-block-column-is-layout-flow\">\n<p>Daniela Cardoso<br><small>Master Student<\/small><a href=\"https:\/\/www.lip.pt\/?section=about&amp;page=person-details&amp;details&amp;id=760\"><\/a><\/p>\n<\/div>\n\n\n\n<div class=\"wp-block-column is-layout-flow wp-block-column-is-layout-flow\">\n<figure class=\"wp-block-image\"><a href=\"https:\/\/pages.lip.pt\/cms\/wp-content\/uploads\/sites\/4\/2020\/12\/generic-profile.jpg\"><img decoding=\"async\" src=\"https:\/\/pages.lip.pt\/cms\/wp-content\/uploads\/sites\/4\/2020\/12\/generic-profile.jpg\" alt=\"\" \/><\/a><\/figure>\n<\/div>\n<\/div>\n\n\n\n<div class=\"wp-block-columns is-layout-flex wp-container-core-columns-is-layout-9d6595d7 wp-block-columns-is-layout-flex\">\n<div class=\"wp-block-column is-layout-flow wp-block-column-is-layout-flow\">\n<p>Madalena Ferreira<br><small>Master student<\/small><\/p>\n<\/div>\n\n\n\n<div class=\"wp-block-column is-layout-flow wp-block-column-is-layout-flow\">\n<figure class=\"wp-block-image size-full is-resized\"><img loading=\"lazy\" decoding=\"async\" width=\"310\" height=\"386\" src=\"https:\/\/pages.lip.pt\/cms\/wp-content\/uploads\/sites\/4\/2024\/11\/madalena.png\" alt=\"\" class=\"wp-image-328\" style=\"width:106px;height:auto\" srcset=\"https:\/\/pages.lip.pt\/cms\/wp-content\/uploads\/sites\/4\/2024\/11\/madalena.png 310w, https:\/\/pages.lip.pt\/cms\/wp-content\/uploads\/sites\/4\/2024\/11\/madalena-241x300.png 241w\" sizes=\"(max-width: 310px) 100vw, 310px\" \/><\/figure>\n<\/div>\n<\/div>\n\n\n\n<p><a href=\"https:\/\/www.lip.pt\/?section=about&amp;page=person-details&amp;details&amp;id=1012\"><\/a><\/p>\n\n\n\n<div class=\"wp-block-columns is-layout-flex wp-container-core-columns-is-layout-9d6595d7 wp-block-columns-is-layout-flex\">\n<div class=\"wp-block-column is-layout-flow wp-block-column-is-layout-flow\"><\/div>\n\n\n\n<div class=\"wp-block-column is-layout-flow wp-block-column-is-layout-flow\"><\/div>\n<\/div>\n\n\n\n<p><\/p>\n\n\n\n<p><\/p>\n\n\n\n<p><\/p>\n\n\n\n<p><a href=\"https:\/\/www.lip.pt\/?section=about&amp;page=person-details&amp;details&amp;id=338\"><\/a><\/p>\n","protected":false},"excerpt":{"rendered":"<p>Mariana Ara\u00fajoPhD Student Alessio BolettiResearcher Ricardo BugalhoCollaborator Tiziano CamporesiResearcher Giacomo Da MolinPhD student Michele GallinaroResearcher Jonathan HollarResearcher Henrique LegoinhaPhD student Nuno LeonardoResearcher Giovanni Battista MarozzoPhD student Matteo PisanoPhD student Jo\u00e3o SeixasCollaborator Crist\u00f3v\u00e3o Beir\u00e3o Da Cruz e SilvaResearcher Pedro Ferreira da SilvaCollaborator Rui Pereira da SilvaCollaborator Jo\u00e3o VarelaResearcher Johan WulffPhD student Daniela CardosoMaster Student Madalena FerreiraMaster &hellip; <\/p>\n<p class=\"link-more\"><a href=\"https:\/\/pages.lip.pt\/cms\/team\/\" class=\"more-link\">Continue reading<span class=\"screen-reader-text\"> &#8220;Team&#8221;<\/span><\/a><\/p>\n","protected":false},"author":2,"featured_media":0,"parent":0,"menu_order":0,"comment_status":"closed","ping_status":"closed","template":"","meta":{"footnotes":""},"class_list":["post-33","page","type-page","status-publish","hentry"],"_links":{"self":[{"href":"https:\/\/pages.lip.pt\/cms\/wp-json\/wp\/v2\/pages\/33","targetHints":{"allow":["GET"]}}],"collection":[{"href":"https:\/\/pages.lip.pt\/cms\/wp-json\/wp\/v2\/pages"}],"about":[{"href":"https:\/\/pages.lip.pt\/cms\/wp-json\/wp\/v2\/types\/page"}],"author":[{"embeddable":true,"href":"https:\/\/pages.lip.pt\/cms\/wp-json\/wp\/v2\/users\/2"}],"replies":[{"embeddable":true,"href":"https:\/\/pages.lip.pt\/cms\/wp-json\/wp\/v2\/comments?post=33"}],"version-history":[{"count":57,"href":"https:\/\/pages.lip.pt\/cms\/wp-json\/wp\/v2\/pages\/33\/revisions"}],"predecessor-version":[{"id":332,"href":"https:\/\/pages.lip.pt\/cms\/wp-json\/wp\/v2\/pages\/33\/revisions\/332"}],"wp:attachment":[{"href":"https:\/\/pages.lip.pt\/cms\/wp-json\/wp\/v2\/media?parent=33"}],"curies":[{"name":"wp","href":"https:\/\/api.w.org\/{rel}","templated":true}]}}