{"id":82,"date":"2021-04-07T11:44:56","date_gmt":"2021-04-07T11:44:56","guid":{"rendered":"https:\/\/pages.lip.pt\/cern-em-portugues\/?page_id=82"},"modified":"2024-05-14T10:46:55","modified_gmt":"2024-05-14T10:46:55","slug":"edicao-2021","status":"publish","type":"page","link":"https:\/\/pages.lip.pt\/cern-em-portugues\/edicao-2021\/","title":{"rendered":"Edi\u00e7\u00e3o 2024"},"content":{"rendered":"\n<p>A edi\u00e7\u00e3o deste ano ocorre de <strong>1 a 6 de setembro<\/strong>, no \u00e2mbito da celebra\u00e7\u00e3o dos 70 anos do CERN! <\/p>\n\n\n\n<p>As inscri\u00e7\u00f5es decorrem at\u00e9 20 de maio (2\u00aaFeira), 08h00 (em Lisboa), e o programa detalhado estar\u00e1 dispon\u00edvel na p\u00e1gina oficial da escola em:<\/p>\n\n\n\n<p><a href=\"https:\/\/indico.cern.ch\/event\/PTLTP24\" target=\"_blank\" rel=\"noreferrer noopener\">https:\/\/indico.cern.ch\/event\/PTLTP24<\/a><\/p>\n\n\n\n<figure class=\"wp-block-image size-large\"><img fetchpriority=\"high\" decoding=\"async\" width=\"1024\" height=\"1019\" src=\"https:\/\/pages.lip.pt\/cern-em-portugues\/wp-content\/uploads\/sites\/13\/2024\/05\/Portugal-1024x1019.png\" alt=\"\" class=\"wp-image-121\" srcset=\"https:\/\/pages.lip.pt\/cern-em-portugues\/wp-content\/uploads\/sites\/13\/2024\/05\/Portugal-1024x1019.png 1024w, https:\/\/pages.lip.pt\/cern-em-portugues\/wp-content\/uploads\/sites\/13\/2024\/05\/Portugal-300x298.png 300w, https:\/\/pages.lip.pt\/cern-em-portugues\/wp-content\/uploads\/sites\/13\/2024\/05\/Portugal-150x150.png 150w, https:\/\/pages.lip.pt\/cern-em-portugues\/wp-content\/uploads\/sites\/13\/2024\/05\/Portugal-768x764.png 768w, https:\/\/pages.lip.pt\/cern-em-portugues\/wp-content\/uploads\/sites\/13\/2024\/05\/Portugal-1536x1528.png 1536w, https:\/\/pages.lip.pt\/cern-em-portugues\/wp-content\/uploads\/sites\/13\/2024\/05\/Portugal-100x100.png 100w, https:\/\/pages.lip.pt\/cern-em-portugues\/wp-content\/uploads\/sites\/13\/2024\/05\/Portugal.png 1747w\" sizes=\"(max-width: 767px) 89vw, (max-width: 1000px) 54vw, (max-width: 1071px) 543px, 580px\" \/><\/figure>\n","protected":false},"excerpt":{"rendered":"<p>A edi\u00e7\u00e3o deste ano ocorre de 1 a 6 de setembro, no \u00e2mbito da celebra\u00e7\u00e3o dos 70 anos do CERN! As inscri\u00e7\u00f5es decorrem at\u00e9 20 de maio (2\u00aaFeira), 08h00 (em Lisboa), e o programa detalhado estar\u00e1 dispon\u00edvel na p\u00e1gina oficial da escola em: https:\/\/indico.cern.ch\/event\/PTLTP24<\/p>\n","protected":false},"author":2,"featured_media":0,"parent":0,"menu_order":0,"comment_status":"closed","ping_status":"closed","template":"","meta":{"footnotes":""},"class_list":["post-82","page","type-page","status-publish","hentry"],"_links":{"self":[{"href":"https:\/\/pages.lip.pt\/cern-em-portugues\/wp-json\/wp\/v2\/pages\/82","targetHints":{"allow":["GET"]}}],"collection":[{"href":"https:\/\/pages.lip.pt\/cern-em-portugues\/wp-json\/wp\/v2\/pages"}],"about":[{"href":"https:\/\/pages.lip.pt\/cern-em-portugues\/wp-json\/wp\/v2\/types\/page"}],"author":[{"embeddable":true,"href":"https:\/\/pages.lip.pt\/cern-em-portugues\/wp-json\/wp\/v2\/users\/2"}],"replies":[{"embeddable":true,"href":"https:\/\/pages.lip.pt\/cern-em-portugues\/wp-json\/wp\/v2\/comments?post=82"}],"version-history":[{"count":2,"href":"https:\/\/pages.lip.pt\/cern-em-portugues\/wp-json\/wp\/v2\/pages\/82\/revisions"}],"predecessor-version":[{"id":122,"href":"https:\/\/pages.lip.pt\/cern-em-portugues\/wp-json\/wp\/v2\/pages\/82\/revisions\/122"}],"wp:attachment":[{"href":"https:\/\/pages.lip.pt\/cern-em-portugues\/wp-json\/wp\/v2\/media?parent=82"}],"curies":[{"name":"wp","href":"https:\/\/api.w.org\/{rel}","templated":true}]}}