{"id":13,"date":"2021-04-07T10:17:31","date_gmt":"2021-04-07T10:17:31","guid":{"rendered":"https:\/\/pages.lip.pt\/cern-em-portugues\/?page_id=13"},"modified":"2024-05-07T10:27:19","modified_gmt":"2024-05-07T10:27:19","slug":"home","status":"publish","type":"page","link":"https:\/\/pages.lip.pt\/cern-em-portugues\/","title":{"rendered":"Sobre o Est\u00e1gio"},"content":{"rendered":"\n<p>O&nbsp;<strong>LIP<\/strong>&nbsp;e o&nbsp;<strong>CERN<\/strong>&nbsp;organizam em conjunto uma&nbsp;<strong>Escola de Ver\u00e3o no CERN<\/strong>, em L\u00edngua Portuguesa em Setembro.<\/p>\n\n\n\n<p>Convidam-se Professores de Escolas Portuguesas, na \u00e1rea das Ci\u00eancias F\u00edsico-Qu\u00edmicas, a participarem num est\u00e1gio no&nbsp;<strong>CERN<\/strong>, constituido por palestras feitas por investigadores a trabalhar no&nbsp;<strong>CERN<\/strong>, e por visitas guiadas aos v\u00e1rios aspectos do Laborat\u00f3rio (experi\u00eancias e aceleradores). A l\u00edngua de trabalho deste est\u00e1gio \u00e9 o Portugu\u00eas, e os Professores ser\u00e3o acompanhados por investigadores portugueses. Todos os custos (viagem, alojamento e alimenta\u00e7\u00e3o) ser\u00e3o suportados pelo&nbsp;<strong>LIP<\/strong>, e os participantes devem chegar ao&nbsp;<strong>CERN<\/strong>&nbsp;at\u00e9 \u00e0s 14h00 do dia de in\u00edcio do est\u00e1gio.<\/p>\n\n\n\n<p>O LIP enquanto entidade formadora ir\u00e1 proceder \u00e0 avalia\u00e7\u00e3o e certifica\u00e7\u00e3o dos formandos usando para tal uma escala de 1 a 10, de acordo com os termos de orienta\u00e7\u00e3o conjunta CCPFC\/DGRHE. &nbsp;<\/p>\n\n\n\n<p><em>Este curso \u00e9 acreditado pelo Conselho Cient\u00edfico-Pedag\u00f3gico da Forma\u00e7\u00e3o Cont\u00ednua com o registo de acredita\u00e7\u00e3o: CCPFC\/ACC-120307\/23.<\/em> \u00a0\u00a0<a href=\"https:\/\/pages.lip.pt\/cern-em-portugues\/wp-content\/uploads\/sites\/13\/2024\/05\/Acreditacao_EstagiosCERN-Mai2026.pdf\" target=\"_blank\" rel=\"noreferrer noopener\">+ detalhes<\/a><\/p>\n\n\n\n<p><\/p>\n\n\n\n<figure class=\"wp-block-gallery has-nested-images columns-default is-cropped wp-block-gallery-1 is-layout-flex wp-block-gallery-is-layout-flex\">\n<figure class=\"wp-block-image size-large\"><img fetchpriority=\"high\" decoding=\"async\" width=\"1024\" height=\"768\" data-id=\"49\" src=\"https:\/\/pages.lip.pt\/cern-em-portugues\/wp-content\/uploads\/sites\/13\/2021\/04\/1365-1024-2-1024x768.jpg\" alt=\"\" class=\"wp-image-49\" srcset=\"https:\/\/pages.lip.pt\/cern-em-portugues\/wp-content\/uploads\/sites\/13\/2021\/04\/1365-1024-2-1024x768.jpg 1024w, https:\/\/pages.lip.pt\/cern-em-portugues\/wp-content\/uploads\/sites\/13\/2021\/04\/1365-1024-2-300x225.jpg 300w, https:\/\/pages.lip.pt\/cern-em-portugues\/wp-content\/uploads\/sites\/13\/2021\/04\/1365-1024-2-768x576.jpg 768w, https:\/\/pages.lip.pt\/cern-em-portugues\/wp-content\/uploads\/sites\/13\/2021\/04\/1365-1024-2.jpg 1365w\" sizes=\"(max-width: 767px) 89vw, (max-width: 1000px) 54vw, (max-width: 1071px) 543px, 580px\" \/><\/figure>\n\n\n\n<figure class=\"wp-block-image size-large\"><img decoding=\"async\" width=\"1024\" height=\"768\" data-id=\"48\" src=\"https:\/\/pages.lip.pt\/cern-em-portugues\/wp-content\/uploads\/sites\/13\/2021\/04\/1365-1024-3-1024x768.jpg\" alt=\"\" class=\"wp-image-48\" srcset=\"https:\/\/pages.lip.pt\/cern-em-portugues\/wp-content\/uploads\/sites\/13\/2021\/04\/1365-1024-3-1024x768.jpg 1024w, https:\/\/pages.lip.pt\/cern-em-portugues\/wp-content\/uploads\/sites\/13\/2021\/04\/1365-1024-3-300x225.jpg 300w, https:\/\/pages.lip.pt\/cern-em-portugues\/wp-content\/uploads\/sites\/13\/2021\/04\/1365-1024-3-768x576.jpg 768w, https:\/\/pages.lip.pt\/cern-em-portugues\/wp-content\/uploads\/sites\/13\/2021\/04\/1365-1024-3.jpg 1365w\" sizes=\"(max-width: 767px) 89vw, (max-width: 1000px) 54vw, (max-width: 1071px) 543px, 580px\" \/><\/figure>\n\n\n\n<figure class=\"wp-block-image size-large\"><img decoding=\"async\" width=\"1024\" height=\"683\" data-id=\"46\" src=\"https:\/\/pages.lip.pt\/cern-em-portugues\/wp-content\/uploads\/sites\/13\/2021\/04\/1536-1024-2-1024x683.jpg\" alt=\"\" class=\"wp-image-46\" srcset=\"https:\/\/pages.lip.pt\/cern-em-portugues\/wp-content\/uploads\/sites\/13\/2021\/04\/1536-1024-2-1024x683.jpg 1024w, https:\/\/pages.lip.pt\/cern-em-portugues\/wp-content\/uploads\/sites\/13\/2021\/04\/1536-1024-2-300x200.jpg 300w, https:\/\/pages.lip.pt\/cern-em-portugues\/wp-content\/uploads\/sites\/13\/2021\/04\/1536-1024-2-768x512.jpg 768w, https:\/\/pages.lip.pt\/cern-em-portugues\/wp-content\/uploads\/sites\/13\/2021\/04\/1536-1024-2.jpg 1536w\" sizes=\"(max-width: 767px) 89vw, (max-width: 1000px) 54vw, (max-width: 1071px) 543px, 580px\" \/><\/figure>\n\n\n\n<figure class=\"wp-block-image size-large\"><img loading=\"lazy\" decoding=\"async\" width=\"1024\" height=\"683\" data-id=\"53\" src=\"https:\/\/pages.lip.pt\/cern-em-portugues\/wp-content\/uploads\/sites\/13\/2021\/04\/1536-1024-1-1024x683.jpg\" alt=\"\" class=\"wp-image-53\" srcset=\"https:\/\/pages.lip.pt\/cern-em-portugues\/wp-content\/uploads\/sites\/13\/2021\/04\/1536-1024-1-1024x683.jpg 1024w, https:\/\/pages.lip.pt\/cern-em-portugues\/wp-content\/uploads\/sites\/13\/2021\/04\/1536-1024-1-300x200.jpg 300w, https:\/\/pages.lip.pt\/cern-em-portugues\/wp-content\/uploads\/sites\/13\/2021\/04\/1536-1024-1-768x512.jpg 768w, https:\/\/pages.lip.pt\/cern-em-portugues\/wp-content\/uploads\/sites\/13\/2021\/04\/1536-1024-1.jpg 1536w\" sizes=\"(max-width: 767px) 89vw, (max-width: 1000px) 54vw, (max-width: 1071px) 543px, 580px\" \/><\/figure>\n\n\n\n<figure class=\"wp-block-image size-large\"><img loading=\"lazy\" decoding=\"async\" width=\"1024\" height=\"683\" data-id=\"45\" src=\"https:\/\/pages.lip.pt\/cern-em-portugues\/wp-content\/uploads\/sites\/13\/2021\/04\/1536-1024-3-1024x683.jpg\" alt=\"\" class=\"wp-image-45\" srcset=\"https:\/\/pages.lip.pt\/cern-em-portugues\/wp-content\/uploads\/sites\/13\/2021\/04\/1536-1024-3-1024x683.jpg 1024w, https:\/\/pages.lip.pt\/cern-em-portugues\/wp-content\/uploads\/sites\/13\/2021\/04\/1536-1024-3-300x200.jpg 300w, https:\/\/pages.lip.pt\/cern-em-portugues\/wp-content\/uploads\/sites\/13\/2021\/04\/1536-1024-3-768x512.jpg 768w, https:\/\/pages.lip.pt\/cern-em-portugues\/wp-content\/uploads\/sites\/13\/2021\/04\/1536-1024-3.jpg 1536w\" sizes=\"(max-width: 767px) 89vw, (max-width: 1000px) 54vw, (max-width: 1071px) 543px, 580px\" \/><\/figure>\n\n\n\n<figure class=\"wp-block-image size-large\"><img loading=\"lazy\" decoding=\"async\" width=\"1024\" height=\"768\" data-id=\"43\" src=\"https:\/\/pages.lip.pt\/cern-em-portugues\/wp-content\/uploads\/sites\/13\/2021\/04\/1365-1024-5-1024x768.jpg\" alt=\"\" class=\"wp-image-43\" srcset=\"https:\/\/pages.lip.pt\/cern-em-portugues\/wp-content\/uploads\/sites\/13\/2021\/04\/1365-1024-5-1024x768.jpg 1024w, https:\/\/pages.lip.pt\/cern-em-portugues\/wp-content\/uploads\/sites\/13\/2021\/04\/1365-1024-5-300x225.jpg 300w, https:\/\/pages.lip.pt\/cern-em-portugues\/wp-content\/uploads\/sites\/13\/2021\/04\/1365-1024-5-768x576.jpg 768w, https:\/\/pages.lip.pt\/cern-em-portugues\/wp-content\/uploads\/sites\/13\/2021\/04\/1365-1024-5.jpg 1365w\" sizes=\"(max-width: 767px) 89vw, (max-width: 1000px) 54vw, (max-width: 1071px) 543px, 580px\" \/><\/figure>\n\n\n\n<figure class=\"wp-block-image size-large\"><img loading=\"lazy\" decoding=\"async\" width=\"1024\" height=\"768\" data-id=\"40\" src=\"https:\/\/pages.lip.pt\/cern-em-portugues\/wp-content\/uploads\/sites\/13\/2021\/04\/1365-1024-8-1024x768.jpg\" alt=\"\" class=\"wp-image-40\" srcset=\"https:\/\/pages.lip.pt\/cern-em-portugues\/wp-content\/uploads\/sites\/13\/2021\/04\/1365-1024-8-1024x768.jpg 1024w, https:\/\/pages.lip.pt\/cern-em-portugues\/wp-content\/uploads\/sites\/13\/2021\/04\/1365-1024-8-300x225.jpg 300w, https:\/\/pages.lip.pt\/cern-em-portugues\/wp-content\/uploads\/sites\/13\/2021\/04\/1365-1024-8-768x576.jpg 768w, https:\/\/pages.lip.pt\/cern-em-portugues\/wp-content\/uploads\/sites\/13\/2021\/04\/1365-1024-8.jpg 1365w\" sizes=\"(max-width: 767px) 89vw, (max-width: 1000px) 54vw, (max-width: 1071px) 543px, 580px\" \/><\/figure>\n\n\n\n<figure class=\"wp-block-image size-large\"><img loading=\"lazy\" decoding=\"async\" width=\"960\" height=\"720\" data-id=\"9\" src=\"https:\/\/pages.lip.pt\/cern-em-portugues\/wp-content\/uploads\/sites\/13\/2021\/04\/escolaprofs2.jpg\" alt=\"\" class=\"wp-image-9\" srcset=\"https:\/\/pages.lip.pt\/cern-em-portugues\/wp-content\/uploads\/sites\/13\/2021\/04\/escolaprofs2.jpg 960w, https:\/\/pages.lip.pt\/cern-em-portugues\/wp-content\/uploads\/sites\/13\/2021\/04\/escolaprofs2-300x225.jpg 300w, https:\/\/pages.lip.pt\/cern-em-portugues\/wp-content\/uploads\/sites\/13\/2021\/04\/escolaprofs2-768x576.jpg 768w\" sizes=\"(max-width: 767px) 89vw, (max-width: 1000px) 54vw, (max-width: 1071px) 543px, 580px\" \/><\/figure>\n\n\n\n<figure class=\"wp-block-image size-large\"><img loading=\"lazy\" decoding=\"async\" width=\"960\" height=\"480\" data-id=\"7\" src=\"https:\/\/pages.lip.pt\/cern-em-portugues\/wp-content\/uploads\/sites\/13\/2021\/04\/2018-09-10-631.jpg\" alt=\"\" class=\"wp-image-7\" srcset=\"https:\/\/pages.lip.pt\/cern-em-portugues\/wp-content\/uploads\/sites\/13\/2021\/04\/2018-09-10-631.jpg 960w, https:\/\/pages.lip.pt\/cern-em-portugues\/wp-content\/uploads\/sites\/13\/2021\/04\/2018-09-10-631-300x150.jpg 300w, https:\/\/pages.lip.pt\/cern-em-portugues\/wp-content\/uploads\/sites\/13\/2021\/04\/2018-09-10-631-768x384.jpg 768w\" sizes=\"(max-width: 767px) 89vw, (max-width: 1000px) 54vw, (max-width: 1071px) 543px, 580px\" \/><\/figure>\n<\/figure>\n","protected":false},"excerpt":{"rendered":"<p>O&nbsp;LIP&nbsp;e o&nbsp;CERN&nbsp;organizam em conjunto uma&nbsp;Escola de Ver\u00e3o no CERN, em L\u00edngua Portuguesa em Setembro. Convidam-se Professores de Escolas Portuguesas, na \u00e1rea das Ci\u00eancias F\u00edsico-Qu\u00edmicas, a participarem num est\u00e1gio no&nbsp;CERN, constituido por palestras feitas por investigadores a trabalhar no&nbsp;CERN, e por visitas guiadas aos v\u00e1rios aspectos do Laborat\u00f3rio (experi\u00eancias e aceleradores). A l\u00edngua de trabalho deste &hellip; <\/p>\n<p class=\"link-more\"><a href=\"https:\/\/pages.lip.pt\/cern-em-portugues\/\" class=\"more-link\">Continue reading<span class=\"screen-reader-text\"> &#8220;Sobre o Est\u00e1gio&#8221;<\/span><\/a><\/p>\n","protected":false},"author":22,"featured_media":0,"parent":0,"menu_order":0,"comment_status":"closed","ping_status":"closed","template":"","meta":{"footnotes":""},"class_list":["post-13","page","type-page","status-publish","hentry"],"_links":{"self":[{"href":"https:\/\/pages.lip.pt\/cern-em-portugues\/wp-json\/wp\/v2\/pages\/13","targetHints":{"allow":["GET"]}}],"collection":[{"href":"https:\/\/pages.lip.pt\/cern-em-portugues\/wp-json\/wp\/v2\/pages"}],"about":[{"href":"https:\/\/pages.lip.pt\/cern-em-portugues\/wp-json\/wp\/v2\/types\/page"}],"author":[{"embeddable":true,"href":"https:\/\/pages.lip.pt\/cern-em-portugues\/wp-json\/wp\/v2\/users\/22"}],"replies":[{"embeddable":true,"href":"https:\/\/pages.lip.pt\/cern-em-portugues\/wp-json\/wp\/v2\/comments?post=13"}],"version-history":[{"count":10,"href":"https:\/\/pages.lip.pt\/cern-em-portugues\/wp-json\/wp\/v2\/pages\/13\/revisions"}],"predecessor-version":[{"id":117,"href":"https:\/\/pages.lip.pt\/cern-em-portugues\/wp-json\/wp\/v2\/pages\/13\/revisions\/117"}],"wp:attachment":[{"href":"https:\/\/pages.lip.pt\/cern-em-portugues\/wp-json\/wp\/v2\/media?parent=13"}],"curies":[{"name":"wp","href":"https:\/\/api.w.org\/{rel}","templated":true}]}}