{"id":26,"date":"2021-01-11T18:15:02","date_gmt":"2021-01-11T18:15:02","guid":{"rendered":"https:\/\/pages.lip.pt\/auger\/?page_id=26"},"modified":"2021-07-07T13:03:25","modified_gmt":"2021-07-07T13:03:25","slug":"public-data","status":"publish","type":"page","link":"https:\/\/pages.lip.pt\/auger\/public-data\/","title":{"rendered":"Public Data"},"content":{"rendered":"\n<p class=\"has-cyan-bluish-gray-color has-text-color\">The Pierre Auger Collaboration makes public 10% of the surface detector data for education and outreach activities , in a webpage updated yearly. The LIP team has developed several materials for those who want to explore it more deeply.<\/p>\n\n\n\n<div class=\"wp-block-group\"><div class=\"wp-block-group__inner-container is-layout-flow wp-block-group-is-layout-flow\">\n<p>A Colabora\u00e7\u00e3o Pierre Auger disponibiliza 10% dos dados que recolhe desde 2004 para atividades de educa\u00e7\u00e3o e divulga\u00e7\u00e3o, numa p\u00e1gina que \u00e9 actualizada anualmente. No LIP temos desenvolvido materiais para apoiar quem queira explorar estes dados de forma mais completa.<\/p>\n\n\n\n<div class=\"wp-block-columns is-layout-flex wp-container-core-columns-is-layout-9d6595d7 wp-block-columns-is-layout-flex\">\n<div class=\"wp-block-column is-vertically-aligned-top is-layout-flow wp-block-column-is-layout-flow\" style=\"flex-basis:100%\">\n<div class=\"wp-block-columns are-vertically-aligned-top is-layout-flex wp-container-core-columns-is-layout-9d6595d7 wp-block-columns-is-layout-flex\">\n<div class=\"wp-block-column is-vertically-aligned-top is-layout-flow wp-block-column-is-layout-flow\" style=\"flex-basis:100%\">\n<div class=\"wp-block-group\"><div class=\"wp-block-group__inner-container is-layout-flow wp-block-group-is-layout-flow\">\n<div class=\"wp-block-columns is-layout-flex wp-container-core-columns-is-layout-9d6595d7 wp-block-columns-is-layout-flex\">\n<div class=\"wp-block-column is-layout-flow wp-block-column-is-layout-flow\" style=\"flex-basis:33.33%\">\n<p><a rel=\"noreferrer noopener\" href=\"https:\/\/labdpr.cab.cnea.gov.ar\/ED\/index.php?lang=pt\" target=\"_blank\">Dados P\u00fablicos de Auger&nbsp;<\/a><\/p>\n\n\n\n<div class=\"wp-block-group is-layout-flow wp-block-group-is-layout-flow\"><div class=\"wp-block-group__inner-container\"><\/div><\/div>\n<\/div>\n\n\n\n<div class=\"wp-block-column is-layout-flow wp-block-column-is-layout-flow\" style=\"flex-basis:33.33%\">\n<p class=\"has-cyan-bluish-gray-color has-text-color\"><a rel=\"noreferrer noopener\" href=\"https:\/\/labdpr.cab.cnea.gov.ar\/ED\/index.php?lang=en\" target=\"_blank\">Public Data in english<\/a><\/p>\n<\/div>\n\n\n\n<div class=\"wp-block-column is-layout-flow wp-block-column-is-layout-flow\" style=\"flex-basis:33.33%\">\n<p class=\"has-vivid-purple-color has-text-color\"><em><a rel=\"noreferrer noopener\" href=\"https:\/\/labdpr.cab.cnea.gov.ar\/ED\/index.php?lang=es\" target=\"_blank\">Datos Publicos en espa\u00f1ol<\/a><\/em><\/p>\n<\/div>\n<\/div>\n<\/div><\/div>\n<\/div>\n<\/div>\n\n\n\n<div class=\"wp-block-group\"><div class=\"wp-block-group__inner-container is-layout-flow wp-block-group-is-layout-flow\">\n<p><a href=\"https:\/\/opendata.auger.org\/\">Dados Abertos \/ Open Data<\/a><\/p>\n\n\n\n<p><span class=\"has-inline-color has-cyan-bluish-gray-color\">In 2021, further data is made available for a more complete use by an enlarged community. 10% of the data collected by both the surface and the fluorescence detector are released. Example analysis codes that allow the reproduction of some of the published results or development of new analyses are available.<\/span><br><br>Em 2021, a colabora\u00e7\u00e3o disponibiliza dados para utiliza\u00e7\u00e3o por uma comunidade alargada. S\u00e3o disponibilizados 10% dos dados dos detetores de superf\u00edcie e de fluoresc\u00eancia. Estes dados s\u00e3o acompanhados por exemplos de c\u00f3digos de an\u00e1lise que permitem reproduzir os resultados de algumas das publica\u00e7\u00f5es cient\u00edficas, e tamb\u00e9m o desenvolvimento de novas an\u00e1lises independentes.<br><\/p>\n<\/div><\/div>\n<\/div>\n<\/div>\n<\/div><\/div>\n\n\n\n<p><strong><a href=\"http:\/\/wminho.lip.pt\/AugerVisualizer\/\" target=\"_blank\" rel=\"noreferrer noopener\">Auger 3D-interactive visualizer<\/a><\/strong><br><\/p>\n\n\n\n<figure class=\"wp-block-image size-large\"><img fetchpriority=\"high\" decoding=\"async\" width=\"1024\" height=\"576\" src=\"https:\/\/pages.lip.pt\/auger\/wp-content\/uploads\/sites\/6\/2021\/01\/Auger_ScreenShot_3D_small.jpg\" alt=\"\" class=\"wp-image-27\" srcset=\"https:\/\/pages.lip.pt\/auger\/wp-content\/uploads\/sites\/6\/2021\/01\/Auger_ScreenShot_3D_small.jpg 1024w, https:\/\/pages.lip.pt\/auger\/wp-content\/uploads\/sites\/6\/2021\/01\/Auger_ScreenShot_3D_small-300x169.jpg 300w, https:\/\/pages.lip.pt\/auger\/wp-content\/uploads\/sites\/6\/2021\/01\/Auger_ScreenShot_3D_small-768x432.jpg 768w\" sizes=\"(max-width: 767px) 89vw, (max-width: 1000px) 54vw, (max-width: 1071px) 543px, 580px\" \/><\/figure>\n\n\n\n<h4 class=\"wp-block-heading\"><strong>Hands on Cosmic rays @ the Pierre Auger Observatory<\/strong><\/h4>\n\n\n\n<p>Uma proposta de trabalho para um dia. S\u00e3o propostos sete desafios que podem ser trabalhados por grupos diferentes. No final, \u00e9 da discuss\u00e3o conjunta dos resultados obtidos que emerge uma imagem completa da reconstru\u00e7\u00e3o dos chuveiros de raios c\u00f3smicos em Auger.<\/p>\n\n\n\n<div class=\"wp-block-group\"><div class=\"wp-block-group__inner-container is-layout-flow wp-block-group-is-layout-flow\">\n<ul class=\"wp-block-list\"><li><a rel=\"noreferrer noopener\" href=\"http:\/\/www.lip.pt\/%7Eauger\/DadosPublicos\/handsOnCRAugerGuias.pdf\" target=\"_blank\">Guia de trabalho<\/a><\/li><li><a rel=\"noreferrer noopener\" href=\"http:\/\/www.lip.pt\/%7Eauger\/DadosPublicos\/public_data_2.root\" target=\"_blank\">Tree ROOT com os dados<\/a><\/li><li><a href=\"http:\/\/www.lip.pt\/%7Eauger\/DadosPublicos\/TestTreeAuger.C\">Exemplo de macro ROOT para analisar os dados<\/a><\/li><\/ul>\n<\/div><\/div>\n\n\n\n<h4 class=\"wp-block-heading\"><strong>Perguntas e Respostas sobre os raios c\u00f3smicos de energia Extrema<\/strong><\/h4>\n\n\n\n<p>Um guia que pode ser usado, por exemplo nas escolas. S\u00e3o propostos dois n\u00edveis de dificuldade:<\/p>\n\n\n\n<ul class=\"has-black-color has-text-color wp-block-list\"><li><a href=\"http:\/\/www.lip.pt\/%7Eauger\/DadosPublicos\/RaiosCosmicos-GuiaAluno-VersaoSimplex.Final.pdf\" target=\"_blank\" rel=\"noreferrer noopener\">Guia do aluno (A partir do 10\u00ba ano)<\/a><\/li><li><a href=\"http:\/\/www.lip.pt\/%7Eauger\/DadosPublicos\/RaiosCosmicos-GuiaAluno.pdf\" target=\"_blank\" rel=\"noreferrer noopener\">Guia do aluno (<\/a><a href=\"http:\/\/www.lip.pt\/%7Eauger\/DadosPublicos\/RaiosCosmicos-GuiaAluno.pdf\" target=\"_blank\" rel=\"noreferrer noopener\">A<\/a><a href=\"http:\/\/www.lip.pt\/%7Eauger\/DadosPublicos\/RaiosCosmicos-GuiaAluno.pdf\" target=\"_blank\" rel=\"noreferrer noopener\"> partir do 12\u00ba ano)<\/a> (<a href=\"http:\/\/www.lip.pt\/%7Eauger\/DadosPublicos\/CosmicRayAdventure2012Gap-EN-part1.pdf\" target=\"_blank\" rel=\"noreferrer noopener\">Student g<\/a><a href=\"http:\/\/www.lip.pt\/%7Eauger\/DadosPublicos\/CosmicRayAdventure2012Gap-EN-part1.pdf\" target=\"_blank\" rel=\"noreferrer noopener\">ui<\/a><a href=\"http:\/\/www.lip.pt\/%7Eauger\/DadosPublicos\/CosmicRayAdventure2012Gap-EN-part1.pdf\" target=\"_blank\" rel=\"noreferrer noopener\">de in english)<\/a><a href=\"http:\/\/www.lip.pt\/%7Eauger\/DadosPublicos\/CosmicRayAdventure2012Gap-ES-part1.pdf\"> (y en e<\/a><a href=\"http:\/\/www.lip.pt\/%7Eauger\/DadosPublicos\/CosmicRayAdventure2012Gap-ES-part1.pdf\" target=\"_blank\" rel=\"noreferrer noopener\">spa\u00f1ol)<\/a><\/li><li><a href=\"http:\/\/labdpr.cab.cnea.gov.ar\/ED-pt\/index.php\" target=\"_blank\" rel=\"noreferrer noopener\">Dados P\u00fablicos de Auger<\/a>&nbsp; <a href=\"http:\/\/labdpr.cab.cnea.gov.ar\/ED-en\/index.php\" target=\"_blank\" rel=\"noreferrer noopener\">(Auger Public Data in english)<\/a> <a href=\"http:\/\/labdpr.cab.cnea.gov.ar\/ED-es\/index.php\" target=\"_blank\" rel=\"noreferrer noopener\">(y en espa\u00f1ol)<\/a><\/li><\/ul>\n\n\n\n<p>Links \u00fateis: <a href=\"http:\/\/root.cern.ch\/\" target=\"_blank\" rel=\"noreferrer noopener\">ROOT<\/a> \/ <a href=\"http:\/\/www.auger.org\/\" target=\"_blank\" rel=\"noreferrer noopener\">Auger<\/a> \/ <a href=\"http:\/\/www.lip.pt\/\" target=\"_blank\" rel=\"noreferrer noopener\">LIP<\/a><\/p>\n\n\n\n<p><strong>Contactos:<\/strong><br>catarina@lip.pt, sofia@lip.pt<br><br>Por favor contacte-nos para esclarecer d\u00favidas, obter informa\u00e7\u00e3o ou materiais de apoio.<br>As resolu\u00e7\u00f5es dos exerc\u00edcios ser\u00e3o disponibilizadas aos professores que pretendam utilizar os guias nas escolas.<\/p>\n","protected":false},"excerpt":{"rendered":"<p>The Pierre Auger Collaboration makes public 10% of the surface detector data for education and outreach activities , in a webpage updated yearly. The LIP team has developed several materials for those who want to explore it more deeply. A Colabora\u00e7\u00e3o Pierre Auger disponibiliza 10% dos dados que recolhe desde 2004 para atividades de educa\u00e7\u00e3o &hellip; <\/p>\n<p class=\"link-more\"><a href=\"https:\/\/pages.lip.pt\/auger\/public-data\/\" class=\"more-link\">Continue reading<span class=\"screen-reader-text\"> &#8220;Public Data&#8221;<\/span><\/a><\/p>\n","protected":false},"author":1,"featured_media":0,"parent":0,"menu_order":0,"comment_status":"closed","ping_status":"closed","template":"","meta":{"footnotes":""},"class_list":["post-26","page","type-page","status-publish","hentry"],"_links":{"self":[{"href":"https:\/\/pages.lip.pt\/auger\/wp-json\/wp\/v2\/pages\/26","targetHints":{"allow":["GET"]}}],"collection":[{"href":"https:\/\/pages.lip.pt\/auger\/wp-json\/wp\/v2\/pages"}],"about":[{"href":"https:\/\/pages.lip.pt\/auger\/wp-json\/wp\/v2\/types\/page"}],"author":[{"embeddable":true,"href":"https:\/\/pages.lip.pt\/auger\/wp-json\/wp\/v2\/users\/1"}],"replies":[{"embeddable":true,"href":"https:\/\/pages.lip.pt\/auger\/wp-json\/wp\/v2\/comments?post=26"}],"version-history":[{"count":10,"href":"https:\/\/pages.lip.pt\/auger\/wp-json\/wp\/v2\/pages\/26\/revisions"}],"predecessor-version":[{"id":226,"href":"https:\/\/pages.lip.pt\/auger\/wp-json\/wp\/v2\/pages\/26\/revisions\/226"}],"wp:attachment":[{"href":"https:\/\/pages.lip.pt\/auger\/wp-json\/wp\/v2\/media?parent=26"}],"curies":[{"name":"wp","href":"https:\/\/api.w.org\/{rel}","templated":true}]}}